{"id":76,"date":"2020-04-17T12:25:26","date_gmt":"2020-04-17T10:25:26","guid":{"rendered":"https:\/\/preprod.preprod.beauxarts-cie.com\/consulting\/?page_id=76"},"modified":"2020-04-23T11:12:34","modified_gmt":"2020-04-23T09:12:34","slug":"lieu-touristique-et-culturel-international","status":"publish","type":"page","link":"https:\/\/preprod.beauxarts-cie.com\/consulting\/projets\/lieu-touristique-et-culturel-international\/","title":{"rendered":"Accompagnement \u00e0 la cr\u00e9ation d\u2019une biennale d\u2019art contemporain et d\u2019un festival de cin\u00e9ma"},"content":{"rendered":"\n<div class=\"wp-block-columns refId\">\n<div class=\"wp-block-column\">\n<h2 class=\"has-text-align-left\">Client : lieu touristique et culturel international<\/h2>\n<\/div>\n\n\n\n<div class=\"wp-block-column\">\n<p>Temporalit\u00e9 : 2019-2020<br>Domaines : Cr\u00e9ation d\u2019un lieu culturel, programmation, \u00e9v\u00e8nements, mod\u00e9lisation \u00e9conomique<\/p>\n<\/div>\n<\/div>\n\n\n\n<p><strong>Le contexte :<\/strong><\/p>\n\n\n\n<p>Un grand projet touristique et culturel doit voir le jour d\u2019ici 5 ans. Beaux Arts Consulting accompagne les concepteurs du projet sur le volet Art &amp; Culture, \u00e0 la fois dans le design de la vision cible et du mod\u00e8le \u00e9conomique associ\u00e9 et en pr\u00e9figuration de l\u2019ouverture du lieu, dans la conception de deux \u00e9v\u00e8nements artistiques majeurs : une biennale d\u2019art contemporain et un festival de cin\u00e9ma.<\/p>\n\n\n\n<p><strong>Travaux men\u00e9s :<\/strong><\/p>\n\n\n\n<ul><li>R\u00e9alisation d\u2019un benchmark des biennales d\u2019art et festivals de films \u00e0 l\u2019international et \u00e9laboration de sc\u00e9narios de positionnement en lien avec l\u2019ADN du projet<\/li><li>Mod\u00e9lisation \u00e9conomique de la vision cible et d\u00e9finition de la feuille de route<\/li><li>Organisation d\u2019\u00e9v\u00e8nements pr\u00e9figurant l\u2019ouverture du site<\/li><li>\u00c9laboration de la strat\u00e9gie de communication<\/li><li>Conception d\u2019expositions itin\u00e9rantes \u00e0 l\u2019international<\/li><li>Strat\u00e9gie de partenariats<\/li><\/ul>\n","protected":false},"excerpt":{"rendered":"<p>Client : lieu touristique et culturel international Temporalit\u00e9 : 2019-2020Domaines : Cr\u00e9ation d\u2019un lieu culturel, programmation, \u00e9v\u00e8nements, mod\u00e9lisation \u00e9conomique Le contexte : Un grand projet touristique et culturel doit voir le jour d\u2019ici 5 ans. Beaux Arts Consulting accompagne les concepteurs du projet sur le volet Art &amp; Culture, \u00e0 la fois dans le design [&hellip;]<\/p>\n","protected":false},"author":1,"featured_media":13,"parent":49,"menu_order":0,"comment_status":"closed","ping_status":"closed","template":"tpl-page-child-reference.php","meta":[],"yoast_head":"<!-- This site is optimized with the Yoast SEO plugin v18.0 - https:\/\/yoast.com\/wordpress\/plugins\/seo\/ -->\n<meta name=\"robots\" content=\"index, follow, max-snippet:-1, max-image-preview:large, max-video-preview:-1\" \/>\n<link rel=\"canonical\" href=\"https:\/\/preprod.beauxarts-cie.com\/consulting\/projets\/lieu-touristique-et-culturel-international\/\" \/>\n<meta property=\"og:locale\" content=\"fr_FR\" \/>\n<meta property=\"og:type\" content=\"article\" \/>\n<meta property=\"og:title\" content=\"Accompagnement \u00e0 la cr\u00e9ation d\u2019une biennale d\u2019art contemporain et d\u2019un festival de cin\u00e9ma - Beaux Arts Consulting\" \/>\n<meta property=\"og:description\" content=\"Client : lieu touristique et culturel international Temporalit\u00e9 : 2019-2020Domaines : Cr\u00e9ation d\u2019un lieu culturel, programmation, \u00e9v\u00e8nements, mod\u00e9lisation \u00e9conomique Le contexte : Un grand projet touristique et culturel doit voir le jour d\u2019ici 5 ans. Beaux Arts Consulting accompagne les concepteurs du projet sur le volet Art &amp; Culture, \u00e0 la fois dans le design [&hellip;]\" \/>\n<meta property=\"og:url\" content=\"https:\/\/preprod.beauxarts-cie.com\/consulting\/projets\/lieu-touristique-et-culturel-international\/\" \/>\n<meta property=\"og:site_name\" content=\"Beaux Arts Consulting\" \/>\n<meta property=\"article:modified_time\" content=\"2020-04-23T09:12:34+00:00\" \/>\n<meta property=\"og:image\" content=\"https:\/\/preprod.beauxarts-cie.com\/consulting\/wp-content\/uploads\/sites\/3\/2020\/04\/mario-gogh-WdNWrhdfKis-unsplash-scaled-1.jpg\" \/>\n\t<meta property=\"og:image:width\" content=\"2560\" \/>\n\t<meta property=\"og:image:height\" content=\"1707\" \/>\n\t<meta property=\"og:image:type\" content=\"image\/jpeg\" \/>\n<meta name=\"twitter:card\" content=\"summary_large_image\" \/>\n<meta name=\"twitter:label1\" content=\"Dur\u00e9e de lecture estim\u00e9e\" \/>\n\t<meta name=\"twitter:data1\" content=\"1 minute\" \/>\n<script type=\"application\/ld+json\" class=\"yoast-schema-graph\">{\"@context\":\"https:\/\/schema.org\",\"@graph\":[{\"@type\":\"WebSite\",\"@id\":\"https:\/\/preprod.beauxarts-cie.com\/consulting\/#website\",\"url\":\"https:\/\/preprod.beauxarts-cie.com\/consulting\/\",\"name\":\"Beaux Arts Consulting\",\"description\":\"Conseil en strat\u00e9gie, innovation et ing\u00e9nierie culturelle\",\"potentialAction\":[{\"@type\":\"SearchAction\",\"target\":{\"@type\":\"EntryPoint\",\"urlTemplate\":\"https:\/\/preprod.beauxarts-cie.com\/consulting\/?s={search_term_string}\"},\"query-input\":\"required name=search_term_string\"}],\"inLanguage\":\"fr-FR\"},{\"@type\":\"ImageObject\",\"@id\":\"https:\/\/preprod.beauxarts-cie.com\/consulting\/projets\/lieu-touristique-et-culturel-international\/#primaryimage\",\"inLanguage\":\"fr-FR\",\"url\":\"https:\/\/preprod.beauxarts-cie.com\/consulting\/wp-content\/uploads\/sites\/3\/2020\/04\/mario-gogh-WdNWrhdfKis-unsplash-scaled-1.jpg\",\"contentUrl\":\"https:\/\/preprod.beauxarts-cie.com\/consulting\/wp-content\/uploads\/sites\/3\/2020\/04\/mario-gogh-WdNWrhdfKis-unsplash-scaled-1.jpg\",\"width\":2560,\"height\":1707},{\"@type\":\"WebPage\",\"@id\":\"https:\/\/preprod.beauxarts-cie.com\/consulting\/projets\/lieu-touristique-et-culturel-international\/#webpage\",\"url\":\"https:\/\/preprod.beauxarts-cie.com\/consulting\/projets\/lieu-touristique-et-culturel-international\/\",\"name\":\"Accompagnement \u00e0 la cr\u00e9ation d\u2019une biennale d\u2019art contemporain et d\u2019un festival de cin\u00e9ma - Beaux Arts Consulting\",\"isPartOf\":{\"@id\":\"https:\/\/preprod.beauxarts-cie.com\/consulting\/#website\"},\"primaryImageOfPage\":{\"@id\":\"https:\/\/preprod.beauxarts-cie.com\/consulting\/projets\/lieu-touristique-et-culturel-international\/#primaryimage\"},\"datePublished\":\"2020-04-17T10:25:26+00:00\",\"dateModified\":\"2020-04-23T09:12:34+00:00\",\"breadcrumb\":{\"@id\":\"https:\/\/preprod.beauxarts-cie.com\/consulting\/projets\/lieu-touristique-et-culturel-international\/#breadcrumb\"},\"inLanguage\":\"fr-FR\",\"potentialAction\":[{\"@type\":\"ReadAction\",\"target\":[\"https:\/\/preprod.beauxarts-cie.com\/consulting\/projets\/lieu-touristique-et-culturel-international\/\"]}]},{\"@type\":\"BreadcrumbList\",\"@id\":\"https:\/\/preprod.beauxarts-cie.com\/consulting\/projets\/lieu-touristique-et-culturel-international\/#breadcrumb\",\"itemListElement\":[{\"@type\":\"ListItem\",\"position\":1,\"name\":\"Projets\",\"item\":\"https:\/\/preprod.beauxarts-cie.com\/consulting\/projets\/\"},{\"@type\":\"ListItem\",\"position\":2,\"name\":\"Accompagnement \u00e0 la cr\u00e9ation d\u2019une biennale d\u2019art contemporain et d\u2019un festival de cin\u00e9ma\"}]}]}<\/script>\n<!-- \/ Yoast SEO plugin. -->","yoast_head_json":{"robots":{"index":"index","follow":"follow","max-snippet":"max-snippet:-1","max-image-preview":"max-image-preview:large","max-video-preview":"max-video-preview:-1"},"canonical":"https:\/\/preprod.beauxarts-cie.com\/consulting\/projets\/lieu-touristique-et-culturel-international\/","og_locale":"fr_FR","og_type":"article","og_title":"Accompagnement \u00e0 la cr\u00e9ation d\u2019une biennale d\u2019art contemporain et d\u2019un festival de cin\u00e9ma - Beaux Arts Consulting","og_description":"Client : lieu touristique et culturel international Temporalit\u00e9 : 2019-2020Domaines : Cr\u00e9ation d\u2019un lieu culturel, programmation, \u00e9v\u00e8nements, mod\u00e9lisation \u00e9conomique Le contexte : Un grand projet touristique et culturel doit voir le jour d\u2019ici 5 ans. Beaux Arts Consulting accompagne les concepteurs du projet sur le volet Art &amp; Culture, \u00e0 la fois dans le design [&hellip;]","og_url":"https:\/\/preprod.beauxarts-cie.com\/consulting\/projets\/lieu-touristique-et-culturel-international\/","og_site_name":"Beaux Arts Consulting","article_modified_time":"2020-04-23T09:12:34+00:00","og_image":[{"width":2560,"height":1707,"url":"https:\/\/preprod.beauxarts-cie.com\/consulting\/wp-content\/uploads\/sites\/3\/2020\/04\/mario-gogh-WdNWrhdfKis-unsplash-scaled-1.jpg","type":"image\/jpeg"}],"twitter_card":"summary_large_image","twitter_misc":{"Dur\u00e9e de lecture estim\u00e9e":"1 minute"},"schema":{"@context":"https:\/\/schema.org","@graph":[{"@type":"WebSite","@id":"https:\/\/preprod.beauxarts-cie.com\/consulting\/#website","url":"https:\/\/preprod.beauxarts-cie.com\/consulting\/","name":"Beaux Arts Consulting","description":"Conseil en strat\u00e9gie, innovation et ing\u00e9nierie culturelle","potentialAction":[{"@type":"SearchAction","target":{"@type":"EntryPoint","urlTemplate":"https:\/\/preprod.beauxarts-cie.com\/consulting\/?s={search_term_string}"},"query-input":"required name=search_term_string"}],"inLanguage":"fr-FR"},{"@type":"ImageObject","@id":"https:\/\/preprod.beauxarts-cie.com\/consulting\/projets\/lieu-touristique-et-culturel-international\/#primaryimage","inLanguage":"fr-FR","url":"https:\/\/preprod.beauxarts-cie.com\/consulting\/wp-content\/uploads\/sites\/3\/2020\/04\/mario-gogh-WdNWrhdfKis-unsplash-scaled-1.jpg","contentUrl":"https:\/\/preprod.beauxarts-cie.com\/consulting\/wp-content\/uploads\/sites\/3\/2020\/04\/mario-gogh-WdNWrhdfKis-unsplash-scaled-1.jpg","width":2560,"height":1707},{"@type":"WebPage","@id":"https:\/\/preprod.beauxarts-cie.com\/consulting\/projets\/lieu-touristique-et-culturel-international\/#webpage","url":"https:\/\/preprod.beauxarts-cie.com\/consulting\/projets\/lieu-touristique-et-culturel-international\/","name":"Accompagnement \u00e0 la cr\u00e9ation d\u2019une biennale d\u2019art contemporain et d\u2019un festival de cin\u00e9ma - Beaux Arts Consulting","isPartOf":{"@id":"https:\/\/preprod.beauxarts-cie.com\/consulting\/#website"},"primaryImageOfPage":{"@id":"https:\/\/preprod.beauxarts-cie.com\/consulting\/projets\/lieu-touristique-et-culturel-international\/#primaryimage"},"datePublished":"2020-04-17T10:25:26+00:00","dateModified":"2020-04-23T09:12:34+00:00","breadcrumb":{"@id":"https:\/\/preprod.beauxarts-cie.com\/consulting\/projets\/lieu-touristique-et-culturel-international\/#breadcrumb"},"inLanguage":"fr-FR","potentialAction":[{"@type":"ReadAction","target":["https:\/\/preprod.beauxarts-cie.com\/consulting\/projets\/lieu-touristique-et-culturel-international\/"]}]},{"@type":"BreadcrumbList","@id":"https:\/\/preprod.beauxarts-cie.com\/consulting\/projets\/lieu-touristique-et-culturel-international\/#breadcrumb","itemListElement":[{"@type":"ListItem","position":1,"name":"Projets","item":"https:\/\/preprod.beauxarts-cie.com\/consulting\/projets\/"},{"@type":"ListItem","position":2,"name":"Accompagnement \u00e0 la cr\u00e9ation d\u2019une biennale d\u2019art contemporain et d\u2019un festival de cin\u00e9ma"}]}]}},"_links":{"self":[{"href":"https:\/\/preprod.beauxarts-cie.com\/consulting\/wp-json\/wp\/v2\/pages\/76"}],"collection":[{"href":"https:\/\/preprod.beauxarts-cie.com\/consulting\/wp-json\/wp\/v2\/pages"}],"about":[{"href":"https:\/\/preprod.beauxarts-cie.com\/consulting\/wp-json\/wp\/v2\/types\/page"}],"author":[{"embeddable":true,"href":"https:\/\/preprod.beauxarts-cie.com\/consulting\/wp-json\/wp\/v2\/users\/1"}],"replies":[{"embeddable":true,"href":"https:\/\/preprod.beauxarts-cie.com\/consulting\/wp-json\/wp\/v2\/comments?post=76"}],"version-history":[{"count":2,"href":"https:\/\/preprod.beauxarts-cie.com\/consulting\/wp-json\/wp\/v2\/pages\/76\/revisions"}],"predecessor-version":[{"id":126,"href":"https:\/\/preprod.beauxarts-cie.com\/consulting\/wp-json\/wp\/v2\/pages\/76\/revisions\/126"}],"up":[{"embeddable":true,"href":"https:\/\/preprod.beauxarts-cie.com\/consulting\/wp-json\/wp\/v2\/pages\/49"}],"wp:featuredmedia":[{"embeddable":true,"href":"https:\/\/preprod.beauxarts-cie.com\/consulting\/wp-json\/wp\/v2\/media\/13"}],"wp:attachment":[{"href":"https:\/\/preprod.beauxarts-cie.com\/consulting\/wp-json\/wp\/v2\/media?parent=76"}],"curies":[{"name":"wp","href":"https:\/\/api.w.org\/{rel}","templated":true}]}}