{"id":70,"date":"2020-04-17T12:14:47","date_gmt":"2020-04-17T10:14:47","guid":{"rendered":"https:\/\/preprod.preprod.beauxarts-cie.com\/consulting\/?page_id=70"},"modified":"2021-11-16T19:05:53","modified_gmt":"2021-11-16T18:05:53","slug":"vincennes","status":"publish","type":"page","link":"https:\/\/preprod.beauxarts-cie.com\/consulting\/projets\/vincennes\/","title":{"rendered":"\u00c9tude de faisabilit\u00e9 d&rsquo;un \u00e9v\u00e9nement artistique r\u00e9current faisant appel \u00e0 la lumi\u00e8re et aux technologies num\u00e9riques innovantes"},"content":{"rendered":"\n<div class=\"wp-block-columns refId\">\n<div class=\"wp-block-column\">\n<h2 class=\"has-text-align-left\">Client : Ch\u00e2teau de Vincennes<\/h2>\n<\/div>\n\n\n\n<div class=\"wp-block-column\">\n<p>2020<br>\u00c9v\u00e8nement, programmation, innovation<\/p>\n<\/div>\n<\/div>\n\n\n\n<p><strong>Le contexte :<\/strong><\/p>\n\n\n\n<p>La Ville de Vincennes \u2013 conjointement avec le Service Historique de la D\u00e9fense et le Centre des Monuments Nationaux \u2013 a \u00e9mis un appel \u00e0 projet pour cr\u00e9er un \u00e9v\u00e8nement num\u00e9rique innovant indissociable du Ch\u00e2teau de Vincennes. Ce besoin r\u00e9pond \u00e0 une volont\u00e9 d\u2019ouverture d\u2019un joyau historique encore m\u00e9connu. Beaux Arts Consulting, accompagn\u00e9 du CENTQUATRE-Paris et du cabinet d\u2019avocats FIDAL, d\u00e9veloppe des sc\u00e9narios d\u2019\u00e9v\u00e8nements innovants pour r\u00e9v\u00e9ler l\u2019identit\u00e9 du Ch\u00e2teau et accro\u00eetre sa notori\u00e9t\u00e9 aupr\u00e8s d\u2019un large public.<\/p>\n\n\n\n<p><strong>Travaux men\u00e9s :<\/strong><\/p>\n\n\n\n<ul><li>Benchmark d\u2019exp\u00e9riences culturelles num\u00e9riques innovantes en France et \u00e0 l\u2019international<\/li><li>Diagnostic du site et r\u00e9alisation d\u2019entretiens individuels pour identifier les attentes<br>li\u00e9es au projet<\/li><li>Proposition de sc\u00e9narios d\u2019\u00e9v\u00e8nements int\u00e9grant le concept artistique, la faisabilit\u00e9 technologique, le mod\u00e8le \u00e9conomique et les options de gouvernance<\/li><li>D\u00e9clinaison d\u00e9taill\u00e9e de deux synopsis d\u2019\u00e9v\u00e8nements int\u00e9grant note d\u2019intention artistique, faisabilit\u00e9 technique, feuille de route et mod\u00e8le \u00e9conomique d\u2019exploitation<\/li><\/ul>\n","protected":false},"excerpt":{"rendered":"<p>Client : Ch\u00e2teau de Vincennes 2020\u00c9v\u00e8nement, programmation, innovation Le contexte : La Ville de Vincennes \u2013 conjointement avec le Service Historique de la D\u00e9fense et le Centre des Monuments Nationaux \u2013 a \u00e9mis un appel \u00e0 projet pour cr\u00e9er un \u00e9v\u00e8nement num\u00e9rique innovant indissociable du Ch\u00e2teau de Vincennes. Ce besoin r\u00e9pond \u00e0 une volont\u00e9 d\u2019ouverture [&hellip;]<\/p>\n","protected":false},"author":1,"featured_media":128,"parent":49,"menu_order":0,"comment_status":"closed","ping_status":"closed","template":"tpl-page-child-reference.php","meta":[],"yoast_head":"<!-- This site is optimized with the Yoast SEO plugin v18.0 - https:\/\/yoast.com\/wordpress\/plugins\/seo\/ -->\n<meta name=\"robots\" content=\"index, follow, max-snippet:-1, max-image-preview:large, max-video-preview:-1\" \/>\n<link rel=\"canonical\" href=\"https:\/\/preprod.beauxarts-cie.com\/consulting\/projets\/vincennes\/\" \/>\n<meta property=\"og:locale\" content=\"fr_FR\" \/>\n<meta property=\"og:type\" content=\"article\" \/>\n<meta property=\"og:title\" content=\"\u00c9tude de faisabilit\u00e9 d&#039;un \u00e9v\u00e9nement artistique r\u00e9current faisant appel \u00e0 la lumi\u00e8re et aux technologies num\u00e9riques innovantes - Beaux Arts Consulting\" \/>\n<meta property=\"og:description\" content=\"Client : Ch\u00e2teau de Vincennes 2020\u00c9v\u00e8nement, programmation, innovation Le contexte : La Ville de Vincennes \u2013 conjointement avec le Service Historique de la D\u00e9fense et le Centre des Monuments Nationaux \u2013 a \u00e9mis un appel \u00e0 projet pour cr\u00e9er un \u00e9v\u00e8nement num\u00e9rique innovant indissociable du Ch\u00e2teau de Vincennes. Ce besoin r\u00e9pond \u00e0 une volont\u00e9 d\u2019ouverture [&hellip;]\" \/>\n<meta property=\"og:url\" content=\"https:\/\/preprod.beauxarts-cie.com\/consulting\/projets\/vincennes\/\" \/>\n<meta property=\"og:site_name\" content=\"Beaux Arts Consulting\" \/>\n<meta property=\"article:modified_time\" content=\"2021-11-16T18:05:53+00:00\" \/>\n<meta property=\"og:image\" content=\"https:\/\/preprod.beauxarts-cie.com\/consulting\/wp-content\/uploads\/sites\/3\/2020\/04\/Ref_Vincennes-2.jpg\" \/>\n\t<meta property=\"og:image:width\" content=\"1000\" \/>\n\t<meta property=\"og:image:height\" content=\"670\" \/>\n\t<meta property=\"og:image:type\" content=\"image\/jpeg\" \/>\n<meta name=\"twitter:card\" content=\"summary_large_image\" \/>\n<meta name=\"twitter:label1\" content=\"Dur\u00e9e de lecture estim\u00e9e\" \/>\n\t<meta name=\"twitter:data1\" content=\"1 minute\" \/>\n<script type=\"application\/ld+json\" class=\"yoast-schema-graph\">{\"@context\":\"https:\/\/schema.org\",\"@graph\":[{\"@type\":\"WebSite\",\"@id\":\"https:\/\/preprod.beauxarts-cie.com\/consulting\/#website\",\"url\":\"https:\/\/preprod.beauxarts-cie.com\/consulting\/\",\"name\":\"Beaux Arts Consulting\",\"description\":\"Conseil en strat\u00e9gie, innovation et ing\u00e9nierie culturelle\",\"potentialAction\":[{\"@type\":\"SearchAction\",\"target\":{\"@type\":\"EntryPoint\",\"urlTemplate\":\"https:\/\/preprod.beauxarts-cie.com\/consulting\/?s={search_term_string}\"},\"query-input\":\"required name=search_term_string\"}],\"inLanguage\":\"fr-FR\"},{\"@type\":\"ImageObject\",\"@id\":\"https:\/\/preprod.beauxarts-cie.com\/consulting\/projets\/vincennes\/#primaryimage\",\"inLanguage\":\"fr-FR\",\"url\":\"https:\/\/preprod.beauxarts-cie.com\/consulting\/wp-content\/uploads\/sites\/3\/2020\/04\/Ref_Vincennes-2.jpg\",\"contentUrl\":\"https:\/\/preprod.beauxarts-cie.com\/consulting\/wp-content\/uploads\/sites\/3\/2020\/04\/Ref_Vincennes-2.jpg\",\"width\":1000,\"height\":670},{\"@type\":\"WebPage\",\"@id\":\"https:\/\/preprod.beauxarts-cie.com\/consulting\/projets\/vincennes\/#webpage\",\"url\":\"https:\/\/preprod.beauxarts-cie.com\/consulting\/projets\/vincennes\/\",\"name\":\"\u00c9tude de faisabilit\u00e9 d'un \u00e9v\u00e9nement artistique r\u00e9current faisant appel \u00e0 la lumi\u00e8re et aux technologies num\u00e9riques innovantes - Beaux Arts Consulting\",\"isPartOf\":{\"@id\":\"https:\/\/preprod.beauxarts-cie.com\/consulting\/#website\"},\"primaryImageOfPage\":{\"@id\":\"https:\/\/preprod.beauxarts-cie.com\/consulting\/projets\/vincennes\/#primaryimage\"},\"datePublished\":\"2020-04-17T10:14:47+00:00\",\"dateModified\":\"2021-11-16T18:05:53+00:00\",\"breadcrumb\":{\"@id\":\"https:\/\/preprod.beauxarts-cie.com\/consulting\/projets\/vincennes\/#breadcrumb\"},\"inLanguage\":\"fr-FR\",\"potentialAction\":[{\"@type\":\"ReadAction\",\"target\":[\"https:\/\/preprod.beauxarts-cie.com\/consulting\/projets\/vincennes\/\"]}]},{\"@type\":\"BreadcrumbList\",\"@id\":\"https:\/\/preprod.beauxarts-cie.com\/consulting\/projets\/vincennes\/#breadcrumb\",\"itemListElement\":[{\"@type\":\"ListItem\",\"position\":1,\"name\":\"Projets\",\"item\":\"https:\/\/preprod.beauxarts-cie.com\/consulting\/projets\/\"},{\"@type\":\"ListItem\",\"position\":2,\"name\":\"\u00c9tude de faisabilit\u00e9 d&rsquo;un \u00e9v\u00e9nement artistique r\u00e9current faisant appel \u00e0 la lumi\u00e8re et aux technologies num\u00e9riques innovantes\"}]}]}<\/script>\n<!-- \/ Yoast SEO plugin. -->","yoast_head_json":{"robots":{"index":"index","follow":"follow","max-snippet":"max-snippet:-1","max-image-preview":"max-image-preview:large","max-video-preview":"max-video-preview:-1"},"canonical":"https:\/\/preprod.beauxarts-cie.com\/consulting\/projets\/vincennes\/","og_locale":"fr_FR","og_type":"article","og_title":"\u00c9tude de faisabilit\u00e9 d'un \u00e9v\u00e9nement artistique r\u00e9current faisant appel \u00e0 la lumi\u00e8re et aux technologies num\u00e9riques innovantes - Beaux Arts Consulting","og_description":"Client : Ch\u00e2teau de Vincennes 2020\u00c9v\u00e8nement, programmation, innovation Le contexte : La Ville de Vincennes \u2013 conjointement avec le Service Historique de la D\u00e9fense et le Centre des Monuments Nationaux \u2013 a \u00e9mis un appel \u00e0 projet pour cr\u00e9er un \u00e9v\u00e8nement num\u00e9rique innovant indissociable du Ch\u00e2teau de Vincennes. Ce besoin r\u00e9pond \u00e0 une volont\u00e9 d\u2019ouverture [&hellip;]","og_url":"https:\/\/preprod.beauxarts-cie.com\/consulting\/projets\/vincennes\/","og_site_name":"Beaux Arts Consulting","article_modified_time":"2021-11-16T18:05:53+00:00","og_image":[{"width":1000,"height":670,"url":"https:\/\/preprod.beauxarts-cie.com\/consulting\/wp-content\/uploads\/sites\/3\/2020\/04\/Ref_Vincennes-2.jpg","type":"image\/jpeg"}],"twitter_card":"summary_large_image","twitter_misc":{"Dur\u00e9e de lecture estim\u00e9e":"1 minute"},"schema":{"@context":"https:\/\/schema.org","@graph":[{"@type":"WebSite","@id":"https:\/\/preprod.beauxarts-cie.com\/consulting\/#website","url":"https:\/\/preprod.beauxarts-cie.com\/consulting\/","name":"Beaux Arts Consulting","description":"Conseil en strat\u00e9gie, innovation et ing\u00e9nierie culturelle","potentialAction":[{"@type":"SearchAction","target":{"@type":"EntryPoint","urlTemplate":"https:\/\/preprod.beauxarts-cie.com\/consulting\/?s={search_term_string}"},"query-input":"required name=search_term_string"}],"inLanguage":"fr-FR"},{"@type":"ImageObject","@id":"https:\/\/preprod.beauxarts-cie.com\/consulting\/projets\/vincennes\/#primaryimage","inLanguage":"fr-FR","url":"https:\/\/preprod.beauxarts-cie.com\/consulting\/wp-content\/uploads\/sites\/3\/2020\/04\/Ref_Vincennes-2.jpg","contentUrl":"https:\/\/preprod.beauxarts-cie.com\/consulting\/wp-content\/uploads\/sites\/3\/2020\/04\/Ref_Vincennes-2.jpg","width":1000,"height":670},{"@type":"WebPage","@id":"https:\/\/preprod.beauxarts-cie.com\/consulting\/projets\/vincennes\/#webpage","url":"https:\/\/preprod.beauxarts-cie.com\/consulting\/projets\/vincennes\/","name":"\u00c9tude de faisabilit\u00e9 d'un \u00e9v\u00e9nement artistique r\u00e9current faisant appel \u00e0 la lumi\u00e8re et aux technologies num\u00e9riques innovantes - Beaux Arts Consulting","isPartOf":{"@id":"https:\/\/preprod.beauxarts-cie.com\/consulting\/#website"},"primaryImageOfPage":{"@id":"https:\/\/preprod.beauxarts-cie.com\/consulting\/projets\/vincennes\/#primaryimage"},"datePublished":"2020-04-17T10:14:47+00:00","dateModified":"2021-11-16T18:05:53+00:00","breadcrumb":{"@id":"https:\/\/preprod.beauxarts-cie.com\/consulting\/projets\/vincennes\/#breadcrumb"},"inLanguage":"fr-FR","potentialAction":[{"@type":"ReadAction","target":["https:\/\/preprod.beauxarts-cie.com\/consulting\/projets\/vincennes\/"]}]},{"@type":"BreadcrumbList","@id":"https:\/\/preprod.beauxarts-cie.com\/consulting\/projets\/vincennes\/#breadcrumb","itemListElement":[{"@type":"ListItem","position":1,"name":"Projets","item":"https:\/\/preprod.beauxarts-cie.com\/consulting\/projets\/"},{"@type":"ListItem","position":2,"name":"\u00c9tude de faisabilit\u00e9 d&rsquo;un \u00e9v\u00e9nement artistique r\u00e9current faisant appel \u00e0 la lumi\u00e8re et aux technologies num\u00e9riques innovantes"}]}]}},"_links":{"self":[{"href":"https:\/\/preprod.beauxarts-cie.com\/consulting\/wp-json\/wp\/v2\/pages\/70"}],"collection":[{"href":"https:\/\/preprod.beauxarts-cie.com\/consulting\/wp-json\/wp\/v2\/pages"}],"about":[{"href":"https:\/\/preprod.beauxarts-cie.com\/consulting\/wp-json\/wp\/v2\/types\/page"}],"author":[{"embeddable":true,"href":"https:\/\/preprod.beauxarts-cie.com\/consulting\/wp-json\/wp\/v2\/users\/1"}],"replies":[{"embeddable":true,"href":"https:\/\/preprod.beauxarts-cie.com\/consulting\/wp-json\/wp\/v2\/comments?post=70"}],"version-history":[{"count":2,"href":"https:\/\/preprod.beauxarts-cie.com\/consulting\/wp-json\/wp\/v2\/pages\/70\/revisions"}],"predecessor-version":[{"id":438,"href":"https:\/\/preprod.beauxarts-cie.com\/consulting\/wp-json\/wp\/v2\/pages\/70\/revisions\/438"}],"up":[{"embeddable":true,"href":"https:\/\/preprod.beauxarts-cie.com\/consulting\/wp-json\/wp\/v2\/pages\/49"}],"wp:featuredmedia":[{"embeddable":true,"href":"https:\/\/preprod.beauxarts-cie.com\/consulting\/wp-json\/wp\/v2\/media\/128"}],"wp:attachment":[{"href":"https:\/\/preprod.beauxarts-cie.com\/consulting\/wp-json\/wp\/v2\/media?parent=70"}],"curies":[{"name":"wp","href":"https:\/\/api.w.org\/{rel}","templated":true}]}}