{"id":68,"date":"2020-04-17T12:11:18","date_gmt":"2020-04-17T10:11:18","guid":{"rendered":"https:\/\/preprod.preprod.beauxarts-cie.com\/consulting\/?page_id=68"},"modified":"2021-11-17T17:28:59","modified_gmt":"2021-11-17T16:28:59","slug":"sacem","status":"publish","type":"page","link":"https:\/\/preprod.beauxarts-cie.com\/consulting\/projets\/sacem\/","title":{"rendered":"Accompagnement pour la conception d\u2019expositions hors-les-murs pour le Mus\u00e9e en ligne de la Sacem"},"content":{"rendered":"\n<div class=\"wp-block-columns refId\">\n<div class=\"wp-block-column\">\n<h2 class=\"has-text-align-left\">Client : Sacem (Soci\u00e9t\u00e9 des Auteurs, Compositeurs et Editeurs de Musique)<\/h2>\n<\/div>\n\n\n\n<div class=\"wp-block-column\">\n<p>2019-2021<br>Valorisation du patrimoine, programmation hors-les-murs, innovation, partenariats<\/p>\n<\/div>\n<\/div>\n\n\n\n<p>Promotion par diff\u00e9rents canaux du travail patrimonial entrepris par la soci\u00e9t\u00e9 \u00e0 travers la gestion de ses archives et de la mise en ligne d\u2019un mus\u00e9e virtuel afin de valoriser aupr\u00e8s du grand public les m\u00e9tiers d\u2019auteurs et compositeurs de musique.<\/p>\n\n\n\n<p><strong>Le contexte :<\/strong><\/p>\n\n\n\n<p>La Sacem souhaite diffuser son patrimoine d\u2019archives aupr\u00e8s d\u2019un large public : par le biais du num\u00e9rique gr\u00e2ce \u00e0 la conception d\u2019un \u00ab Mus\u00e9e en ligne \u00bb, et autour d\u2019expositions physiques en lien avec les contenus de la plateforme. La Sacem a demand\u00e9 \u00e0 Beaux Arts Consulting de concevoir la programmation d\u2019expositions hors les-murs et de mettre en place des partenariats facilitant leur diffusion dans les territoires.<\/p>\n\n\n\n<p><strong>Travaux men\u00e9s :<\/strong><\/p>\n\n\n\n<ul><li>Identification d\u2019une quinzaine de partenariats activables<\/li><li>Accompagnement dans les rendez-vous partenaires et \u00e9laboration des lettres d\u2019intention<\/li><li>Production de plusieurs campagnes vid\u00e9os diffus\u00e9es sur tout le r\u00e9seau d\u2019\u00e9crans Clear Channel<\/li><li>Conception d\u2019une exposition hors les murs avec la Mairie de Paris sur le th\u00e8me des ann\u00e9es 20<\/li><\/ul>\n","protected":false},"excerpt":{"rendered":"<p>Client : Sacem (Soci\u00e9t\u00e9 des Auteurs, Compositeurs et Editeurs de Musique) 2019-2021Valorisation du patrimoine, programmation hors-les-murs, innovation, partenariats Promotion par diff\u00e9rents canaux du travail patrimonial entrepris par la soci\u00e9t\u00e9 \u00e0 travers la gestion de ses archives et de la mise en ligne d\u2019un mus\u00e9e virtuel afin de valoriser aupr\u00e8s du grand public les m\u00e9tiers d\u2019auteurs [&hellip;]<\/p>\n","protected":false},"author":1,"featured_media":16,"parent":49,"menu_order":0,"comment_status":"closed","ping_status":"closed","template":"tpl-page-child-reference.php","meta":[],"yoast_head":"<!-- This site is optimized with the Yoast SEO plugin v18.0 - https:\/\/yoast.com\/wordpress\/plugins\/seo\/ -->\n<meta name=\"robots\" content=\"index, follow, max-snippet:-1, max-image-preview:large, max-video-preview:-1\" \/>\n<link rel=\"canonical\" href=\"https:\/\/preprod.beauxarts-cie.com\/consulting\/projets\/sacem\/\" \/>\n<meta property=\"og:locale\" content=\"fr_FR\" \/>\n<meta property=\"og:type\" content=\"article\" \/>\n<meta property=\"og:title\" content=\"Accompagnement pour la conception d\u2019expositions hors-les-murs pour le Mus\u00e9e en ligne de la Sacem - Beaux Arts Consulting\" \/>\n<meta property=\"og:description\" content=\"Client : Sacem (Soci\u00e9t\u00e9 des Auteurs, Compositeurs et Editeurs de Musique) 2019-2021Valorisation du patrimoine, programmation hors-les-murs, innovation, partenariats Promotion par diff\u00e9rents canaux du travail patrimonial entrepris par la soci\u00e9t\u00e9 \u00e0 travers la gestion de ses archives et de la mise en ligne d\u2019un mus\u00e9e virtuel afin de valoriser aupr\u00e8s du grand public les m\u00e9tiers d\u2019auteurs [&hellip;]\" \/>\n<meta property=\"og:url\" content=\"https:\/\/preprod.beauxarts-cie.com\/consulting\/projets\/sacem\/\" \/>\n<meta property=\"og:site_name\" content=\"Beaux Arts Consulting\" \/>\n<meta property=\"article:modified_time\" content=\"2021-11-17T16:28:59+00:00\" \/>\n<meta property=\"og:image\" content=\"https:\/\/preprod.beauxarts-cie.com\/consulting\/wp-content\/uploads\/sites\/3\/2020\/04\/spencer-imbrock-JAHdPHMoaEA-unsplash.jpg\" \/>\n\t<meta property=\"og:image:width\" content=\"2000\" \/>\n\t<meta property=\"og:image:height\" content=\"1333\" \/>\n\t<meta property=\"og:image:type\" content=\"image\/jpeg\" \/>\n<meta name=\"twitter:card\" content=\"summary_large_image\" \/>\n<meta name=\"twitter:label1\" content=\"Dur\u00e9e de lecture estim\u00e9e\" \/>\n\t<meta name=\"twitter:data1\" content=\"1 minute\" \/>\n<script type=\"application\/ld+json\" class=\"yoast-schema-graph\">{\"@context\":\"https:\/\/schema.org\",\"@graph\":[{\"@type\":\"WebSite\",\"@id\":\"https:\/\/preprod.beauxarts-cie.com\/consulting\/#website\",\"url\":\"https:\/\/preprod.beauxarts-cie.com\/consulting\/\",\"name\":\"Beaux Arts Consulting\",\"description\":\"Conseil en strat\u00e9gie, innovation et ing\u00e9nierie culturelle\",\"potentialAction\":[{\"@type\":\"SearchAction\",\"target\":{\"@type\":\"EntryPoint\",\"urlTemplate\":\"https:\/\/preprod.beauxarts-cie.com\/consulting\/?s={search_term_string}\"},\"query-input\":\"required name=search_term_string\"}],\"inLanguage\":\"fr-FR\"},{\"@type\":\"ImageObject\",\"@id\":\"https:\/\/preprod.beauxarts-cie.com\/consulting\/projets\/sacem\/#primaryimage\",\"inLanguage\":\"fr-FR\",\"url\":\"https:\/\/preprod.beauxarts-cie.com\/consulting\/wp-content\/uploads\/sites\/3\/2020\/04\/spencer-imbrock-JAHdPHMoaEA-unsplash.jpg\",\"contentUrl\":\"https:\/\/preprod.beauxarts-cie.com\/consulting\/wp-content\/uploads\/sites\/3\/2020\/04\/spencer-imbrock-JAHdPHMoaEA-unsplash.jpg\",\"width\":2000,\"height\":1333},{\"@type\":\"WebPage\",\"@id\":\"https:\/\/preprod.beauxarts-cie.com\/consulting\/projets\/sacem\/#webpage\",\"url\":\"https:\/\/preprod.beauxarts-cie.com\/consulting\/projets\/sacem\/\",\"name\":\"Accompagnement pour la conception d\u2019expositions hors-les-murs pour le Mus\u00e9e en ligne de la Sacem - Beaux Arts Consulting\",\"isPartOf\":{\"@id\":\"https:\/\/preprod.beauxarts-cie.com\/consulting\/#website\"},\"primaryImageOfPage\":{\"@id\":\"https:\/\/preprod.beauxarts-cie.com\/consulting\/projets\/sacem\/#primaryimage\"},\"datePublished\":\"2020-04-17T10:11:18+00:00\",\"dateModified\":\"2021-11-17T16:28:59+00:00\",\"breadcrumb\":{\"@id\":\"https:\/\/preprod.beauxarts-cie.com\/consulting\/projets\/sacem\/#breadcrumb\"},\"inLanguage\":\"fr-FR\",\"potentialAction\":[{\"@type\":\"ReadAction\",\"target\":[\"https:\/\/preprod.beauxarts-cie.com\/consulting\/projets\/sacem\/\"]}]},{\"@type\":\"BreadcrumbList\",\"@id\":\"https:\/\/preprod.beauxarts-cie.com\/consulting\/projets\/sacem\/#breadcrumb\",\"itemListElement\":[{\"@type\":\"ListItem\",\"position\":1,\"name\":\"Projets\",\"item\":\"https:\/\/preprod.beauxarts-cie.com\/consulting\/projets\/\"},{\"@type\":\"ListItem\",\"position\":2,\"name\":\"Accompagnement pour la conception d\u2019expositions hors-les-murs pour le Mus\u00e9e en ligne de la Sacem\"}]}]}<\/script>\n<!-- \/ Yoast SEO plugin. -->","yoast_head_json":{"robots":{"index":"index","follow":"follow","max-snippet":"max-snippet:-1","max-image-preview":"max-image-preview:large","max-video-preview":"max-video-preview:-1"},"canonical":"https:\/\/preprod.beauxarts-cie.com\/consulting\/projets\/sacem\/","og_locale":"fr_FR","og_type":"article","og_title":"Accompagnement pour la conception d\u2019expositions hors-les-murs pour le Mus\u00e9e en ligne de la Sacem - Beaux Arts Consulting","og_description":"Client : Sacem (Soci\u00e9t\u00e9 des Auteurs, Compositeurs et Editeurs de Musique) 2019-2021Valorisation du patrimoine, programmation hors-les-murs, innovation, partenariats Promotion par diff\u00e9rents canaux du travail patrimonial entrepris par la soci\u00e9t\u00e9 \u00e0 travers la gestion de ses archives et de la mise en ligne d\u2019un mus\u00e9e virtuel afin de valoriser aupr\u00e8s du grand public les m\u00e9tiers d\u2019auteurs [&hellip;]","og_url":"https:\/\/preprod.beauxarts-cie.com\/consulting\/projets\/sacem\/","og_site_name":"Beaux Arts Consulting","article_modified_time":"2021-11-17T16:28:59+00:00","og_image":[{"width":2000,"height":1333,"url":"https:\/\/preprod.beauxarts-cie.com\/consulting\/wp-content\/uploads\/sites\/3\/2020\/04\/spencer-imbrock-JAHdPHMoaEA-unsplash.jpg","type":"image\/jpeg"}],"twitter_card":"summary_large_image","twitter_misc":{"Dur\u00e9e de lecture estim\u00e9e":"1 minute"},"schema":{"@context":"https:\/\/schema.org","@graph":[{"@type":"WebSite","@id":"https:\/\/preprod.beauxarts-cie.com\/consulting\/#website","url":"https:\/\/preprod.beauxarts-cie.com\/consulting\/","name":"Beaux Arts Consulting","description":"Conseil en strat\u00e9gie, innovation et ing\u00e9nierie culturelle","potentialAction":[{"@type":"SearchAction","target":{"@type":"EntryPoint","urlTemplate":"https:\/\/preprod.beauxarts-cie.com\/consulting\/?s={search_term_string}"},"query-input":"required name=search_term_string"}],"inLanguage":"fr-FR"},{"@type":"ImageObject","@id":"https:\/\/preprod.beauxarts-cie.com\/consulting\/projets\/sacem\/#primaryimage","inLanguage":"fr-FR","url":"https:\/\/preprod.beauxarts-cie.com\/consulting\/wp-content\/uploads\/sites\/3\/2020\/04\/spencer-imbrock-JAHdPHMoaEA-unsplash.jpg","contentUrl":"https:\/\/preprod.beauxarts-cie.com\/consulting\/wp-content\/uploads\/sites\/3\/2020\/04\/spencer-imbrock-JAHdPHMoaEA-unsplash.jpg","width":2000,"height":1333},{"@type":"WebPage","@id":"https:\/\/preprod.beauxarts-cie.com\/consulting\/projets\/sacem\/#webpage","url":"https:\/\/preprod.beauxarts-cie.com\/consulting\/projets\/sacem\/","name":"Accompagnement pour la conception d\u2019expositions hors-les-murs pour le Mus\u00e9e en ligne de la Sacem - Beaux Arts Consulting","isPartOf":{"@id":"https:\/\/preprod.beauxarts-cie.com\/consulting\/#website"},"primaryImageOfPage":{"@id":"https:\/\/preprod.beauxarts-cie.com\/consulting\/projets\/sacem\/#primaryimage"},"datePublished":"2020-04-17T10:11:18+00:00","dateModified":"2021-11-17T16:28:59+00:00","breadcrumb":{"@id":"https:\/\/preprod.beauxarts-cie.com\/consulting\/projets\/sacem\/#breadcrumb"},"inLanguage":"fr-FR","potentialAction":[{"@type":"ReadAction","target":["https:\/\/preprod.beauxarts-cie.com\/consulting\/projets\/sacem\/"]}]},{"@type":"BreadcrumbList","@id":"https:\/\/preprod.beauxarts-cie.com\/consulting\/projets\/sacem\/#breadcrumb","itemListElement":[{"@type":"ListItem","position":1,"name":"Projets","item":"https:\/\/preprod.beauxarts-cie.com\/consulting\/projets\/"},{"@type":"ListItem","position":2,"name":"Accompagnement pour la conception d\u2019expositions hors-les-murs pour le Mus\u00e9e en ligne de la Sacem"}]}]}},"_links":{"self":[{"href":"https:\/\/preprod.beauxarts-cie.com\/consulting\/wp-json\/wp\/v2\/pages\/68"}],"collection":[{"href":"https:\/\/preprod.beauxarts-cie.com\/consulting\/wp-json\/wp\/v2\/pages"}],"about":[{"href":"https:\/\/preprod.beauxarts-cie.com\/consulting\/wp-json\/wp\/v2\/types\/page"}],"author":[{"embeddable":true,"href":"https:\/\/preprod.beauxarts-cie.com\/consulting\/wp-json\/wp\/v2\/users\/1"}],"replies":[{"embeddable":true,"href":"https:\/\/preprod.beauxarts-cie.com\/consulting\/wp-json\/wp\/v2\/comments?post=68"}],"version-history":[{"count":4,"href":"https:\/\/preprod.beauxarts-cie.com\/consulting\/wp-json\/wp\/v2\/pages\/68\/revisions"}],"predecessor-version":[{"id":547,"href":"https:\/\/preprod.beauxarts-cie.com\/consulting\/wp-json\/wp\/v2\/pages\/68\/revisions\/547"}],"up":[{"embeddable":true,"href":"https:\/\/preprod.beauxarts-cie.com\/consulting\/wp-json\/wp\/v2\/pages\/49"}],"wp:featuredmedia":[{"embeddable":true,"href":"https:\/\/preprod.beauxarts-cie.com\/consulting\/wp-json\/wp\/v2\/media\/16"}],"wp:attachment":[{"href":"https:\/\/preprod.beauxarts-cie.com\/consulting\/wp-json\/wp\/v2\/media?parent=68"}],"curies":[{"name":"wp","href":"https:\/\/api.w.org\/{rel}","templated":true}]}}