{"id":65,"date":"2020-04-17T12:03:53","date_gmt":"2020-04-17T10:03:53","guid":{"rendered":"https:\/\/preprod.preprod.beauxarts-cie.com\/consulting\/?page_id=65"},"modified":"2021-11-17T18:00:03","modified_gmt":"2021-11-17T17:00:03","slug":"ircam-centre-pompidou","status":"publish","type":"page","link":"https:\/\/preprod.beauxarts-cie.com\/consulting\/projets\/ircam-centre-pompidou\/","title":{"rendered":"Accompagnement de l\u2019IRCAM Centre Pompidou dans la d\u00e9finition du programme d\u2019un nouveau lieu culturel \u00e0 Taipei"},"content":{"rendered":"\n<div class=\"wp-block-columns refId\">\n<div class=\"wp-block-column\">\n<h2 class=\"has-text-align-left\">Client : IRCAM Centre Pompidou<\/h2>\n\n\n\n<p><\/p>\n<\/div>\n\n\n\n<div class=\"wp-block-column\">\n<p>2019-2020<br>Cr\u00e9ation d\u2019un lieu culturel, programmation, innovation, partenariats<\/p>\n<\/div>\n<\/div>\n\n\n\n<p><strong>Le contexte :<\/strong><\/p>\n\n\n\n<p>L\u2019IRCAM Centre Pompidou a sign\u00e9 un accord de collaboration avec le C-Lab, nouveau lieu culturel et de recherche \u00e0 Taipei. L\u2019institution a fait appel \u00e0 Beaux Arts Consulting pour les accompagner dans la d\u00e9finition d\u2019un programme global pour ce site, \u00e0 la fois dans la strat\u00e9gie, la programmation et la formation.<\/p>\n\n\n\n<p><strong>Travaux men\u00e9s :<\/strong><\/p>\n\n\n\n<ul><li>R\u00e9alisation d\u2019un \u00e9tat des lieux des enjeux du C-Lab et du contexte local <\/li><li>D\u00e9finition d\u2019un projet culturel et d\u2019un calendrier de mise en oeuvre pour un centre d\u00e9di\u00e9 \u00e0 la cr\u00e9ation et aux nouvelles technologies s\u2019inspirant du mod\u00e8le de l\u2019IRCAM<\/li><li>Propositions de formats d\u2019\u00e9v\u00e8nements et d\u2019actions de m\u00e9diations permettant un dialogue entre art, science et technologie<\/li><li>Recommandations organisationnelles et accompagnement dans la constitution de l\u2019\u00e9quipe<\/li><li>Accompagnement \u00e0 la cr\u00e9ation d\u2019un laboratoire de recherche scientifique et de d\u00e9veloppement technologique au service de la cr\u00e9ation artistique<\/li><li>Aide \u00e0 la formation professionnelle des op\u00e9rateurs culturels, techniciens et artistes<\/li><li>D\u00e9finition des modalit\u00e9s de fonctionnement du centre, en interne et via des<br>partenariats, en int\u00e9grant les relations de collaboration avec l\u2019IRCAM<\/li><\/ul>\n","protected":false},"excerpt":{"rendered":"<p>Client : IRCAM Centre Pompidou 2019-2020Cr\u00e9ation d\u2019un lieu culturel, programmation, innovation, partenariats Le contexte : L\u2019IRCAM Centre Pompidou a sign\u00e9 un accord de collaboration avec le C-Lab, nouveau lieu culturel et de recherche \u00e0 Taipei. L\u2019institution a fait appel \u00e0 Beaux Arts Consulting pour les accompagner dans la d\u00e9finition d\u2019un programme global pour ce site, [&hellip;]<\/p>\n","protected":false},"author":1,"featured_media":7,"parent":49,"menu_order":0,"comment_status":"closed","ping_status":"closed","template":"tpl-page-child-reference.php","meta":[],"yoast_head":"<!-- This site is optimized with the Yoast SEO plugin v18.0 - https:\/\/yoast.com\/wordpress\/plugins\/seo\/ -->\n<meta name=\"robots\" content=\"index, follow, max-snippet:-1, max-image-preview:large, max-video-preview:-1\" \/>\n<link rel=\"canonical\" href=\"https:\/\/preprod.beauxarts-cie.com\/consulting\/projets\/ircam-centre-pompidou\/\" \/>\n<meta property=\"og:locale\" content=\"fr_FR\" \/>\n<meta property=\"og:type\" content=\"article\" \/>\n<meta property=\"og:title\" content=\"Accompagnement de l\u2019IRCAM Centre Pompidou dans la d\u00e9finition du programme d\u2019un nouveau lieu culturel \u00e0 Taipei - Beaux Arts Consulting\" \/>\n<meta property=\"og:description\" content=\"Client : IRCAM Centre Pompidou 2019-2020Cr\u00e9ation d\u2019un lieu culturel, programmation, innovation, partenariats Le contexte : L\u2019IRCAM Centre Pompidou a sign\u00e9 un accord de collaboration avec le C-Lab, nouveau lieu culturel et de recherche \u00e0 Taipei. L\u2019institution a fait appel \u00e0 Beaux Arts Consulting pour les accompagner dans la d\u00e9finition d\u2019un programme global pour ce site, [&hellip;]\" \/>\n<meta property=\"og:url\" content=\"https:\/\/preprod.beauxarts-cie.com\/consulting\/projets\/ircam-centre-pompidou\/\" \/>\n<meta property=\"og:site_name\" content=\"Beaux Arts Consulting\" \/>\n<meta property=\"article:modified_time\" content=\"2021-11-17T17:00:03+00:00\" \/>\n<meta property=\"og:image\" content=\"https:\/\/preprod.beauxarts-cie.com\/consulting\/wp-content\/uploads\/sites\/3\/2020\/04\/Consulting_3.-Ref-IRCAM.jpg\" \/>\n\t<meta property=\"og:image:width\" content=\"800\" \/>\n\t<meta property=\"og:image:height\" content=\"533\" \/>\n\t<meta property=\"og:image:type\" content=\"image\/jpeg\" \/>\n<meta name=\"twitter:card\" content=\"summary_large_image\" \/>\n<meta name=\"twitter:label1\" content=\"Dur\u00e9e de lecture estim\u00e9e\" \/>\n\t<meta name=\"twitter:data1\" content=\"1 minute\" \/>\n<script type=\"application\/ld+json\" class=\"yoast-schema-graph\">{\"@context\":\"https:\/\/schema.org\",\"@graph\":[{\"@type\":\"WebSite\",\"@id\":\"https:\/\/preprod.beauxarts-cie.com\/consulting\/#website\",\"url\":\"https:\/\/preprod.beauxarts-cie.com\/consulting\/\",\"name\":\"Beaux Arts Consulting\",\"description\":\"Conseil en strat\u00e9gie, innovation et ing\u00e9nierie culturelle\",\"potentialAction\":[{\"@type\":\"SearchAction\",\"target\":{\"@type\":\"EntryPoint\",\"urlTemplate\":\"https:\/\/preprod.beauxarts-cie.com\/consulting\/?s={search_term_string}\"},\"query-input\":\"required name=search_term_string\"}],\"inLanguage\":\"fr-FR\"},{\"@type\":\"ImageObject\",\"@id\":\"https:\/\/preprod.beauxarts-cie.com\/consulting\/projets\/ircam-centre-pompidou\/#primaryimage\",\"inLanguage\":\"fr-FR\",\"url\":\"https:\/\/preprod.beauxarts-cie.com\/consulting\/wp-content\/uploads\/sites\/3\/2020\/04\/Consulting_3.-Ref-IRCAM.jpg\",\"contentUrl\":\"https:\/\/preprod.beauxarts-cie.com\/consulting\/wp-content\/uploads\/sites\/3\/2020\/04\/Consulting_3.-Ref-IRCAM.jpg\",\"width\":800,\"height\":533},{\"@type\":\"WebPage\",\"@id\":\"https:\/\/preprod.beauxarts-cie.com\/consulting\/projets\/ircam-centre-pompidou\/#webpage\",\"url\":\"https:\/\/preprod.beauxarts-cie.com\/consulting\/projets\/ircam-centre-pompidou\/\",\"name\":\"Accompagnement de l\u2019IRCAM Centre Pompidou dans la d\u00e9finition du programme d\u2019un nouveau lieu culturel \u00e0 Taipei - Beaux Arts Consulting\",\"isPartOf\":{\"@id\":\"https:\/\/preprod.beauxarts-cie.com\/consulting\/#website\"},\"primaryImageOfPage\":{\"@id\":\"https:\/\/preprod.beauxarts-cie.com\/consulting\/projets\/ircam-centre-pompidou\/#primaryimage\"},\"datePublished\":\"2020-04-17T10:03:53+00:00\",\"dateModified\":\"2021-11-17T17:00:03+00:00\",\"breadcrumb\":{\"@id\":\"https:\/\/preprod.beauxarts-cie.com\/consulting\/projets\/ircam-centre-pompidou\/#breadcrumb\"},\"inLanguage\":\"fr-FR\",\"potentialAction\":[{\"@type\":\"ReadAction\",\"target\":[\"https:\/\/preprod.beauxarts-cie.com\/consulting\/projets\/ircam-centre-pompidou\/\"]}]},{\"@type\":\"BreadcrumbList\",\"@id\":\"https:\/\/preprod.beauxarts-cie.com\/consulting\/projets\/ircam-centre-pompidou\/#breadcrumb\",\"itemListElement\":[{\"@type\":\"ListItem\",\"position\":1,\"name\":\"Projets\",\"item\":\"https:\/\/preprod.beauxarts-cie.com\/consulting\/projets\/\"},{\"@type\":\"ListItem\",\"position\":2,\"name\":\"Accompagnement de l\u2019IRCAM Centre Pompidou dans la d\u00e9finition du programme d\u2019un nouveau lieu culturel \u00e0 Taipei\"}]}]}<\/script>\n<!-- \/ Yoast SEO plugin. -->","yoast_head_json":{"robots":{"index":"index","follow":"follow","max-snippet":"max-snippet:-1","max-image-preview":"max-image-preview:large","max-video-preview":"max-video-preview:-1"},"canonical":"https:\/\/preprod.beauxarts-cie.com\/consulting\/projets\/ircam-centre-pompidou\/","og_locale":"fr_FR","og_type":"article","og_title":"Accompagnement de l\u2019IRCAM Centre Pompidou dans la d\u00e9finition du programme d\u2019un nouveau lieu culturel \u00e0 Taipei - Beaux Arts Consulting","og_description":"Client : IRCAM Centre Pompidou 2019-2020Cr\u00e9ation d\u2019un lieu culturel, programmation, innovation, partenariats Le contexte : L\u2019IRCAM Centre Pompidou a sign\u00e9 un accord de collaboration avec le C-Lab, nouveau lieu culturel et de recherche \u00e0 Taipei. L\u2019institution a fait appel \u00e0 Beaux Arts Consulting pour les accompagner dans la d\u00e9finition d\u2019un programme global pour ce site, [&hellip;]","og_url":"https:\/\/preprod.beauxarts-cie.com\/consulting\/projets\/ircam-centre-pompidou\/","og_site_name":"Beaux Arts Consulting","article_modified_time":"2021-11-17T17:00:03+00:00","og_image":[{"width":800,"height":533,"url":"https:\/\/preprod.beauxarts-cie.com\/consulting\/wp-content\/uploads\/sites\/3\/2020\/04\/Consulting_3.-Ref-IRCAM.jpg","type":"image\/jpeg"}],"twitter_card":"summary_large_image","twitter_misc":{"Dur\u00e9e de lecture estim\u00e9e":"1 minute"},"schema":{"@context":"https:\/\/schema.org","@graph":[{"@type":"WebSite","@id":"https:\/\/preprod.beauxarts-cie.com\/consulting\/#website","url":"https:\/\/preprod.beauxarts-cie.com\/consulting\/","name":"Beaux Arts Consulting","description":"Conseil en strat\u00e9gie, innovation et ing\u00e9nierie culturelle","potentialAction":[{"@type":"SearchAction","target":{"@type":"EntryPoint","urlTemplate":"https:\/\/preprod.beauxarts-cie.com\/consulting\/?s={search_term_string}"},"query-input":"required name=search_term_string"}],"inLanguage":"fr-FR"},{"@type":"ImageObject","@id":"https:\/\/preprod.beauxarts-cie.com\/consulting\/projets\/ircam-centre-pompidou\/#primaryimage","inLanguage":"fr-FR","url":"https:\/\/preprod.beauxarts-cie.com\/consulting\/wp-content\/uploads\/sites\/3\/2020\/04\/Consulting_3.-Ref-IRCAM.jpg","contentUrl":"https:\/\/preprod.beauxarts-cie.com\/consulting\/wp-content\/uploads\/sites\/3\/2020\/04\/Consulting_3.-Ref-IRCAM.jpg","width":800,"height":533},{"@type":"WebPage","@id":"https:\/\/preprod.beauxarts-cie.com\/consulting\/projets\/ircam-centre-pompidou\/#webpage","url":"https:\/\/preprod.beauxarts-cie.com\/consulting\/projets\/ircam-centre-pompidou\/","name":"Accompagnement de l\u2019IRCAM Centre Pompidou dans la d\u00e9finition du programme d\u2019un nouveau lieu culturel \u00e0 Taipei - Beaux Arts Consulting","isPartOf":{"@id":"https:\/\/preprod.beauxarts-cie.com\/consulting\/#website"},"primaryImageOfPage":{"@id":"https:\/\/preprod.beauxarts-cie.com\/consulting\/projets\/ircam-centre-pompidou\/#primaryimage"},"datePublished":"2020-04-17T10:03:53+00:00","dateModified":"2021-11-17T17:00:03+00:00","breadcrumb":{"@id":"https:\/\/preprod.beauxarts-cie.com\/consulting\/projets\/ircam-centre-pompidou\/#breadcrumb"},"inLanguage":"fr-FR","potentialAction":[{"@type":"ReadAction","target":["https:\/\/preprod.beauxarts-cie.com\/consulting\/projets\/ircam-centre-pompidou\/"]}]},{"@type":"BreadcrumbList","@id":"https:\/\/preprod.beauxarts-cie.com\/consulting\/projets\/ircam-centre-pompidou\/#breadcrumb","itemListElement":[{"@type":"ListItem","position":1,"name":"Projets","item":"https:\/\/preprod.beauxarts-cie.com\/consulting\/projets\/"},{"@type":"ListItem","position":2,"name":"Accompagnement de l\u2019IRCAM Centre Pompidou dans la d\u00e9finition du programme d\u2019un nouveau lieu culturel \u00e0 Taipei"}]}]}},"_links":{"self":[{"href":"https:\/\/preprod.beauxarts-cie.com\/consulting\/wp-json\/wp\/v2\/pages\/65"}],"collection":[{"href":"https:\/\/preprod.beauxarts-cie.com\/consulting\/wp-json\/wp\/v2\/pages"}],"about":[{"href":"https:\/\/preprod.beauxarts-cie.com\/consulting\/wp-json\/wp\/v2\/types\/page"}],"author":[{"embeddable":true,"href":"https:\/\/preprod.beauxarts-cie.com\/consulting\/wp-json\/wp\/v2\/users\/1"}],"replies":[{"embeddable":true,"href":"https:\/\/preprod.beauxarts-cie.com\/consulting\/wp-json\/wp\/v2\/comments?post=65"}],"version-history":[{"count":2,"href":"https:\/\/preprod.beauxarts-cie.com\/consulting\/wp-json\/wp\/v2\/pages\/65\/revisions"}],"predecessor-version":[{"id":441,"href":"https:\/\/preprod.beauxarts-cie.com\/consulting\/wp-json\/wp\/v2\/pages\/65\/revisions\/441"}],"up":[{"embeddable":true,"href":"https:\/\/preprod.beauxarts-cie.com\/consulting\/wp-json\/wp\/v2\/pages\/49"}],"wp:featuredmedia":[{"embeddable":true,"href":"https:\/\/preprod.beauxarts-cie.com\/consulting\/wp-json\/wp\/v2\/media\/7"}],"wp:attachment":[{"href":"https:\/\/preprod.beauxarts-cie.com\/consulting\/wp-json\/wp\/v2\/media?parent=65"}],"curies":[{"name":"wp","href":"https:\/\/api.w.org\/{rel}","templated":true}]}}