{"id":554,"date":"2021-11-17T17:19:39","date_gmt":"2021-11-17T16:19:39","guid":{"rendered":"https:\/\/preprod.beauxarts-cie.com\/consulting\/?page_id=554"},"modified":"2021-11-17T17:26:19","modified_gmt":"2021-11-17T16:26:19","slug":"creation-dune-biennale-dart-a-amaala-arabie-saoudite","status":"publish","type":"page","link":"https:\/\/preprod.beauxarts-cie.com\/consulting\/projets\/creation-dune-biennale-dart-a-amaala-arabie-saoudite\/","title":{"rendered":"Cr\u00e9ation d\u2019une biennale d\u2019art \u00e0 AMAALA (Arabie Saoudite)"},"content":{"rendered":"\n<div class=\"wp-block-columns refId\">\n<div class=\"wp-block-column\">\n<h2 class=\"has-text-align-left\">Client : AMAALA COMPANY<\/h2>\n\n\n\n<p><\/p>\n<\/div>\n\n\n\n<div class=\"wp-block-column\">\n<p>2021, en cours<br>Positionnement strat\u00e9gique, mod\u00e9lisation \u00e9conomique<\/p>\n<\/div>\n<\/div>\n\n\n\n<p>D\u00e9finition des concepts et des positionnements clairs pour la cr\u00e9ation d\u2019\u00e9v\u00e8nements d\u2019art contemporain dans le cadre de la cr\u00e9ation d\u2019un nouveau site culturel et touristiques.<\/p>\n\n\n\n<p><strong>Le contexte :<\/strong><\/p>\n\n\n\n<p>Un grand projet touristique et culturel doit voir le jour d\u2019ici 5 ans au Moyen-Orient. Beaux Arts Consulting accompagne les concepteurs du projet sur le volet Art &amp; Culture, \u00e0 la fois dans le design de la vision cible et du mod\u00e8le \u00e9conomique associ\u00e9 et en pr\u00e9figuration de l\u2019ouverture du lieu, dans la conception d\u2019\u00e9v\u00e8nements artistiques majeurs.<\/p>\n\n\n\n<p><\/p>\n\n\n\n<p><strong>Travaux men\u00e9s :<\/strong><\/p>\n\n\n\n<ul><li>R\u00e9alisation d\u2019un benchmark des biennales d\u2019art et festivals de films \u00e0 l\u2019international et \u00e9laboration de sc\u00e9narios de positionnement en lien avec l\u2019ADN du projet<\/li><li>Mod\u00e9lisation \u00e9conomique de la vision cible et d\u00e9finition de la feuille de route<\/li><li>D\u00e9finition d\u2019\u00e9v\u00e8nements pr\u00e9figurant l\u2019ouverture du site<\/li><li>Projet d\u2019expositions itin\u00e9rantes \u00e0 l\u2019international<\/li><li>Strat\u00e9gie de partenariats<\/li><\/ul>\n","protected":false},"excerpt":{"rendered":"<p>Client : AMAALA COMPANY 2021, en coursPositionnement strat\u00e9gique, mod\u00e9lisation \u00e9conomique D\u00e9finition des concepts et des positionnements clairs pour la cr\u00e9ation d\u2019\u00e9v\u00e8nements d\u2019art contemporain dans le cadre de la cr\u00e9ation d\u2019un nouveau site culturel et touristiques. Le contexte : Un grand projet touristique et culturel doit voir le jour d\u2019ici 5 ans au Moyen-Orient. Beaux Arts [&hellip;]<\/p>\n","protected":false},"author":12,"featured_media":549,"parent":49,"menu_order":0,"comment_status":"closed","ping_status":"closed","template":"tpl-page-child-reference.php","meta":[],"yoast_head":"<!-- This site is optimized with the Yoast SEO plugin v18.0 - https:\/\/yoast.com\/wordpress\/plugins\/seo\/ -->\n<meta name=\"robots\" content=\"index, follow, max-snippet:-1, max-image-preview:large, max-video-preview:-1\" \/>\n<link rel=\"canonical\" href=\"https:\/\/preprod.beauxarts-cie.com\/consulting\/projets\/creation-dune-biennale-dart-a-amaala-arabie-saoudite\/\" \/>\n<meta property=\"og:locale\" content=\"fr_FR\" \/>\n<meta property=\"og:type\" content=\"article\" \/>\n<meta property=\"og:title\" content=\"Cr\u00e9ation d\u2019une biennale d\u2019art \u00e0 AMAALA (Arabie Saoudite) - Beaux Arts Consulting\" \/>\n<meta property=\"og:description\" content=\"Client : AMAALA COMPANY 2021, en coursPositionnement strat\u00e9gique, mod\u00e9lisation \u00e9conomique D\u00e9finition des concepts et des positionnements clairs pour la cr\u00e9ation d\u2019\u00e9v\u00e8nements d\u2019art contemporain dans le cadre de la cr\u00e9ation d\u2019un nouveau site culturel et touristiques. Le contexte : Un grand projet touristique et culturel doit voir le jour d\u2019ici 5 ans au Moyen-Orient. Beaux Arts [&hellip;]\" \/>\n<meta property=\"og:url\" content=\"https:\/\/preprod.beauxarts-cie.com\/consulting\/projets\/creation-dune-biennale-dart-a-amaala-arabie-saoudite\/\" \/>\n<meta property=\"og:site_name\" content=\"Beaux Arts Consulting\" \/>\n<meta property=\"article:modified_time\" content=\"2021-11-17T16:26:19+00:00\" \/>\n<meta property=\"og:image\" content=\"https:\/\/preprod.beauxarts-cie.com\/consulting\/wp-content\/uploads\/sites\/3\/2021\/11\/AMAALA.jpg\" \/>\n\t<meta property=\"og:image:width\" content=\"1200\" \/>\n\t<meta property=\"og:image:height\" content=\"800\" \/>\n\t<meta property=\"og:image:type\" content=\"image\/jpeg\" \/>\n<meta name=\"twitter:card\" content=\"summary_large_image\" \/>\n<meta name=\"twitter:label1\" content=\"Dur\u00e9e de lecture estim\u00e9e\" \/>\n\t<meta name=\"twitter:data1\" content=\"1 minute\" \/>\n<script type=\"application\/ld+json\" class=\"yoast-schema-graph\">{\"@context\":\"https:\/\/schema.org\",\"@graph\":[{\"@type\":\"WebSite\",\"@id\":\"https:\/\/preprod.beauxarts-cie.com\/consulting\/#website\",\"url\":\"https:\/\/preprod.beauxarts-cie.com\/consulting\/\",\"name\":\"Beaux Arts Consulting\",\"description\":\"Conseil en strat\u00e9gie, innovation et ing\u00e9nierie culturelle\",\"potentialAction\":[{\"@type\":\"SearchAction\",\"target\":{\"@type\":\"EntryPoint\",\"urlTemplate\":\"https:\/\/preprod.beauxarts-cie.com\/consulting\/?s={search_term_string}\"},\"query-input\":\"required name=search_term_string\"}],\"inLanguage\":\"fr-FR\"},{\"@type\":\"ImageObject\",\"@id\":\"https:\/\/preprod.beauxarts-cie.com\/consulting\/projets\/creation-dune-biennale-dart-a-amaala-arabie-saoudite\/#primaryimage\",\"inLanguage\":\"fr-FR\",\"url\":\"https:\/\/preprod.beauxarts-cie.com\/consulting\/wp-content\/uploads\/sites\/3\/2021\/11\/AMAALA.jpg\",\"contentUrl\":\"https:\/\/preprod.beauxarts-cie.com\/consulting\/wp-content\/uploads\/sites\/3\/2021\/11\/AMAALA.jpg\",\"width\":1200,\"height\":800},{\"@type\":\"WebPage\",\"@id\":\"https:\/\/preprod.beauxarts-cie.com\/consulting\/projets\/creation-dune-biennale-dart-a-amaala-arabie-saoudite\/#webpage\",\"url\":\"https:\/\/preprod.beauxarts-cie.com\/consulting\/projets\/creation-dune-biennale-dart-a-amaala-arabie-saoudite\/\",\"name\":\"Cr\u00e9ation d\u2019une biennale d\u2019art \u00e0 AMAALA (Arabie Saoudite) - Beaux Arts Consulting\",\"isPartOf\":{\"@id\":\"https:\/\/preprod.beauxarts-cie.com\/consulting\/#website\"},\"primaryImageOfPage\":{\"@id\":\"https:\/\/preprod.beauxarts-cie.com\/consulting\/projets\/creation-dune-biennale-dart-a-amaala-arabie-saoudite\/#primaryimage\"},\"datePublished\":\"2021-11-17T16:19:39+00:00\",\"dateModified\":\"2021-11-17T16:26:19+00:00\",\"breadcrumb\":{\"@id\":\"https:\/\/preprod.beauxarts-cie.com\/consulting\/projets\/creation-dune-biennale-dart-a-amaala-arabie-saoudite\/#breadcrumb\"},\"inLanguage\":\"fr-FR\",\"potentialAction\":[{\"@type\":\"ReadAction\",\"target\":[\"https:\/\/preprod.beauxarts-cie.com\/consulting\/projets\/creation-dune-biennale-dart-a-amaala-arabie-saoudite\/\"]}]},{\"@type\":\"BreadcrumbList\",\"@id\":\"https:\/\/preprod.beauxarts-cie.com\/consulting\/projets\/creation-dune-biennale-dart-a-amaala-arabie-saoudite\/#breadcrumb\",\"itemListElement\":[{\"@type\":\"ListItem\",\"position\":1,\"name\":\"Projets\",\"item\":\"https:\/\/preprod.beauxarts-cie.com\/consulting\/projets\/\"},{\"@type\":\"ListItem\",\"position\":2,\"name\":\"Cr\u00e9ation d\u2019une biennale d\u2019art \u00e0 AMAALA (Arabie Saoudite)\"}]}]}<\/script>\n<!-- \/ Yoast SEO plugin. -->","yoast_head_json":{"robots":{"index":"index","follow":"follow","max-snippet":"max-snippet:-1","max-image-preview":"max-image-preview:large","max-video-preview":"max-video-preview:-1"},"canonical":"https:\/\/preprod.beauxarts-cie.com\/consulting\/projets\/creation-dune-biennale-dart-a-amaala-arabie-saoudite\/","og_locale":"fr_FR","og_type":"article","og_title":"Cr\u00e9ation d\u2019une biennale d\u2019art \u00e0 AMAALA (Arabie Saoudite) - Beaux Arts Consulting","og_description":"Client : AMAALA COMPANY 2021, en coursPositionnement strat\u00e9gique, mod\u00e9lisation \u00e9conomique D\u00e9finition des concepts et des positionnements clairs pour la cr\u00e9ation d\u2019\u00e9v\u00e8nements d\u2019art contemporain dans le cadre de la cr\u00e9ation d\u2019un nouveau site culturel et touristiques. Le contexte : Un grand projet touristique et culturel doit voir le jour d\u2019ici 5 ans au Moyen-Orient. Beaux Arts [&hellip;]","og_url":"https:\/\/preprod.beauxarts-cie.com\/consulting\/projets\/creation-dune-biennale-dart-a-amaala-arabie-saoudite\/","og_site_name":"Beaux Arts Consulting","article_modified_time":"2021-11-17T16:26:19+00:00","og_image":[{"width":1200,"height":800,"url":"https:\/\/preprod.beauxarts-cie.com\/consulting\/wp-content\/uploads\/sites\/3\/2021\/11\/AMAALA.jpg","type":"image\/jpeg"}],"twitter_card":"summary_large_image","twitter_misc":{"Dur\u00e9e de lecture estim\u00e9e":"1 minute"},"schema":{"@context":"https:\/\/schema.org","@graph":[{"@type":"WebSite","@id":"https:\/\/preprod.beauxarts-cie.com\/consulting\/#website","url":"https:\/\/preprod.beauxarts-cie.com\/consulting\/","name":"Beaux Arts Consulting","description":"Conseil en strat\u00e9gie, innovation et ing\u00e9nierie culturelle","potentialAction":[{"@type":"SearchAction","target":{"@type":"EntryPoint","urlTemplate":"https:\/\/preprod.beauxarts-cie.com\/consulting\/?s={search_term_string}"},"query-input":"required name=search_term_string"}],"inLanguage":"fr-FR"},{"@type":"ImageObject","@id":"https:\/\/preprod.beauxarts-cie.com\/consulting\/projets\/creation-dune-biennale-dart-a-amaala-arabie-saoudite\/#primaryimage","inLanguage":"fr-FR","url":"https:\/\/preprod.beauxarts-cie.com\/consulting\/wp-content\/uploads\/sites\/3\/2021\/11\/AMAALA.jpg","contentUrl":"https:\/\/preprod.beauxarts-cie.com\/consulting\/wp-content\/uploads\/sites\/3\/2021\/11\/AMAALA.jpg","width":1200,"height":800},{"@type":"WebPage","@id":"https:\/\/preprod.beauxarts-cie.com\/consulting\/projets\/creation-dune-biennale-dart-a-amaala-arabie-saoudite\/#webpage","url":"https:\/\/preprod.beauxarts-cie.com\/consulting\/projets\/creation-dune-biennale-dart-a-amaala-arabie-saoudite\/","name":"Cr\u00e9ation d\u2019une biennale d\u2019art \u00e0 AMAALA (Arabie Saoudite) - Beaux Arts Consulting","isPartOf":{"@id":"https:\/\/preprod.beauxarts-cie.com\/consulting\/#website"},"primaryImageOfPage":{"@id":"https:\/\/preprod.beauxarts-cie.com\/consulting\/projets\/creation-dune-biennale-dart-a-amaala-arabie-saoudite\/#primaryimage"},"datePublished":"2021-11-17T16:19:39+00:00","dateModified":"2021-11-17T16:26:19+00:00","breadcrumb":{"@id":"https:\/\/preprod.beauxarts-cie.com\/consulting\/projets\/creation-dune-biennale-dart-a-amaala-arabie-saoudite\/#breadcrumb"},"inLanguage":"fr-FR","potentialAction":[{"@type":"ReadAction","target":["https:\/\/preprod.beauxarts-cie.com\/consulting\/projets\/creation-dune-biennale-dart-a-amaala-arabie-saoudite\/"]}]},{"@type":"BreadcrumbList","@id":"https:\/\/preprod.beauxarts-cie.com\/consulting\/projets\/creation-dune-biennale-dart-a-amaala-arabie-saoudite\/#breadcrumb","itemListElement":[{"@type":"ListItem","position":1,"name":"Projets","item":"https:\/\/preprod.beauxarts-cie.com\/consulting\/projets\/"},{"@type":"ListItem","position":2,"name":"Cr\u00e9ation d\u2019une biennale d\u2019art \u00e0 AMAALA (Arabie Saoudite)"}]}]}},"_links":{"self":[{"href":"https:\/\/preprod.beauxarts-cie.com\/consulting\/wp-json\/wp\/v2\/pages\/554"}],"collection":[{"href":"https:\/\/preprod.beauxarts-cie.com\/consulting\/wp-json\/wp\/v2\/pages"}],"about":[{"href":"https:\/\/preprod.beauxarts-cie.com\/consulting\/wp-json\/wp\/v2\/types\/page"}],"author":[{"embeddable":true,"href":"https:\/\/preprod.beauxarts-cie.com\/consulting\/wp-json\/wp\/v2\/users\/12"}],"replies":[{"embeddable":true,"href":"https:\/\/preprod.beauxarts-cie.com\/consulting\/wp-json\/wp\/v2\/comments?post=554"}],"version-history":[{"count":2,"href":"https:\/\/preprod.beauxarts-cie.com\/consulting\/wp-json\/wp\/v2\/pages\/554\/revisions"}],"predecessor-version":[{"id":556,"href":"https:\/\/preprod.beauxarts-cie.com\/consulting\/wp-json\/wp\/v2\/pages\/554\/revisions\/556"}],"up":[{"embeddable":true,"href":"https:\/\/preprod.beauxarts-cie.com\/consulting\/wp-json\/wp\/v2\/pages\/49"}],"wp:featuredmedia":[{"embeddable":true,"href":"https:\/\/preprod.beauxarts-cie.com\/consulting\/wp-json\/wp\/v2\/media\/549"}],"wp:attachment":[{"href":"https:\/\/preprod.beauxarts-cie.com\/consulting\/wp-json\/wp\/v2\/media?parent=554"}],"curies":[{"name":"wp","href":"https:\/\/api.w.org\/{rel}","templated":true}]}}