{"id":534,"date":"2021-11-17T12:47:04","date_gmt":"2021-11-17T11:47:04","guid":{"rendered":"https:\/\/preprod.beauxarts-cie.com\/consulting\/?page_id=534"},"modified":"2021-11-17T17:58:32","modified_gmt":"2021-11-17T16:58:32","slug":"ircan-amplify","status":"publish","type":"page","link":"https:\/\/preprod.beauxarts-cie.com\/consulting\/projets\/ircan-amplify\/","title":{"rendered":"IrcaM Amplify"},"content":{"rendered":"\n<div class=\"wp-block-columns refId\">\n<div class=\"wp-block-column\">\n<h2 class=\"has-text-align-left\">Client : Ircam Centre Pompidou<\/h2>\n<\/div>\n\n\n\n<div class=\"wp-block-column\">\n<p>2018-2019<br>Positionnement strat\u00e9gique, mod\u00e9lisation \u00e9conomique<\/p>\n<\/div>\n<\/div>\n\n\n\n<p>Accompagnement dans la constitution du <strong>dossier de candidature \u00e0 l\u2019AMI \u00ab&nbsp;Culture, Patrimoine et Num\u00e9rique&nbsp;\u00bb<\/strong> de l\u2019IRCAM dans le cadre du PIA pour la cr\u00e9ation de sa filiale IRCAM Amplify.<\/p>\n\n\n\n<p><strong>Le contexte :<\/strong><\/p>\n\n\n\n<p>L\u2019IRCAM a souhait\u00e9 cr\u00e9er une soci\u00e9t\u00e9 de projet d\u00e9di\u00e9e au d\u00e9veloppement et \u00e0 la valorisation des technologies de pointe, dans le domaine du son issues, de ses laboratoires de recherche. L\u2019IRCAM a fait appel \u00e0 Beaux Arts Consulting pour d\u00e9finir les produits et march\u00e9s cibles, structurer le Business Plan du projet et r\u00e9aliser son dossier de candidature \u00e0 l\u2019AMI \u00ab&nbsp;CP2N&nbsp;\u00bb DU Plan d\u2019Investissement d\u2019Avenir.<\/p>\n\n\n\n<p><strong>Travaux men\u00e9s :<\/strong><\/p>\n\n\n\n<ul><li>Etude de march\u00e9 via des interviews et recherches dans les secteurs identifi\u00e9s<\/li><li>Cadrage marketing et commercial de l\u2019offre via un benchmark de la concurrence, prioritisation des segments cibles et leur dimensionnement<\/li><li>Formalisation d\u2019une trajectoire financi\u00e8re sur 5 ans (OPEX et CAPEX)<\/li><li>Identification et dimensionnement des comp\u00e9tences requises pour la soci\u00e9t\u00e9, support au recrutement de la Direction G\u00e9n\u00e9rale<\/li><li>Support \u00e0 la constitution du dossier de candidature et \u00e0 la pr\u00e9sentation du projet aux financements<\/li><\/ul>\n","protected":false},"excerpt":{"rendered":"<p>Client : Ircam Centre Pompidou 2018-2019Positionnement strat\u00e9gique, mod\u00e9lisation \u00e9conomique Accompagnement dans la constitution du dossier de candidature \u00e0 l\u2019AMI \u00ab&nbsp;Culture, Patrimoine et Num\u00e9rique&nbsp;\u00bb de l\u2019IRCAM dans le cadre du PIA pour la cr\u00e9ation de sa filiale IRCAM Amplify. Le contexte : L\u2019IRCAM a souhait\u00e9 cr\u00e9er une soci\u00e9t\u00e9 de projet d\u00e9di\u00e9e au d\u00e9veloppement et \u00e0 la [&hellip;]<\/p>\n","protected":false},"author":12,"featured_media":538,"parent":49,"menu_order":0,"comment_status":"closed","ping_status":"closed","template":"tpl-page-child-reference.php","meta":[],"yoast_head":"<!-- This site is optimized with the Yoast SEO plugin v18.0 - https:\/\/yoast.com\/wordpress\/plugins\/seo\/ -->\n<meta name=\"robots\" content=\"index, follow, max-snippet:-1, max-image-preview:large, max-video-preview:-1\" \/>\n<link rel=\"canonical\" href=\"https:\/\/preprod.beauxarts-cie.com\/consulting\/projets\/ircan-amplify\/\" \/>\n<meta property=\"og:locale\" content=\"fr_FR\" \/>\n<meta property=\"og:type\" content=\"article\" \/>\n<meta property=\"og:title\" content=\"IrcaM Amplify - Beaux Arts Consulting\" \/>\n<meta property=\"og:description\" content=\"Client : Ircam Centre Pompidou 2018-2019Positionnement strat\u00e9gique, mod\u00e9lisation \u00e9conomique Accompagnement dans la constitution du dossier de candidature \u00e0 l\u2019AMI \u00ab&nbsp;Culture, Patrimoine et Num\u00e9rique&nbsp;\u00bb de l\u2019IRCAM dans le cadre du PIA pour la cr\u00e9ation de sa filiale IRCAM Amplify. Le contexte : L\u2019IRCAM a souhait\u00e9 cr\u00e9er une soci\u00e9t\u00e9 de projet d\u00e9di\u00e9e au d\u00e9veloppement et \u00e0 la [&hellip;]\" \/>\n<meta property=\"og:url\" content=\"https:\/\/preprod.beauxarts-cie.com\/consulting\/projets\/ircan-amplify\/\" \/>\n<meta property=\"og:site_name\" content=\"Beaux Arts Consulting\" \/>\n<meta property=\"article:modified_time\" content=\"2021-11-17T16:58:32+00:00\" \/>\n<meta property=\"og:image\" content=\"https:\/\/preprod.beauxarts-cie.com\/consulting\/wp-content\/uploads\/sites\/3\/2021\/11\/IRCAM-CENTRE-POMPIDOU-1-1024x682.jpg\" \/>\n\t<meta property=\"og:image:width\" content=\"1024\" \/>\n\t<meta property=\"og:image:height\" content=\"682\" \/>\n\t<meta property=\"og:image:type\" content=\"image\/jpeg\" \/>\n<meta name=\"twitter:card\" content=\"summary_large_image\" \/>\n<meta name=\"twitter:label1\" content=\"Dur\u00e9e de lecture estim\u00e9e\" \/>\n\t<meta name=\"twitter:data1\" content=\"1 minute\" \/>\n<script type=\"application\/ld+json\" class=\"yoast-schema-graph\">{\"@context\":\"https:\/\/schema.org\",\"@graph\":[{\"@type\":\"WebSite\",\"@id\":\"https:\/\/preprod.beauxarts-cie.com\/consulting\/#website\",\"url\":\"https:\/\/preprod.beauxarts-cie.com\/consulting\/\",\"name\":\"Beaux Arts Consulting\",\"description\":\"Conseil en strat\u00e9gie, innovation et ing\u00e9nierie culturelle\",\"potentialAction\":[{\"@type\":\"SearchAction\",\"target\":{\"@type\":\"EntryPoint\",\"urlTemplate\":\"https:\/\/preprod.beauxarts-cie.com\/consulting\/?s={search_term_string}\"},\"query-input\":\"required name=search_term_string\"}],\"inLanguage\":\"fr-FR\"},{\"@type\":\"ImageObject\",\"@id\":\"https:\/\/preprod.beauxarts-cie.com\/consulting\/projets\/ircan-amplify\/#primaryimage\",\"inLanguage\":\"fr-FR\",\"url\":\"https:\/\/preprod.beauxarts-cie.com\/consulting\/wp-content\/uploads\/sites\/3\/2021\/11\/IRCAM-CENTRE-POMPIDOU-1.jpg\",\"contentUrl\":\"https:\/\/preprod.beauxarts-cie.com\/consulting\/wp-content\/uploads\/sites\/3\/2021\/11\/IRCAM-CENTRE-POMPIDOU-1.jpg\",\"width\":2000,\"height\":1333},{\"@type\":\"WebPage\",\"@id\":\"https:\/\/preprod.beauxarts-cie.com\/consulting\/projets\/ircan-amplify\/#webpage\",\"url\":\"https:\/\/preprod.beauxarts-cie.com\/consulting\/projets\/ircan-amplify\/\",\"name\":\"IrcaM Amplify - Beaux Arts Consulting\",\"isPartOf\":{\"@id\":\"https:\/\/preprod.beauxarts-cie.com\/consulting\/#website\"},\"primaryImageOfPage\":{\"@id\":\"https:\/\/preprod.beauxarts-cie.com\/consulting\/projets\/ircan-amplify\/#primaryimage\"},\"datePublished\":\"2021-11-17T11:47:04+00:00\",\"dateModified\":\"2021-11-17T16:58:32+00:00\",\"breadcrumb\":{\"@id\":\"https:\/\/preprod.beauxarts-cie.com\/consulting\/projets\/ircan-amplify\/#breadcrumb\"},\"inLanguage\":\"fr-FR\",\"potentialAction\":[{\"@type\":\"ReadAction\",\"target\":[\"https:\/\/preprod.beauxarts-cie.com\/consulting\/projets\/ircan-amplify\/\"]}]},{\"@type\":\"BreadcrumbList\",\"@id\":\"https:\/\/preprod.beauxarts-cie.com\/consulting\/projets\/ircan-amplify\/#breadcrumb\",\"itemListElement\":[{\"@type\":\"ListItem\",\"position\":1,\"name\":\"Projets\",\"item\":\"https:\/\/preprod.beauxarts-cie.com\/consulting\/projets\/\"},{\"@type\":\"ListItem\",\"position\":2,\"name\":\"IrcaM Amplify\"}]}]}<\/script>\n<!-- \/ Yoast SEO plugin. -->","yoast_head_json":{"robots":{"index":"index","follow":"follow","max-snippet":"max-snippet:-1","max-image-preview":"max-image-preview:large","max-video-preview":"max-video-preview:-1"},"canonical":"https:\/\/preprod.beauxarts-cie.com\/consulting\/projets\/ircan-amplify\/","og_locale":"fr_FR","og_type":"article","og_title":"IrcaM Amplify - Beaux Arts Consulting","og_description":"Client : Ircam Centre Pompidou 2018-2019Positionnement strat\u00e9gique, mod\u00e9lisation \u00e9conomique Accompagnement dans la constitution du dossier de candidature \u00e0 l\u2019AMI \u00ab&nbsp;Culture, Patrimoine et Num\u00e9rique&nbsp;\u00bb de l\u2019IRCAM dans le cadre du PIA pour la cr\u00e9ation de sa filiale IRCAM Amplify. Le contexte : L\u2019IRCAM a souhait\u00e9 cr\u00e9er une soci\u00e9t\u00e9 de projet d\u00e9di\u00e9e au d\u00e9veloppement et \u00e0 la [&hellip;]","og_url":"https:\/\/preprod.beauxarts-cie.com\/consulting\/projets\/ircan-amplify\/","og_site_name":"Beaux Arts Consulting","article_modified_time":"2021-11-17T16:58:32+00:00","og_image":[{"width":1024,"height":682,"url":"https:\/\/preprod.beauxarts-cie.com\/consulting\/wp-content\/uploads\/sites\/3\/2021\/11\/IRCAM-CENTRE-POMPIDOU-1-1024x682.jpg","type":"image\/jpeg"}],"twitter_card":"summary_large_image","twitter_misc":{"Dur\u00e9e de lecture estim\u00e9e":"1 minute"},"schema":{"@context":"https:\/\/schema.org","@graph":[{"@type":"WebSite","@id":"https:\/\/preprod.beauxarts-cie.com\/consulting\/#website","url":"https:\/\/preprod.beauxarts-cie.com\/consulting\/","name":"Beaux Arts Consulting","description":"Conseil en strat\u00e9gie, innovation et ing\u00e9nierie culturelle","potentialAction":[{"@type":"SearchAction","target":{"@type":"EntryPoint","urlTemplate":"https:\/\/preprod.beauxarts-cie.com\/consulting\/?s={search_term_string}"},"query-input":"required name=search_term_string"}],"inLanguage":"fr-FR"},{"@type":"ImageObject","@id":"https:\/\/preprod.beauxarts-cie.com\/consulting\/projets\/ircan-amplify\/#primaryimage","inLanguage":"fr-FR","url":"https:\/\/preprod.beauxarts-cie.com\/consulting\/wp-content\/uploads\/sites\/3\/2021\/11\/IRCAM-CENTRE-POMPIDOU-1.jpg","contentUrl":"https:\/\/preprod.beauxarts-cie.com\/consulting\/wp-content\/uploads\/sites\/3\/2021\/11\/IRCAM-CENTRE-POMPIDOU-1.jpg","width":2000,"height":1333},{"@type":"WebPage","@id":"https:\/\/preprod.beauxarts-cie.com\/consulting\/projets\/ircan-amplify\/#webpage","url":"https:\/\/preprod.beauxarts-cie.com\/consulting\/projets\/ircan-amplify\/","name":"IrcaM Amplify - Beaux Arts Consulting","isPartOf":{"@id":"https:\/\/preprod.beauxarts-cie.com\/consulting\/#website"},"primaryImageOfPage":{"@id":"https:\/\/preprod.beauxarts-cie.com\/consulting\/projets\/ircan-amplify\/#primaryimage"},"datePublished":"2021-11-17T11:47:04+00:00","dateModified":"2021-11-17T16:58:32+00:00","breadcrumb":{"@id":"https:\/\/preprod.beauxarts-cie.com\/consulting\/projets\/ircan-amplify\/#breadcrumb"},"inLanguage":"fr-FR","potentialAction":[{"@type":"ReadAction","target":["https:\/\/preprod.beauxarts-cie.com\/consulting\/projets\/ircan-amplify\/"]}]},{"@type":"BreadcrumbList","@id":"https:\/\/preprod.beauxarts-cie.com\/consulting\/projets\/ircan-amplify\/#breadcrumb","itemListElement":[{"@type":"ListItem","position":1,"name":"Projets","item":"https:\/\/preprod.beauxarts-cie.com\/consulting\/projets\/"},{"@type":"ListItem","position":2,"name":"IrcaM Amplify"}]}]}},"_links":{"self":[{"href":"https:\/\/preprod.beauxarts-cie.com\/consulting\/wp-json\/wp\/v2\/pages\/534"}],"collection":[{"href":"https:\/\/preprod.beauxarts-cie.com\/consulting\/wp-json\/wp\/v2\/pages"}],"about":[{"href":"https:\/\/preprod.beauxarts-cie.com\/consulting\/wp-json\/wp\/v2\/types\/page"}],"author":[{"embeddable":true,"href":"https:\/\/preprod.beauxarts-cie.com\/consulting\/wp-json\/wp\/v2\/users\/12"}],"replies":[{"embeddable":true,"href":"https:\/\/preprod.beauxarts-cie.com\/consulting\/wp-json\/wp\/v2\/comments?post=534"}],"version-history":[{"count":3,"href":"https:\/\/preprod.beauxarts-cie.com\/consulting\/wp-json\/wp\/v2\/pages\/534\/revisions"}],"predecessor-version":[{"id":587,"href":"https:\/\/preprod.beauxarts-cie.com\/consulting\/wp-json\/wp\/v2\/pages\/534\/revisions\/587"}],"up":[{"embeddable":true,"href":"https:\/\/preprod.beauxarts-cie.com\/consulting\/wp-json\/wp\/v2\/pages\/49"}],"wp:featuredmedia":[{"embeddable":true,"href":"https:\/\/preprod.beauxarts-cie.com\/consulting\/wp-json\/wp\/v2\/media\/538"}],"wp:attachment":[{"href":"https:\/\/preprod.beauxarts-cie.com\/consulting\/wp-json\/wp\/v2\/media?parent=534"}],"curies":[{"name":"wp","href":"https:\/\/api.w.org\/{rel}","templated":true}]}}