{"id":530,"date":"2021-11-17T12:40:04","date_gmt":"2021-11-17T11:40:04","guid":{"rendered":"https:\/\/preprod.beauxarts-cie.com\/consulting\/?page_id=530"},"modified":"2021-11-17T12:41:09","modified_gmt":"2021-11-17T11:41:09","slug":"philharmonie-des-enfants-2","status":"publish","type":"page","link":"https:\/\/preprod.beauxarts-cie.com\/consulting\/projets\/philharmonie-des-enfants-2\/","title":{"rendered":"Philharmonie des Enfants"},"content":{"rendered":"\n<div class=\"wp-block-columns refId\">\n<div class=\"wp-block-column\">\n<h2 class=\"has-text-align-left\">Client : Philharmonie de Paris \u2013 Cit\u00e9 de la Musique<\/h2>\n<\/div>\n\n\n\n<div class=\"wp-block-column\">\n<p>2018-2020<br>Mod\u00e9lisation \u00e9conomique<\/p>\n<\/div>\n<\/div>\n\n\n\n<p>Co-construction du mod\u00e8le \u00e9conomique de la Philharmonie des enfants et cr\u00e9ation d\u2019un Business Plan pour le d\u00e9veloppement de ce nouvel espace mus\u00e9al.<\/p>\n\n\n\n<p><strong>Le contexte :<\/strong><\/p>\n\n\n\n<p>En vue de la cr\u00e9ation de la Philharmonie des enfants, l\u2019institution a demand\u00e9 \u00e0 Beaux Arts Consulting de l\u2019accompagner dans la constitution du dossier de candidature \u00e0 l\u2019AMI \u00ab\u00a0Culture, Patrimoine et Num\u00e9rique\u00a0\u00bb dans le cadre du Programme d\u2019Investissements d\u2019Avenir. Ce travail de mod\u00e9lisation \u00e9conomique et de formalisation a permis \u00e0 la Philharmonie d\u2019obtenir de la Caisse des D\u00e9p\u00f4ts et Consignations les fonds pour mener \u00e0 bien son projet.<\/p>\n\n\n\n<p><strong>Travaux men\u00e9s :<\/strong><\/p>\n\n\n\n<ul><li>Ateliers de co-construction des hypoth\u00e8ses \u00e9conomiques avec les porteurs du projet<\/li><li>Macro chiffrage des OPEX et CAPEX et formalisation dans une macro trajectoire financi\u00e8re sur 15 ans<\/li><li>Accompagnement de la recherche de partenaires et investisseurs potentiels<\/li><li>Support \u00e0 la constitution du dossier pour le plan de financement<\/li><\/ul>\n\n\n\n<p><\/p>\n","protected":false},"excerpt":{"rendered":"<p>Client : Philharmonie de Paris \u2013 Cit\u00e9 de la Musique 2018-2020Mod\u00e9lisation \u00e9conomique Co-construction du mod\u00e8le \u00e9conomique de la Philharmonie des enfants et cr\u00e9ation d\u2019un Business Plan pour le d\u00e9veloppement de ce nouvel espace mus\u00e9al. Le contexte : En vue de la cr\u00e9ation de la Philharmonie des enfants, l\u2019institution a demand\u00e9 \u00e0 Beaux Arts Consulting de [&hellip;]<\/p>\n","protected":false},"author":12,"featured_media":529,"parent":49,"menu_order":0,"comment_status":"closed","ping_status":"closed","template":"tpl-page-child-reference.php","meta":[],"yoast_head":"<!-- This site is optimized with the Yoast SEO plugin v18.0 - https:\/\/yoast.com\/wordpress\/plugins\/seo\/ -->\n<meta name=\"robots\" content=\"index, follow, max-snippet:-1, max-image-preview:large, max-video-preview:-1\" \/>\n<link rel=\"canonical\" href=\"https:\/\/preprod.beauxarts-cie.com\/consulting\/projets\/philharmonie-des-enfants-2\/\" \/>\n<meta property=\"og:locale\" content=\"fr_FR\" \/>\n<meta property=\"og:type\" content=\"article\" \/>\n<meta property=\"og:title\" content=\"Philharmonie des Enfants - Beaux Arts Consulting\" \/>\n<meta property=\"og:description\" content=\"Client : Philharmonie de Paris \u2013 Cit\u00e9 de la Musique 2018-2020Mod\u00e9lisation \u00e9conomique Co-construction du mod\u00e8le \u00e9conomique de la Philharmonie des enfants et cr\u00e9ation d\u2019un Business Plan pour le d\u00e9veloppement de ce nouvel espace mus\u00e9al. Le contexte : En vue de la cr\u00e9ation de la Philharmonie des enfants, l\u2019institution a demand\u00e9 \u00e0 Beaux Arts Consulting de [&hellip;]\" \/>\n<meta property=\"og:url\" content=\"https:\/\/preprod.beauxarts-cie.com\/consulting\/projets\/philharmonie-des-enfants-2\/\" \/>\n<meta property=\"og:site_name\" content=\"Beaux Arts Consulting\" \/>\n<meta property=\"article:modified_time\" content=\"2021-11-17T11:41:09+00:00\" \/>\n<meta property=\"og:image\" content=\"https:\/\/preprod.beauxarts-cie.com\/consulting\/wp-content\/uploads\/sites\/3\/2021\/11\/Philharmonie-des-enfants.jpg\" \/>\n\t<meta property=\"og:image:width\" content=\"870\" \/>\n\t<meta property=\"og:image:height\" content=\"489\" \/>\n\t<meta property=\"og:image:type\" content=\"image\/jpeg\" \/>\n<meta name=\"twitter:card\" content=\"summary_large_image\" \/>\n<meta name=\"twitter:label1\" content=\"Dur\u00e9e de lecture estim\u00e9e\" \/>\n\t<meta name=\"twitter:data1\" content=\"1 minute\" \/>\n<script type=\"application\/ld+json\" class=\"yoast-schema-graph\">{\"@context\":\"https:\/\/schema.org\",\"@graph\":[{\"@type\":\"WebSite\",\"@id\":\"https:\/\/preprod.beauxarts-cie.com\/consulting\/#website\",\"url\":\"https:\/\/preprod.beauxarts-cie.com\/consulting\/\",\"name\":\"Beaux Arts Consulting\",\"description\":\"Conseil en strat\u00e9gie, innovation et ing\u00e9nierie culturelle\",\"potentialAction\":[{\"@type\":\"SearchAction\",\"target\":{\"@type\":\"EntryPoint\",\"urlTemplate\":\"https:\/\/preprod.beauxarts-cie.com\/consulting\/?s={search_term_string}\"},\"query-input\":\"required name=search_term_string\"}],\"inLanguage\":\"fr-FR\"},{\"@type\":\"ImageObject\",\"@id\":\"https:\/\/preprod.beauxarts-cie.com\/consulting\/projets\/philharmonie-des-enfants-2\/#primaryimage\",\"inLanguage\":\"fr-FR\",\"url\":\"https:\/\/preprod.beauxarts-cie.com\/consulting\/wp-content\/uploads\/sites\/3\/2021\/11\/Philharmonie-des-enfants.jpg\",\"contentUrl\":\"https:\/\/preprod.beauxarts-cie.com\/consulting\/wp-content\/uploads\/sites\/3\/2021\/11\/Philharmonie-des-enfants.jpg\",\"width\":870,\"height\":489},{\"@type\":\"WebPage\",\"@id\":\"https:\/\/preprod.beauxarts-cie.com\/consulting\/projets\/philharmonie-des-enfants-2\/#webpage\",\"url\":\"https:\/\/preprod.beauxarts-cie.com\/consulting\/projets\/philharmonie-des-enfants-2\/\",\"name\":\"Philharmonie des Enfants - Beaux Arts Consulting\",\"isPartOf\":{\"@id\":\"https:\/\/preprod.beauxarts-cie.com\/consulting\/#website\"},\"primaryImageOfPage\":{\"@id\":\"https:\/\/preprod.beauxarts-cie.com\/consulting\/projets\/philharmonie-des-enfants-2\/#primaryimage\"},\"datePublished\":\"2021-11-17T11:40:04+00:00\",\"dateModified\":\"2021-11-17T11:41:09+00:00\",\"breadcrumb\":{\"@id\":\"https:\/\/preprod.beauxarts-cie.com\/consulting\/projets\/philharmonie-des-enfants-2\/#breadcrumb\"},\"inLanguage\":\"fr-FR\",\"potentialAction\":[{\"@type\":\"ReadAction\",\"target\":[\"https:\/\/preprod.beauxarts-cie.com\/consulting\/projets\/philharmonie-des-enfants-2\/\"]}]},{\"@type\":\"BreadcrumbList\",\"@id\":\"https:\/\/preprod.beauxarts-cie.com\/consulting\/projets\/philharmonie-des-enfants-2\/#breadcrumb\",\"itemListElement\":[{\"@type\":\"ListItem\",\"position\":1,\"name\":\"Projets\",\"item\":\"https:\/\/preprod.beauxarts-cie.com\/consulting\/projets\/\"},{\"@type\":\"ListItem\",\"position\":2,\"name\":\"Philharmonie des Enfants\"}]}]}<\/script>\n<!-- \/ Yoast SEO plugin. -->","yoast_head_json":{"robots":{"index":"index","follow":"follow","max-snippet":"max-snippet:-1","max-image-preview":"max-image-preview:large","max-video-preview":"max-video-preview:-1"},"canonical":"https:\/\/preprod.beauxarts-cie.com\/consulting\/projets\/philharmonie-des-enfants-2\/","og_locale":"fr_FR","og_type":"article","og_title":"Philharmonie des Enfants - Beaux Arts Consulting","og_description":"Client : Philharmonie de Paris \u2013 Cit\u00e9 de la Musique 2018-2020Mod\u00e9lisation \u00e9conomique Co-construction du mod\u00e8le \u00e9conomique de la Philharmonie des enfants et cr\u00e9ation d\u2019un Business Plan pour le d\u00e9veloppement de ce nouvel espace mus\u00e9al. Le contexte : En vue de la cr\u00e9ation de la Philharmonie des enfants, l\u2019institution a demand\u00e9 \u00e0 Beaux Arts Consulting de [&hellip;]","og_url":"https:\/\/preprod.beauxarts-cie.com\/consulting\/projets\/philharmonie-des-enfants-2\/","og_site_name":"Beaux Arts Consulting","article_modified_time":"2021-11-17T11:41:09+00:00","og_image":[{"width":870,"height":489,"url":"https:\/\/preprod.beauxarts-cie.com\/consulting\/wp-content\/uploads\/sites\/3\/2021\/11\/Philharmonie-des-enfants.jpg","type":"image\/jpeg"}],"twitter_card":"summary_large_image","twitter_misc":{"Dur\u00e9e de lecture estim\u00e9e":"1 minute"},"schema":{"@context":"https:\/\/schema.org","@graph":[{"@type":"WebSite","@id":"https:\/\/preprod.beauxarts-cie.com\/consulting\/#website","url":"https:\/\/preprod.beauxarts-cie.com\/consulting\/","name":"Beaux Arts Consulting","description":"Conseil en strat\u00e9gie, innovation et ing\u00e9nierie culturelle","potentialAction":[{"@type":"SearchAction","target":{"@type":"EntryPoint","urlTemplate":"https:\/\/preprod.beauxarts-cie.com\/consulting\/?s={search_term_string}"},"query-input":"required name=search_term_string"}],"inLanguage":"fr-FR"},{"@type":"ImageObject","@id":"https:\/\/preprod.beauxarts-cie.com\/consulting\/projets\/philharmonie-des-enfants-2\/#primaryimage","inLanguage":"fr-FR","url":"https:\/\/preprod.beauxarts-cie.com\/consulting\/wp-content\/uploads\/sites\/3\/2021\/11\/Philharmonie-des-enfants.jpg","contentUrl":"https:\/\/preprod.beauxarts-cie.com\/consulting\/wp-content\/uploads\/sites\/3\/2021\/11\/Philharmonie-des-enfants.jpg","width":870,"height":489},{"@type":"WebPage","@id":"https:\/\/preprod.beauxarts-cie.com\/consulting\/projets\/philharmonie-des-enfants-2\/#webpage","url":"https:\/\/preprod.beauxarts-cie.com\/consulting\/projets\/philharmonie-des-enfants-2\/","name":"Philharmonie des Enfants - Beaux Arts Consulting","isPartOf":{"@id":"https:\/\/preprod.beauxarts-cie.com\/consulting\/#website"},"primaryImageOfPage":{"@id":"https:\/\/preprod.beauxarts-cie.com\/consulting\/projets\/philharmonie-des-enfants-2\/#primaryimage"},"datePublished":"2021-11-17T11:40:04+00:00","dateModified":"2021-11-17T11:41:09+00:00","breadcrumb":{"@id":"https:\/\/preprod.beauxarts-cie.com\/consulting\/projets\/philharmonie-des-enfants-2\/#breadcrumb"},"inLanguage":"fr-FR","potentialAction":[{"@type":"ReadAction","target":["https:\/\/preprod.beauxarts-cie.com\/consulting\/projets\/philharmonie-des-enfants-2\/"]}]},{"@type":"BreadcrumbList","@id":"https:\/\/preprod.beauxarts-cie.com\/consulting\/projets\/philharmonie-des-enfants-2\/#breadcrumb","itemListElement":[{"@type":"ListItem","position":1,"name":"Projets","item":"https:\/\/preprod.beauxarts-cie.com\/consulting\/projets\/"},{"@type":"ListItem","position":2,"name":"Philharmonie des Enfants"}]}]}},"_links":{"self":[{"href":"https:\/\/preprod.beauxarts-cie.com\/consulting\/wp-json\/wp\/v2\/pages\/530"}],"collection":[{"href":"https:\/\/preprod.beauxarts-cie.com\/consulting\/wp-json\/wp\/v2\/pages"}],"about":[{"href":"https:\/\/preprod.beauxarts-cie.com\/consulting\/wp-json\/wp\/v2\/types\/page"}],"author":[{"embeddable":true,"href":"https:\/\/preprod.beauxarts-cie.com\/consulting\/wp-json\/wp\/v2\/users\/12"}],"replies":[{"embeddable":true,"href":"https:\/\/preprod.beauxarts-cie.com\/consulting\/wp-json\/wp\/v2\/comments?post=530"}],"version-history":[{"count":1,"href":"https:\/\/preprod.beauxarts-cie.com\/consulting\/wp-json\/wp\/v2\/pages\/530\/revisions"}],"predecessor-version":[{"id":531,"href":"https:\/\/preprod.beauxarts-cie.com\/consulting\/wp-json\/wp\/v2\/pages\/530\/revisions\/531"}],"up":[{"embeddable":true,"href":"https:\/\/preprod.beauxarts-cie.com\/consulting\/wp-json\/wp\/v2\/pages\/49"}],"wp:featuredmedia":[{"embeddable":true,"href":"https:\/\/preprod.beauxarts-cie.com\/consulting\/wp-json\/wp\/v2\/media\/529"}],"wp:attachment":[{"href":"https:\/\/preprod.beauxarts-cie.com\/consulting\/wp-json\/wp\/v2\/media?parent=530"}],"curies":[{"name":"wp","href":"https:\/\/api.w.org\/{rel}","templated":true}]}}