{"id":523,"date":"2021-11-17T12:32:28","date_gmt":"2021-11-17T11:32:28","guid":{"rendered":"https:\/\/preprod.beauxarts-cie.com\/consulting\/?page_id=523"},"modified":"2021-11-17T17:46:52","modified_gmt":"2021-11-17T16:46:52","slug":"emissive-2","status":"publish","type":"page","link":"https:\/\/preprod.beauxarts-cie.com\/consulting\/projets\/emissive-2\/","title":{"rendered":"Emissive"},"content":{"rendered":"\n<div class=\"wp-block-columns refId\">\n<div class=\"wp-block-column\">\n<h2 class=\"has-text-align-left\">Client : Emissive<\/h2>\n<\/div>\n\n\n\n<div class=\"wp-block-column\">\n<p>2020, en cours<\/p>\n\n\n\n<p>Positionnement strat\u00e9gique, d\u00e9veloppement de projets innovants, nouveaux publics, mod\u00e9lisation \u00e9conomique<\/p>\n<\/div>\n<\/div>\n\n\n\n<p>Accompagnement de la start-up \u00e0 l\u2019export de son produit \u00ab&nbsp;Immersive Expedition&nbsp;\u00bb \u00e0 destination des institutions culturelles en Am\u00e9rique du Nord, Europe, Moyen-Orient et en Asie.<\/p>\n\n\n\n<p><strong>Le contexte :<\/strong><\/p>\n\n\n\n<p>Emissive a d\u00e9velopp\u00e9 un contenu et un format de visites de groupe de sites culturels et patrimoniaux. Les \u00ab\u00a0exp\u00e9ditions immersives\u00a0\u00bb permettent aux visiteurs de se d\u00e9placer librement au cours de l\u2019immersion et de voyager virtuellement dans le temps de mani\u00e8re simultan\u00e9e avec les autres utilisateurs et un guide-conf\u00e9rencier.<\/p>\n\n\n\n<p><strong>Travaux men\u00e9s :<\/strong><\/p>\n\n\n\n<ul><li>\u00c9tude de march\u00e9 sur les exp\u00e9riences immersives au sein des mus\u00e9es selon les pays<\/li><li>Pr\u00e9paration de cycles de rencontres par grandes r\u00e9gions du monde en collaboration avec Business France<\/li><li>Organisations de rendez-vous avec les grandes institutions cibl\u00e9es<\/li><li>\u00c9laboration des argumentaires, support \u00e0 la n\u00e9gociation et r\u00e9daction des lettres d\u2019intention<\/li><li>Support \u00e0 la recherche de financements et partenaires<\/li><\/ul>\n","protected":false},"excerpt":{"rendered":"<p>Client : Emissive 2020, en cours Positionnement strat\u00e9gique, d\u00e9veloppement de projets innovants, nouveaux publics, mod\u00e9lisation \u00e9conomique Accompagnement de la start-up \u00e0 l\u2019export de son produit \u00ab&nbsp;Immersive Expedition&nbsp;\u00bb \u00e0 destination des institutions culturelles en Am\u00e9rique du Nord, Europe, Moyen-Orient et en Asie. Le contexte : Emissive a d\u00e9velopp\u00e9 un contenu et un format de visites de [&hellip;]<\/p>\n","protected":false},"author":12,"featured_media":513,"parent":49,"menu_order":0,"comment_status":"closed","ping_status":"closed","template":"tpl-page-child-reference.php","meta":[],"yoast_head":"<!-- This site is optimized with the Yoast SEO plugin v18.0 - https:\/\/yoast.com\/wordpress\/plugins\/seo\/ -->\n<meta name=\"robots\" content=\"index, follow, max-snippet:-1, max-image-preview:large, max-video-preview:-1\" \/>\n<link rel=\"canonical\" href=\"https:\/\/preprod.beauxarts-cie.com\/consulting\/projets\/emissive-2\/\" \/>\n<meta property=\"og:locale\" content=\"fr_FR\" \/>\n<meta property=\"og:type\" content=\"article\" \/>\n<meta property=\"og:title\" content=\"Emissive - Beaux Arts Consulting\" \/>\n<meta property=\"og:description\" content=\"Client : Emissive 2020, en cours Positionnement strat\u00e9gique, d\u00e9veloppement de projets innovants, nouveaux publics, mod\u00e9lisation \u00e9conomique Accompagnement de la start-up \u00e0 l\u2019export de son produit \u00ab&nbsp;Immersive Expedition&nbsp;\u00bb \u00e0 destination des institutions culturelles en Am\u00e9rique du Nord, Europe, Moyen-Orient et en Asie. Le contexte : Emissive a d\u00e9velopp\u00e9 un contenu et un format de visites de [&hellip;]\" \/>\n<meta property=\"og:url\" content=\"https:\/\/preprod.beauxarts-cie.com\/consulting\/projets\/emissive-2\/\" \/>\n<meta property=\"og:site_name\" content=\"Beaux Arts Consulting\" \/>\n<meta property=\"article:modified_time\" content=\"2021-11-17T16:46:52+00:00\" \/>\n<meta property=\"og:image\" content=\"https:\/\/preprod.beauxarts-cie.com\/consulting\/wp-content\/uploads\/sites\/3\/2021\/11\/Emissive.png\" \/>\n\t<meta property=\"og:image:width\" content=\"515\" \/>\n\t<meta property=\"og:image:height\" content=\"260\" \/>\n\t<meta property=\"og:image:type\" content=\"image\/png\" \/>\n<meta name=\"twitter:card\" content=\"summary_large_image\" \/>\n<meta name=\"twitter:label1\" content=\"Dur\u00e9e de lecture estim\u00e9e\" \/>\n\t<meta name=\"twitter:data1\" content=\"1 minute\" \/>\n<script type=\"application\/ld+json\" class=\"yoast-schema-graph\">{\"@context\":\"https:\/\/schema.org\",\"@graph\":[{\"@type\":\"WebSite\",\"@id\":\"https:\/\/preprod.beauxarts-cie.com\/consulting\/#website\",\"url\":\"https:\/\/preprod.beauxarts-cie.com\/consulting\/\",\"name\":\"Beaux Arts Consulting\",\"description\":\"Conseil en strat\u00e9gie, innovation et ing\u00e9nierie culturelle\",\"potentialAction\":[{\"@type\":\"SearchAction\",\"target\":{\"@type\":\"EntryPoint\",\"urlTemplate\":\"https:\/\/preprod.beauxarts-cie.com\/consulting\/?s={search_term_string}\"},\"query-input\":\"required name=search_term_string\"}],\"inLanguage\":\"fr-FR\"},{\"@type\":\"ImageObject\",\"@id\":\"https:\/\/preprod.beauxarts-cie.com\/consulting\/projets\/emissive-2\/#primaryimage\",\"inLanguage\":\"fr-FR\",\"url\":\"https:\/\/preprod.beauxarts-cie.com\/consulting\/wp-content\/uploads\/sites\/3\/2021\/11\/Emissive.png\",\"contentUrl\":\"https:\/\/preprod.beauxarts-cie.com\/consulting\/wp-content\/uploads\/sites\/3\/2021\/11\/Emissive.png\",\"width\":515,\"height\":260},{\"@type\":\"WebPage\",\"@id\":\"https:\/\/preprod.beauxarts-cie.com\/consulting\/projets\/emissive-2\/#webpage\",\"url\":\"https:\/\/preprod.beauxarts-cie.com\/consulting\/projets\/emissive-2\/\",\"name\":\"Emissive - Beaux Arts Consulting\",\"isPartOf\":{\"@id\":\"https:\/\/preprod.beauxarts-cie.com\/consulting\/#website\"},\"primaryImageOfPage\":{\"@id\":\"https:\/\/preprod.beauxarts-cie.com\/consulting\/projets\/emissive-2\/#primaryimage\"},\"datePublished\":\"2021-11-17T11:32:28+00:00\",\"dateModified\":\"2021-11-17T16:46:52+00:00\",\"breadcrumb\":{\"@id\":\"https:\/\/preprod.beauxarts-cie.com\/consulting\/projets\/emissive-2\/#breadcrumb\"},\"inLanguage\":\"fr-FR\",\"potentialAction\":[{\"@type\":\"ReadAction\",\"target\":[\"https:\/\/preprod.beauxarts-cie.com\/consulting\/projets\/emissive-2\/\"]}]},{\"@type\":\"BreadcrumbList\",\"@id\":\"https:\/\/preprod.beauxarts-cie.com\/consulting\/projets\/emissive-2\/#breadcrumb\",\"itemListElement\":[{\"@type\":\"ListItem\",\"position\":1,\"name\":\"Projets\",\"item\":\"https:\/\/preprod.beauxarts-cie.com\/consulting\/projets\/\"},{\"@type\":\"ListItem\",\"position\":2,\"name\":\"Emissive\"}]}]}<\/script>\n<!-- \/ Yoast SEO plugin. -->","yoast_head_json":{"robots":{"index":"index","follow":"follow","max-snippet":"max-snippet:-1","max-image-preview":"max-image-preview:large","max-video-preview":"max-video-preview:-1"},"canonical":"https:\/\/preprod.beauxarts-cie.com\/consulting\/projets\/emissive-2\/","og_locale":"fr_FR","og_type":"article","og_title":"Emissive - Beaux Arts Consulting","og_description":"Client : Emissive 2020, en cours Positionnement strat\u00e9gique, d\u00e9veloppement de projets innovants, nouveaux publics, mod\u00e9lisation \u00e9conomique Accompagnement de la start-up \u00e0 l\u2019export de son produit \u00ab&nbsp;Immersive Expedition&nbsp;\u00bb \u00e0 destination des institutions culturelles en Am\u00e9rique du Nord, Europe, Moyen-Orient et en Asie. Le contexte : Emissive a d\u00e9velopp\u00e9 un contenu et un format de visites de [&hellip;]","og_url":"https:\/\/preprod.beauxarts-cie.com\/consulting\/projets\/emissive-2\/","og_site_name":"Beaux Arts Consulting","article_modified_time":"2021-11-17T16:46:52+00:00","og_image":[{"width":515,"height":260,"url":"https:\/\/preprod.beauxarts-cie.com\/consulting\/wp-content\/uploads\/sites\/3\/2021\/11\/Emissive.png","type":"image\/png"}],"twitter_card":"summary_large_image","twitter_misc":{"Dur\u00e9e de lecture estim\u00e9e":"1 minute"},"schema":{"@context":"https:\/\/schema.org","@graph":[{"@type":"WebSite","@id":"https:\/\/preprod.beauxarts-cie.com\/consulting\/#website","url":"https:\/\/preprod.beauxarts-cie.com\/consulting\/","name":"Beaux Arts Consulting","description":"Conseil en strat\u00e9gie, innovation et ing\u00e9nierie culturelle","potentialAction":[{"@type":"SearchAction","target":{"@type":"EntryPoint","urlTemplate":"https:\/\/preprod.beauxarts-cie.com\/consulting\/?s={search_term_string}"},"query-input":"required name=search_term_string"}],"inLanguage":"fr-FR"},{"@type":"ImageObject","@id":"https:\/\/preprod.beauxarts-cie.com\/consulting\/projets\/emissive-2\/#primaryimage","inLanguage":"fr-FR","url":"https:\/\/preprod.beauxarts-cie.com\/consulting\/wp-content\/uploads\/sites\/3\/2021\/11\/Emissive.png","contentUrl":"https:\/\/preprod.beauxarts-cie.com\/consulting\/wp-content\/uploads\/sites\/3\/2021\/11\/Emissive.png","width":515,"height":260},{"@type":"WebPage","@id":"https:\/\/preprod.beauxarts-cie.com\/consulting\/projets\/emissive-2\/#webpage","url":"https:\/\/preprod.beauxarts-cie.com\/consulting\/projets\/emissive-2\/","name":"Emissive - Beaux Arts Consulting","isPartOf":{"@id":"https:\/\/preprod.beauxarts-cie.com\/consulting\/#website"},"primaryImageOfPage":{"@id":"https:\/\/preprod.beauxarts-cie.com\/consulting\/projets\/emissive-2\/#primaryimage"},"datePublished":"2021-11-17T11:32:28+00:00","dateModified":"2021-11-17T16:46:52+00:00","breadcrumb":{"@id":"https:\/\/preprod.beauxarts-cie.com\/consulting\/projets\/emissive-2\/#breadcrumb"},"inLanguage":"fr-FR","potentialAction":[{"@type":"ReadAction","target":["https:\/\/preprod.beauxarts-cie.com\/consulting\/projets\/emissive-2\/"]}]},{"@type":"BreadcrumbList","@id":"https:\/\/preprod.beauxarts-cie.com\/consulting\/projets\/emissive-2\/#breadcrumb","itemListElement":[{"@type":"ListItem","position":1,"name":"Projets","item":"https:\/\/preprod.beauxarts-cie.com\/consulting\/projets\/"},{"@type":"ListItem","position":2,"name":"Emissive"}]}]}},"_links":{"self":[{"href":"https:\/\/preprod.beauxarts-cie.com\/consulting\/wp-json\/wp\/v2\/pages\/523"}],"collection":[{"href":"https:\/\/preprod.beauxarts-cie.com\/consulting\/wp-json\/wp\/v2\/pages"}],"about":[{"href":"https:\/\/preprod.beauxarts-cie.com\/consulting\/wp-json\/wp\/v2\/types\/page"}],"author":[{"embeddable":true,"href":"https:\/\/preprod.beauxarts-cie.com\/consulting\/wp-json\/wp\/v2\/users\/12"}],"replies":[{"embeddable":true,"href":"https:\/\/preprod.beauxarts-cie.com\/consulting\/wp-json\/wp\/v2\/comments?post=523"}],"version-history":[{"count":3,"href":"https:\/\/preprod.beauxarts-cie.com\/consulting\/wp-json\/wp\/v2\/pages\/523\/revisions"}],"predecessor-version":[{"id":577,"href":"https:\/\/preprod.beauxarts-cie.com\/consulting\/wp-json\/wp\/v2\/pages\/523\/revisions\/577"}],"up":[{"embeddable":true,"href":"https:\/\/preprod.beauxarts-cie.com\/consulting\/wp-json\/wp\/v2\/pages\/49"}],"wp:featuredmedia":[{"embeddable":true,"href":"https:\/\/preprod.beauxarts-cie.com\/consulting\/wp-json\/wp\/v2\/media\/513"}],"wp:attachment":[{"href":"https:\/\/preprod.beauxarts-cie.com\/consulting\/wp-json\/wp\/v2\/media?parent=523"}],"curies":[{"name":"wp","href":"https:\/\/api.w.org\/{rel}","templated":true}]}}