{"id":509,"date":"2021-11-17T12:16:57","date_gmt":"2021-11-17T11:16:57","guid":{"rendered":"https:\/\/preprod.beauxarts-cie.com\/consulting\/?page_id=509"},"modified":"2021-11-17T18:11:19","modified_gmt":"2021-11-17T17:11:19","slug":"monnaie-de-paris","status":"publish","type":"page","link":"https:\/\/preprod.beauxarts-cie.com\/consulting\/projets\/monnaie-de-paris\/","title":{"rendered":"Monnaie de Paris"},"content":{"rendered":"\n<div class=\"wp-block-columns refId\">\n<div class=\"wp-block-column\">\n<h2 class=\"has-text-align-left\">Client : Monnaie de Paris<\/h2>\n<\/div>\n\n\n\n<div class=\"wp-block-column\">\n<p>2020<br>Positionnement strat\u00e9gique, nouveaux publics, programmation, mod\u00e9lisation \u00e9conomique<\/p>\n<\/div>\n<\/div>\n\n\n\n<p>R\u00e9alisation d\u2019une \u00e9tude pour l\u2019\u00e9volution de l\u2019offre culturelle et des activit\u00e9s, accompagnement \u00e0 l\u2019\u00e9laboration de la ligne \u00e9ditoriale associ\u00e9e au sc\u00e9nario strat\u00e9gique retenu.<\/p>\n\n\n\n<p><strong>Le contexte :<\/strong><\/p>\n\n\n\n<p>Beaux Arts Consulting a \u00e9t\u00e9 mandat\u00e9 par le groupe Culture &amp; Patrimoine pour d\u00e9finir la direction de la Monnaie de Paris a charg\u00e9 Beaux Arts Consulting de proposer des axes de repositionnement de son offre culturelle visant <strong>\u00e0 d\u00e9velopper la fr\u00e9quentation du lieu et d\u00e9velopper ses ressources propres<\/strong>. La mission a contribu\u00e9 \u00e0 l\u2019\u00e9volution de son mod\u00e8le, combinant strat\u00e9gie de programmation, exigence de l\u2019offre, innovation num\u00e9rique et efficacit\u00e9 \u00e9conomique.<\/p>\n\n\n\n<p><strong>Travaux men\u00e9s :<\/strong><\/p>\n\n\n\n<ul><li>Diagnostic de la situation et du positionnement l\u2019institution, via des entretiens et une analyse documentaire<\/li><li>R\u00e9alisation d\u2019un benchmark d\u2019institutions en France et \u00e0 l\u2019international<\/li><li>D\u00e9veloppement de sc\u00e9narios d\u2019\u00e9volution revus avec les collaborateurs dans le cadre d\u2019ateliers<\/li><li>Proposition de nouveaux axes de programmation et de m\u00e9diation int\u00e9grant une forte dimension d\u2019innovation<\/li><li>Mod\u00e9lisation \u00e9conomique du sc\u00e9nario retenu et d\u00e9veloppement d\u2019une feuille de route op\u00e9rationnelle et organisationnelle<\/li><\/ul>\n","protected":false},"excerpt":{"rendered":"<p>Client : Monnaie de Paris 2020Positionnement strat\u00e9gique, nouveaux publics, programmation, mod\u00e9lisation \u00e9conomique R\u00e9alisation d\u2019une \u00e9tude pour l\u2019\u00e9volution de l\u2019offre culturelle et des activit\u00e9s, accompagnement \u00e0 l\u2019\u00e9laboration de la ligne \u00e9ditoriale associ\u00e9e au sc\u00e9nario strat\u00e9gique retenu. Le contexte : Beaux Arts Consulting a \u00e9t\u00e9 mandat\u00e9 par le groupe Culture &amp; Patrimoine pour d\u00e9finir la direction de [&hellip;]<\/p>\n","protected":false},"author":12,"featured_media":506,"parent":49,"menu_order":0,"comment_status":"closed","ping_status":"closed","template":"tpl-page-child-reference.php","meta":[],"yoast_head":"<!-- This site is optimized with the Yoast SEO plugin v18.0 - https:\/\/yoast.com\/wordpress\/plugins\/seo\/ -->\n<meta name=\"robots\" content=\"index, follow, max-snippet:-1, max-image-preview:large, max-video-preview:-1\" \/>\n<link rel=\"canonical\" href=\"https:\/\/preprod.beauxarts-cie.com\/consulting\/projets\/monnaie-de-paris\/\" \/>\n<meta property=\"og:locale\" content=\"fr_FR\" \/>\n<meta property=\"og:type\" content=\"article\" \/>\n<meta property=\"og:title\" content=\"Monnaie de Paris - Beaux Arts Consulting\" \/>\n<meta property=\"og:description\" content=\"Client : Monnaie de Paris 2020Positionnement strat\u00e9gique, nouveaux publics, programmation, mod\u00e9lisation \u00e9conomique R\u00e9alisation d\u2019une \u00e9tude pour l\u2019\u00e9volution de l\u2019offre culturelle et des activit\u00e9s, accompagnement \u00e0 l\u2019\u00e9laboration de la ligne \u00e9ditoriale associ\u00e9e au sc\u00e9nario strat\u00e9gique retenu. Le contexte : Beaux Arts Consulting a \u00e9t\u00e9 mandat\u00e9 par le groupe Culture &amp; Patrimoine pour d\u00e9finir la direction de [&hellip;]\" \/>\n<meta property=\"og:url\" content=\"https:\/\/preprod.beauxarts-cie.com\/consulting\/projets\/monnaie-de-paris\/\" \/>\n<meta property=\"og:site_name\" content=\"Beaux Arts Consulting\" \/>\n<meta property=\"article:modified_time\" content=\"2021-11-17T17:11:19+00:00\" \/>\n<meta property=\"og:image\" content=\"https:\/\/preprod.beauxarts-cie.com\/consulting\/wp-content\/uploads\/sites\/3\/2021\/11\/Capture-decran-2021-11-17-121037-1024x455.png\" \/>\n\t<meta property=\"og:image:width\" content=\"1024\" \/>\n\t<meta property=\"og:image:height\" content=\"455\" \/>\n\t<meta property=\"og:image:type\" content=\"image\/png\" \/>\n<meta name=\"twitter:card\" content=\"summary_large_image\" \/>\n<meta name=\"twitter:label1\" content=\"Dur\u00e9e de lecture estim\u00e9e\" \/>\n\t<meta name=\"twitter:data1\" content=\"1 minute\" \/>\n<script type=\"application\/ld+json\" class=\"yoast-schema-graph\">{\"@context\":\"https:\/\/schema.org\",\"@graph\":[{\"@type\":\"WebSite\",\"@id\":\"https:\/\/preprod.beauxarts-cie.com\/consulting\/#website\",\"url\":\"https:\/\/preprod.beauxarts-cie.com\/consulting\/\",\"name\":\"Beaux Arts Consulting\",\"description\":\"Conseil en strat\u00e9gie, innovation et ing\u00e9nierie culturelle\",\"potentialAction\":[{\"@type\":\"SearchAction\",\"target\":{\"@type\":\"EntryPoint\",\"urlTemplate\":\"https:\/\/preprod.beauxarts-cie.com\/consulting\/?s={search_term_string}\"},\"query-input\":\"required name=search_term_string\"}],\"inLanguage\":\"fr-FR\"},{\"@type\":\"ImageObject\",\"@id\":\"https:\/\/preprod.beauxarts-cie.com\/consulting\/projets\/monnaie-de-paris\/#primaryimage\",\"inLanguage\":\"fr-FR\",\"url\":\"https:\/\/preprod.beauxarts-cie.com\/consulting\/wp-content\/uploads\/sites\/3\/2021\/11\/Capture-decran-2021-11-17-121037.png\",\"contentUrl\":\"https:\/\/preprod.beauxarts-cie.com\/consulting\/wp-content\/uploads\/sites\/3\/2021\/11\/Capture-decran-2021-11-17-121037.png\",\"width\":1918,\"height\":853},{\"@type\":\"WebPage\",\"@id\":\"https:\/\/preprod.beauxarts-cie.com\/consulting\/projets\/monnaie-de-paris\/#webpage\",\"url\":\"https:\/\/preprod.beauxarts-cie.com\/consulting\/projets\/monnaie-de-paris\/\",\"name\":\"Monnaie de Paris - Beaux Arts Consulting\",\"isPartOf\":{\"@id\":\"https:\/\/preprod.beauxarts-cie.com\/consulting\/#website\"},\"primaryImageOfPage\":{\"@id\":\"https:\/\/preprod.beauxarts-cie.com\/consulting\/projets\/monnaie-de-paris\/#primaryimage\"},\"datePublished\":\"2021-11-17T11:16:57+00:00\",\"dateModified\":\"2021-11-17T17:11:19+00:00\",\"breadcrumb\":{\"@id\":\"https:\/\/preprod.beauxarts-cie.com\/consulting\/projets\/monnaie-de-paris\/#breadcrumb\"},\"inLanguage\":\"fr-FR\",\"potentialAction\":[{\"@type\":\"ReadAction\",\"target\":[\"https:\/\/preprod.beauxarts-cie.com\/consulting\/projets\/monnaie-de-paris\/\"]}]},{\"@type\":\"BreadcrumbList\",\"@id\":\"https:\/\/preprod.beauxarts-cie.com\/consulting\/projets\/monnaie-de-paris\/#breadcrumb\",\"itemListElement\":[{\"@type\":\"ListItem\",\"position\":1,\"name\":\"Projets\",\"item\":\"https:\/\/preprod.beauxarts-cie.com\/consulting\/projets\/\"},{\"@type\":\"ListItem\",\"position\":2,\"name\":\"Monnaie de Paris\"}]}]}<\/script>\n<!-- \/ Yoast SEO plugin. -->","yoast_head_json":{"robots":{"index":"index","follow":"follow","max-snippet":"max-snippet:-1","max-image-preview":"max-image-preview:large","max-video-preview":"max-video-preview:-1"},"canonical":"https:\/\/preprod.beauxarts-cie.com\/consulting\/projets\/monnaie-de-paris\/","og_locale":"fr_FR","og_type":"article","og_title":"Monnaie de Paris - Beaux Arts Consulting","og_description":"Client : Monnaie de Paris 2020Positionnement strat\u00e9gique, nouveaux publics, programmation, mod\u00e9lisation \u00e9conomique R\u00e9alisation d\u2019une \u00e9tude pour l\u2019\u00e9volution de l\u2019offre culturelle et des activit\u00e9s, accompagnement \u00e0 l\u2019\u00e9laboration de la ligne \u00e9ditoriale associ\u00e9e au sc\u00e9nario strat\u00e9gique retenu. Le contexte : Beaux Arts Consulting a \u00e9t\u00e9 mandat\u00e9 par le groupe Culture &amp; Patrimoine pour d\u00e9finir la direction de [&hellip;]","og_url":"https:\/\/preprod.beauxarts-cie.com\/consulting\/projets\/monnaie-de-paris\/","og_site_name":"Beaux Arts Consulting","article_modified_time":"2021-11-17T17:11:19+00:00","og_image":[{"width":1024,"height":455,"url":"https:\/\/preprod.beauxarts-cie.com\/consulting\/wp-content\/uploads\/sites\/3\/2021\/11\/Capture-decran-2021-11-17-121037-1024x455.png","type":"image\/png"}],"twitter_card":"summary_large_image","twitter_misc":{"Dur\u00e9e de lecture estim\u00e9e":"1 minute"},"schema":{"@context":"https:\/\/schema.org","@graph":[{"@type":"WebSite","@id":"https:\/\/preprod.beauxarts-cie.com\/consulting\/#website","url":"https:\/\/preprod.beauxarts-cie.com\/consulting\/","name":"Beaux Arts Consulting","description":"Conseil en strat\u00e9gie, innovation et ing\u00e9nierie culturelle","potentialAction":[{"@type":"SearchAction","target":{"@type":"EntryPoint","urlTemplate":"https:\/\/preprod.beauxarts-cie.com\/consulting\/?s={search_term_string}"},"query-input":"required name=search_term_string"}],"inLanguage":"fr-FR"},{"@type":"ImageObject","@id":"https:\/\/preprod.beauxarts-cie.com\/consulting\/projets\/monnaie-de-paris\/#primaryimage","inLanguage":"fr-FR","url":"https:\/\/preprod.beauxarts-cie.com\/consulting\/wp-content\/uploads\/sites\/3\/2021\/11\/Capture-decran-2021-11-17-121037.png","contentUrl":"https:\/\/preprod.beauxarts-cie.com\/consulting\/wp-content\/uploads\/sites\/3\/2021\/11\/Capture-decran-2021-11-17-121037.png","width":1918,"height":853},{"@type":"WebPage","@id":"https:\/\/preprod.beauxarts-cie.com\/consulting\/projets\/monnaie-de-paris\/#webpage","url":"https:\/\/preprod.beauxarts-cie.com\/consulting\/projets\/monnaie-de-paris\/","name":"Monnaie de Paris - Beaux Arts Consulting","isPartOf":{"@id":"https:\/\/preprod.beauxarts-cie.com\/consulting\/#website"},"primaryImageOfPage":{"@id":"https:\/\/preprod.beauxarts-cie.com\/consulting\/projets\/monnaie-de-paris\/#primaryimage"},"datePublished":"2021-11-17T11:16:57+00:00","dateModified":"2021-11-17T17:11:19+00:00","breadcrumb":{"@id":"https:\/\/preprod.beauxarts-cie.com\/consulting\/projets\/monnaie-de-paris\/#breadcrumb"},"inLanguage":"fr-FR","potentialAction":[{"@type":"ReadAction","target":["https:\/\/preprod.beauxarts-cie.com\/consulting\/projets\/monnaie-de-paris\/"]}]},{"@type":"BreadcrumbList","@id":"https:\/\/preprod.beauxarts-cie.com\/consulting\/projets\/monnaie-de-paris\/#breadcrumb","itemListElement":[{"@type":"ListItem","position":1,"name":"Projets","item":"https:\/\/preprod.beauxarts-cie.com\/consulting\/projets\/"},{"@type":"ListItem","position":2,"name":"Monnaie de Paris"}]}]}},"_links":{"self":[{"href":"https:\/\/preprod.beauxarts-cie.com\/consulting\/wp-json\/wp\/v2\/pages\/509"}],"collection":[{"href":"https:\/\/preprod.beauxarts-cie.com\/consulting\/wp-json\/wp\/v2\/pages"}],"about":[{"href":"https:\/\/preprod.beauxarts-cie.com\/consulting\/wp-json\/wp\/v2\/types\/page"}],"author":[{"embeddable":true,"href":"https:\/\/preprod.beauxarts-cie.com\/consulting\/wp-json\/wp\/v2\/users\/12"}],"replies":[{"embeddable":true,"href":"https:\/\/preprod.beauxarts-cie.com\/consulting\/wp-json\/wp\/v2\/comments?post=509"}],"version-history":[{"count":2,"href":"https:\/\/preprod.beauxarts-cie.com\/consulting\/wp-json\/wp\/v2\/pages\/509\/revisions"}],"predecessor-version":[{"id":590,"href":"https:\/\/preprod.beauxarts-cie.com\/consulting\/wp-json\/wp\/v2\/pages\/509\/revisions\/590"}],"up":[{"embeddable":true,"href":"https:\/\/preprod.beauxarts-cie.com\/consulting\/wp-json\/wp\/v2\/pages\/49"}],"wp:featuredmedia":[{"embeddable":true,"href":"https:\/\/preprod.beauxarts-cie.com\/consulting\/wp-json\/wp\/v2\/media\/506"}],"wp:attachment":[{"href":"https:\/\/preprod.beauxarts-cie.com\/consulting\/wp-json\/wp\/v2\/media?parent=509"}],"curies":[{"name":"wp","href":"https:\/\/api.w.org\/{rel}","templated":true}]}}