{"id":507,"date":"2021-11-17T12:14:46","date_gmt":"2021-11-17T11:14:46","guid":{"rendered":"https:\/\/preprod.beauxarts-cie.com\/consulting\/?page_id=507"},"modified":"2021-11-17T17:46:09","modified_gmt":"2021-11-17T16:46:09","slug":"hangar-y","status":"publish","type":"page","link":"https:\/\/preprod.beauxarts-cie.com\/consulting\/projets\/hangar-y\/","title":{"rendered":"Hangar Y"},"content":{"rendered":"\n<div class=\"wp-block-columns refId\">\n<div class=\"wp-block-column\">\n<h2 class=\"has-text-align-left\">Client : Culture et Patrimoine<\/h2>\n<\/div>\n\n\n\n<div class=\"wp-block-column\">\n<p>2020<br>Positionnement strat\u00e9gique, mod\u00e9lisation \u00e9conomique<\/p>\n<\/div>\n<\/div>\n\n\n\n<p>D\u00e9finition du projet culturel dans le cadre de la r\u00e9habilitation du premier hangar \u00e0 dirigeables construit pour l\u2019exposition universelle de 1878, int\u00e9grant une forte dimension culturelle et \u00e9v\u00e9nementielle.<\/p>\n\n\n\n<p><strong>Le contexte :<\/strong><\/p>\n\n\n\n<p>Beaux Arts Consulting a \u00e9t\u00e9 mandat\u00e9 par le groupe Culture &amp; Patrimoine pour d\u00e9finir le projet d\u2019exploitation du site, int\u00e9grant une forte <strong>dimension culturelle et \u00e9v\u00e9nementielle, \u00e0 la crois\u00e9e des arts, des sciences et de la nature<\/strong>. A l\u2019issue d\u2019un programme de travaux de r\u00e9habilitation de l\u2019ensemble du site, Les activit\u00e9s culturelles et de loisirs et exp\u00e9riences immersives se d\u00e9ploieront dans le parc et au sein des espaces int\u00e9rieurs du hangar.<\/p>\n\n\n\n<p><strong>Travaux men\u00e9s :<\/strong><\/p>\n\n\n\n<ul><li>Conception du projet culturel et de l\u2019offre de loisirs du site<\/li><li>\u00c9laboration du mod\u00e8le \u00e9conomique global et du business plan de l\u2019exploitation sur 10 ans<\/li><li>Identification des op\u00e9rateurs susceptibles d\u2019exploiter les activit\u00e9s retenues<\/li><li>S\u00e9lection des architectes et sc\u00e9nographes<\/li><li>Pilotage de la production des contenus et d\u2019une exp\u00e9rience XR\/VR<\/li><\/ul>\n","protected":false},"excerpt":{"rendered":"<p>Client : Culture et Patrimoine 2020Positionnement strat\u00e9gique, mod\u00e9lisation \u00e9conomique D\u00e9finition du projet culturel dans le cadre de la r\u00e9habilitation du premier hangar \u00e0 dirigeables construit pour l\u2019exposition universelle de 1878, int\u00e9grant une forte dimension culturelle et \u00e9v\u00e9nementielle. Le contexte : Beaux Arts Consulting a \u00e9t\u00e9 mandat\u00e9 par le groupe Culture &amp; Patrimoine pour d\u00e9finir le [&hellip;]<\/p>\n","protected":false},"author":12,"featured_media":505,"parent":49,"menu_order":0,"comment_status":"closed","ping_status":"closed","template":"tpl-page-child-reference.php","meta":[],"yoast_head":"<!-- This site is optimized with the Yoast SEO plugin v18.0 - https:\/\/yoast.com\/wordpress\/plugins\/seo\/ -->\n<meta name=\"robots\" content=\"index, follow, max-snippet:-1, max-image-preview:large, max-video-preview:-1\" \/>\n<link rel=\"canonical\" href=\"https:\/\/preprod.beauxarts-cie.com\/consulting\/projets\/hangar-y\/\" \/>\n<meta property=\"og:locale\" content=\"fr_FR\" \/>\n<meta property=\"og:type\" content=\"article\" \/>\n<meta property=\"og:title\" content=\"Hangar Y - Beaux Arts Consulting\" \/>\n<meta property=\"og:description\" content=\"Client : Culture et Patrimoine 2020Positionnement strat\u00e9gique, mod\u00e9lisation \u00e9conomique D\u00e9finition du projet culturel dans le cadre de la r\u00e9habilitation du premier hangar \u00e0 dirigeables construit pour l\u2019exposition universelle de 1878, int\u00e9grant une forte dimension culturelle et \u00e9v\u00e9nementielle. Le contexte : Beaux Arts Consulting a \u00e9t\u00e9 mandat\u00e9 par le groupe Culture &amp; Patrimoine pour d\u00e9finir le [&hellip;]\" \/>\n<meta property=\"og:url\" content=\"https:\/\/preprod.beauxarts-cie.com\/consulting\/projets\/hangar-y\/\" \/>\n<meta property=\"og:site_name\" content=\"Beaux Arts Consulting\" \/>\n<meta property=\"article:modified_time\" content=\"2021-11-17T16:46:09+00:00\" \/>\n<meta property=\"og:image\" content=\"https:\/\/preprod.beauxarts-cie.com\/consulting\/wp-content\/uploads\/sites\/3\/2021\/11\/hangar-Y-photo-OK.png\" \/>\n\t<meta property=\"og:image:width\" content=\"725\" \/>\n\t<meta property=\"og:image:height\" content=\"679\" \/>\n\t<meta property=\"og:image:type\" content=\"image\/png\" \/>\n<meta name=\"twitter:card\" content=\"summary_large_image\" \/>\n<meta name=\"twitter:label1\" content=\"Dur\u00e9e de lecture estim\u00e9e\" \/>\n\t<meta name=\"twitter:data1\" content=\"1 minute\" \/>\n<script type=\"application\/ld+json\" class=\"yoast-schema-graph\">{\"@context\":\"https:\/\/schema.org\",\"@graph\":[{\"@type\":\"WebSite\",\"@id\":\"https:\/\/preprod.beauxarts-cie.com\/consulting\/#website\",\"url\":\"https:\/\/preprod.beauxarts-cie.com\/consulting\/\",\"name\":\"Beaux Arts Consulting\",\"description\":\"Conseil en strat\u00e9gie, innovation et ing\u00e9nierie culturelle\",\"potentialAction\":[{\"@type\":\"SearchAction\",\"target\":{\"@type\":\"EntryPoint\",\"urlTemplate\":\"https:\/\/preprod.beauxarts-cie.com\/consulting\/?s={search_term_string}\"},\"query-input\":\"required name=search_term_string\"}],\"inLanguage\":\"fr-FR\"},{\"@type\":\"ImageObject\",\"@id\":\"https:\/\/preprod.beauxarts-cie.com\/consulting\/projets\/hangar-y\/#primaryimage\",\"inLanguage\":\"fr-FR\",\"url\":\"https:\/\/preprod.beauxarts-cie.com\/consulting\/wp-content\/uploads\/sites\/3\/2021\/11\/hangar-Y-photo-OK.png\",\"contentUrl\":\"https:\/\/preprod.beauxarts-cie.com\/consulting\/wp-content\/uploads\/sites\/3\/2021\/11\/hangar-Y-photo-OK.png\",\"width\":725,\"height\":679},{\"@type\":\"WebPage\",\"@id\":\"https:\/\/preprod.beauxarts-cie.com\/consulting\/projets\/hangar-y\/#webpage\",\"url\":\"https:\/\/preprod.beauxarts-cie.com\/consulting\/projets\/hangar-y\/\",\"name\":\"Hangar Y - Beaux Arts Consulting\",\"isPartOf\":{\"@id\":\"https:\/\/preprod.beauxarts-cie.com\/consulting\/#website\"},\"primaryImageOfPage\":{\"@id\":\"https:\/\/preprod.beauxarts-cie.com\/consulting\/projets\/hangar-y\/#primaryimage\"},\"datePublished\":\"2021-11-17T11:14:46+00:00\",\"dateModified\":\"2021-11-17T16:46:09+00:00\",\"breadcrumb\":{\"@id\":\"https:\/\/preprod.beauxarts-cie.com\/consulting\/projets\/hangar-y\/#breadcrumb\"},\"inLanguage\":\"fr-FR\",\"potentialAction\":[{\"@type\":\"ReadAction\",\"target\":[\"https:\/\/preprod.beauxarts-cie.com\/consulting\/projets\/hangar-y\/\"]}]},{\"@type\":\"BreadcrumbList\",\"@id\":\"https:\/\/preprod.beauxarts-cie.com\/consulting\/projets\/hangar-y\/#breadcrumb\",\"itemListElement\":[{\"@type\":\"ListItem\",\"position\":1,\"name\":\"Projets\",\"item\":\"https:\/\/preprod.beauxarts-cie.com\/consulting\/projets\/\"},{\"@type\":\"ListItem\",\"position\":2,\"name\":\"Hangar Y\"}]}]}<\/script>\n<!-- \/ Yoast SEO plugin. -->","yoast_head_json":{"robots":{"index":"index","follow":"follow","max-snippet":"max-snippet:-1","max-image-preview":"max-image-preview:large","max-video-preview":"max-video-preview:-1"},"canonical":"https:\/\/preprod.beauxarts-cie.com\/consulting\/projets\/hangar-y\/","og_locale":"fr_FR","og_type":"article","og_title":"Hangar Y - Beaux Arts Consulting","og_description":"Client : Culture et Patrimoine 2020Positionnement strat\u00e9gique, mod\u00e9lisation \u00e9conomique D\u00e9finition du projet culturel dans le cadre de la r\u00e9habilitation du premier hangar \u00e0 dirigeables construit pour l\u2019exposition universelle de 1878, int\u00e9grant une forte dimension culturelle et \u00e9v\u00e9nementielle. Le contexte : Beaux Arts Consulting a \u00e9t\u00e9 mandat\u00e9 par le groupe Culture &amp; Patrimoine pour d\u00e9finir le [&hellip;]","og_url":"https:\/\/preprod.beauxarts-cie.com\/consulting\/projets\/hangar-y\/","og_site_name":"Beaux Arts Consulting","article_modified_time":"2021-11-17T16:46:09+00:00","og_image":[{"width":725,"height":679,"url":"https:\/\/preprod.beauxarts-cie.com\/consulting\/wp-content\/uploads\/sites\/3\/2021\/11\/hangar-Y-photo-OK.png","type":"image\/png"}],"twitter_card":"summary_large_image","twitter_misc":{"Dur\u00e9e de lecture estim\u00e9e":"1 minute"},"schema":{"@context":"https:\/\/schema.org","@graph":[{"@type":"WebSite","@id":"https:\/\/preprod.beauxarts-cie.com\/consulting\/#website","url":"https:\/\/preprod.beauxarts-cie.com\/consulting\/","name":"Beaux Arts Consulting","description":"Conseil en strat\u00e9gie, innovation et ing\u00e9nierie culturelle","potentialAction":[{"@type":"SearchAction","target":{"@type":"EntryPoint","urlTemplate":"https:\/\/preprod.beauxarts-cie.com\/consulting\/?s={search_term_string}"},"query-input":"required name=search_term_string"}],"inLanguage":"fr-FR"},{"@type":"ImageObject","@id":"https:\/\/preprod.beauxarts-cie.com\/consulting\/projets\/hangar-y\/#primaryimage","inLanguage":"fr-FR","url":"https:\/\/preprod.beauxarts-cie.com\/consulting\/wp-content\/uploads\/sites\/3\/2021\/11\/hangar-Y-photo-OK.png","contentUrl":"https:\/\/preprod.beauxarts-cie.com\/consulting\/wp-content\/uploads\/sites\/3\/2021\/11\/hangar-Y-photo-OK.png","width":725,"height":679},{"@type":"WebPage","@id":"https:\/\/preprod.beauxarts-cie.com\/consulting\/projets\/hangar-y\/#webpage","url":"https:\/\/preprod.beauxarts-cie.com\/consulting\/projets\/hangar-y\/","name":"Hangar Y - Beaux Arts Consulting","isPartOf":{"@id":"https:\/\/preprod.beauxarts-cie.com\/consulting\/#website"},"primaryImageOfPage":{"@id":"https:\/\/preprod.beauxarts-cie.com\/consulting\/projets\/hangar-y\/#primaryimage"},"datePublished":"2021-11-17T11:14:46+00:00","dateModified":"2021-11-17T16:46:09+00:00","breadcrumb":{"@id":"https:\/\/preprod.beauxarts-cie.com\/consulting\/projets\/hangar-y\/#breadcrumb"},"inLanguage":"fr-FR","potentialAction":[{"@type":"ReadAction","target":["https:\/\/preprod.beauxarts-cie.com\/consulting\/projets\/hangar-y\/"]}]},{"@type":"BreadcrumbList","@id":"https:\/\/preprod.beauxarts-cie.com\/consulting\/projets\/hangar-y\/#breadcrumb","itemListElement":[{"@type":"ListItem","position":1,"name":"Projets","item":"https:\/\/preprod.beauxarts-cie.com\/consulting\/projets\/"},{"@type":"ListItem","position":2,"name":"Hangar Y"}]}]}},"_links":{"self":[{"href":"https:\/\/preprod.beauxarts-cie.com\/consulting\/wp-json\/wp\/v2\/pages\/507"}],"collection":[{"href":"https:\/\/preprod.beauxarts-cie.com\/consulting\/wp-json\/wp\/v2\/pages"}],"about":[{"href":"https:\/\/preprod.beauxarts-cie.com\/consulting\/wp-json\/wp\/v2\/types\/page"}],"author":[{"embeddable":true,"href":"https:\/\/preprod.beauxarts-cie.com\/consulting\/wp-json\/wp\/v2\/users\/12"}],"replies":[{"embeddable":true,"href":"https:\/\/preprod.beauxarts-cie.com\/consulting\/wp-json\/wp\/v2\/comments?post=507"}],"version-history":[{"count":1,"href":"https:\/\/preprod.beauxarts-cie.com\/consulting\/wp-json\/wp\/v2\/pages\/507\/revisions"}],"predecessor-version":[{"id":508,"href":"https:\/\/preprod.beauxarts-cie.com\/consulting\/wp-json\/wp\/v2\/pages\/507\/revisions\/508"}],"up":[{"embeddable":true,"href":"https:\/\/preprod.beauxarts-cie.com\/consulting\/wp-json\/wp\/v2\/pages\/49"}],"wp:featuredmedia":[{"embeddable":true,"href":"https:\/\/preprod.beauxarts-cie.com\/consulting\/wp-json\/wp\/v2\/media\/505"}],"wp:attachment":[{"href":"https:\/\/preprod.beauxarts-cie.com\/consulting\/wp-json\/wp\/v2\/media?parent=507"}],"curies":[{"name":"wp","href":"https:\/\/api.w.org\/{rel}","templated":true}]}}