{"id":495,"date":"2021-11-17T11:01:11","date_gmt":"2021-11-17T10:01:11","guid":{"rendered":"https:\/\/preprod.beauxarts-cie.com\/consulting\/?page_id=495"},"modified":"2021-11-17T11:08:03","modified_gmt":"2021-11-17T10:08:03","slug":"maison-denfance-dantoine-de-saint-exupery","status":"publish","type":"page","link":"https:\/\/preprod.beauxarts-cie.com\/consulting\/projets\/maison-denfance-dantoine-de-saint-exupery\/","title":{"rendered":"Maison d\u2019enfance d\u2019Antoine de Saint-Exup\u00e9ry"},"content":{"rendered":"\n<div class=\"wp-block-columns refId\">\n<div class=\"wp-block-column\">\n<h2 class=\"has-text-align-left\">Client : R\u00e9gion Auvergne-Rh\u00f4ne-Alpes Parc<\/h2>\n<\/div>\n\n\n\n<div class=\"wp-block-column\">\n<p>2020, en cours <br>Positionnement strat\u00e9gique, d\u00e9veloppement de projets innovants<\/p>\n<\/div>\n<\/div>\n\n\n\n<p>\u00c9tude de positionnement strat\u00e9gique pour le projet culturel de la maison d\u2019enfance d\u2019Antoine de Saint-Exup\u00e9ry<\/p>\n\n\n\n<p><strong>Le contexte :<\/strong><\/p>\n\n\n\n<p>Propri\u00e9t\u00e9 de la r\u00e9gion Auvergne-Rh\u00f4ne-Alpes depuis 2020, la maison d\u2019enfance d\u2019Antoine de Saint-Exup\u00e9ry est destin\u00e9e \u00e0 \u00eatre transform\u00e9 en un v\u00e9ritable projet culturel et touristique de dimension r\u00e9gionale, nationale et internationale<\/p>\n\n\n\n<p><strong>Travaux men\u00e9s :<\/strong><\/p>\n\n\n\n<ul><li>Benchmark de lieux culturels et d\u2019exp\u00e9riences innovantes<\/li><li>Sc\u00e9narios de positionnement et macro-chiffrage des co\u00fbts et revenus du projet<\/li><li>Synth\u00e8se des recommandations et feuille de route<\/li><li>Aide \u00e0 la constitution et l\u2019animation du Comit\u00e9 Scientifique et Culturel<\/li><li>Accompagnement \u00e0 la formalisation de la DSP et \u00e0 l\u2019identification des op\u00e9rateurs pertinents<\/li><\/ul>\n","protected":false},"excerpt":{"rendered":"<p>Client : R\u00e9gion Auvergne-Rh\u00f4ne-Alpes Parc 2020, en cours Positionnement strat\u00e9gique, d\u00e9veloppement de projets innovants \u00c9tude de positionnement strat\u00e9gique pour le projet culturel de la maison d\u2019enfance d\u2019Antoine de Saint-Exup\u00e9ry Le contexte : Propri\u00e9t\u00e9 de la r\u00e9gion Auvergne-Rh\u00f4ne-Alpes depuis 2020, la maison d\u2019enfance d\u2019Antoine de Saint-Exup\u00e9ry est destin\u00e9e \u00e0 \u00eatre transform\u00e9 en un v\u00e9ritable projet culturel [&hellip;]<\/p>\n","protected":false},"author":12,"featured_media":496,"parent":49,"menu_order":0,"comment_status":"closed","ping_status":"closed","template":"tpl-page-child-reference.php","meta":[],"yoast_head":"<!-- This site is optimized with the Yoast SEO plugin v18.0 - https:\/\/yoast.com\/wordpress\/plugins\/seo\/ -->\n<meta name=\"robots\" content=\"index, follow, max-snippet:-1, max-image-preview:large, max-video-preview:-1\" \/>\n<link rel=\"canonical\" href=\"https:\/\/preprod.beauxarts-cie.com\/consulting\/projets\/maison-denfance-dantoine-de-saint-exupery\/\" \/>\n<meta property=\"og:locale\" content=\"fr_FR\" \/>\n<meta property=\"og:type\" content=\"article\" \/>\n<meta property=\"og:title\" content=\"Maison d\u2019enfance d\u2019Antoine de Saint-Exup\u00e9ry - Beaux Arts Consulting\" \/>\n<meta property=\"og:description\" content=\"Client : R\u00e9gion Auvergne-Rh\u00f4ne-Alpes Parc 2020, en cours Positionnement strat\u00e9gique, d\u00e9veloppement de projets innovants \u00c9tude de positionnement strat\u00e9gique pour le projet culturel de la maison d\u2019enfance d\u2019Antoine de Saint-Exup\u00e9ry Le contexte : Propri\u00e9t\u00e9 de la r\u00e9gion Auvergne-Rh\u00f4ne-Alpes depuis 2020, la maison d\u2019enfance d\u2019Antoine de Saint-Exup\u00e9ry est destin\u00e9e \u00e0 \u00eatre transform\u00e9 en un v\u00e9ritable projet culturel [&hellip;]\" \/>\n<meta property=\"og:url\" content=\"https:\/\/preprod.beauxarts-cie.com\/consulting\/projets\/maison-denfance-dantoine-de-saint-exupery\/\" \/>\n<meta property=\"og:site_name\" content=\"Beaux Arts Consulting\" \/>\n<meta property=\"article:modified_time\" content=\"2021-11-17T10:08:03+00:00\" \/>\n<meta property=\"og:image\" content=\"https:\/\/preprod.beauxarts-cie.com\/consulting\/wp-content\/uploads\/sites\/3\/2021\/11\/Saint-Exupery-c-Benoit-Prieur-wikimedia-Commons.jpg\" \/>\n\t<meta property=\"og:image:width\" content=\"1920\" \/>\n\t<meta property=\"og:image:height\" content=\"1012\" \/>\n\t<meta property=\"og:image:type\" content=\"image\/jpeg\" \/>\n<meta name=\"twitter:card\" content=\"summary_large_image\" \/>\n<meta name=\"twitter:label1\" content=\"Dur\u00e9e de lecture estim\u00e9e\" \/>\n\t<meta name=\"twitter:data1\" content=\"1 minute\" \/>\n<script type=\"application\/ld+json\" class=\"yoast-schema-graph\">{\"@context\":\"https:\/\/schema.org\",\"@graph\":[{\"@type\":\"WebSite\",\"@id\":\"https:\/\/preprod.beauxarts-cie.com\/consulting\/#website\",\"url\":\"https:\/\/preprod.beauxarts-cie.com\/consulting\/\",\"name\":\"Beaux Arts Consulting\",\"description\":\"Conseil en strat\u00e9gie, innovation et ing\u00e9nierie culturelle\",\"potentialAction\":[{\"@type\":\"SearchAction\",\"target\":{\"@type\":\"EntryPoint\",\"urlTemplate\":\"https:\/\/preprod.beauxarts-cie.com\/consulting\/?s={search_term_string}\"},\"query-input\":\"required name=search_term_string\"}],\"inLanguage\":\"fr-FR\"},{\"@type\":\"ImageObject\",\"@id\":\"https:\/\/preprod.beauxarts-cie.com\/consulting\/projets\/maison-denfance-dantoine-de-saint-exupery\/#primaryimage\",\"inLanguage\":\"fr-FR\",\"url\":\"https:\/\/preprod.beauxarts-cie.com\/consulting\/wp-content\/uploads\/sites\/3\/2021\/11\/Saint-Exupery-c-Benoit-Prieur-wikimedia-Commons.jpg\",\"contentUrl\":\"https:\/\/preprod.beauxarts-cie.com\/consulting\/wp-content\/uploads\/sites\/3\/2021\/11\/Saint-Exupery-c-Benoit-Prieur-wikimedia-Commons.jpg\",\"width\":1920,\"height\":1012},{\"@type\":\"WebPage\",\"@id\":\"https:\/\/preprod.beauxarts-cie.com\/consulting\/projets\/maison-denfance-dantoine-de-saint-exupery\/#webpage\",\"url\":\"https:\/\/preprod.beauxarts-cie.com\/consulting\/projets\/maison-denfance-dantoine-de-saint-exupery\/\",\"name\":\"Maison d\u2019enfance d\u2019Antoine de Saint-Exup\u00e9ry - Beaux Arts Consulting\",\"isPartOf\":{\"@id\":\"https:\/\/preprod.beauxarts-cie.com\/consulting\/#website\"},\"primaryImageOfPage\":{\"@id\":\"https:\/\/preprod.beauxarts-cie.com\/consulting\/projets\/maison-denfance-dantoine-de-saint-exupery\/#primaryimage\"},\"datePublished\":\"2021-11-17T10:01:11+00:00\",\"dateModified\":\"2021-11-17T10:08:03+00:00\",\"breadcrumb\":{\"@id\":\"https:\/\/preprod.beauxarts-cie.com\/consulting\/projets\/maison-denfance-dantoine-de-saint-exupery\/#breadcrumb\"},\"inLanguage\":\"fr-FR\",\"potentialAction\":[{\"@type\":\"ReadAction\",\"target\":[\"https:\/\/preprod.beauxarts-cie.com\/consulting\/projets\/maison-denfance-dantoine-de-saint-exupery\/\"]}]},{\"@type\":\"BreadcrumbList\",\"@id\":\"https:\/\/preprod.beauxarts-cie.com\/consulting\/projets\/maison-denfance-dantoine-de-saint-exupery\/#breadcrumb\",\"itemListElement\":[{\"@type\":\"ListItem\",\"position\":1,\"name\":\"Projets\",\"item\":\"https:\/\/preprod.beauxarts-cie.com\/consulting\/projets\/\"},{\"@type\":\"ListItem\",\"position\":2,\"name\":\"Maison d\u2019enfance d\u2019Antoine de Saint-Exup\u00e9ry\"}]}]}<\/script>\n<!-- \/ Yoast SEO plugin. -->","yoast_head_json":{"robots":{"index":"index","follow":"follow","max-snippet":"max-snippet:-1","max-image-preview":"max-image-preview:large","max-video-preview":"max-video-preview:-1"},"canonical":"https:\/\/preprod.beauxarts-cie.com\/consulting\/projets\/maison-denfance-dantoine-de-saint-exupery\/","og_locale":"fr_FR","og_type":"article","og_title":"Maison d\u2019enfance d\u2019Antoine de Saint-Exup\u00e9ry - Beaux Arts Consulting","og_description":"Client : R\u00e9gion Auvergne-Rh\u00f4ne-Alpes Parc 2020, en cours Positionnement strat\u00e9gique, d\u00e9veloppement de projets innovants \u00c9tude de positionnement strat\u00e9gique pour le projet culturel de la maison d\u2019enfance d\u2019Antoine de Saint-Exup\u00e9ry Le contexte : Propri\u00e9t\u00e9 de la r\u00e9gion Auvergne-Rh\u00f4ne-Alpes depuis 2020, la maison d\u2019enfance d\u2019Antoine de Saint-Exup\u00e9ry est destin\u00e9e \u00e0 \u00eatre transform\u00e9 en un v\u00e9ritable projet culturel [&hellip;]","og_url":"https:\/\/preprod.beauxarts-cie.com\/consulting\/projets\/maison-denfance-dantoine-de-saint-exupery\/","og_site_name":"Beaux Arts Consulting","article_modified_time":"2021-11-17T10:08:03+00:00","og_image":[{"width":1920,"height":1012,"url":"https:\/\/preprod.beauxarts-cie.com\/consulting\/wp-content\/uploads\/sites\/3\/2021\/11\/Saint-Exupery-c-Benoit-Prieur-wikimedia-Commons.jpg","type":"image\/jpeg"}],"twitter_card":"summary_large_image","twitter_misc":{"Dur\u00e9e de lecture estim\u00e9e":"1 minute"},"schema":{"@context":"https:\/\/schema.org","@graph":[{"@type":"WebSite","@id":"https:\/\/preprod.beauxarts-cie.com\/consulting\/#website","url":"https:\/\/preprod.beauxarts-cie.com\/consulting\/","name":"Beaux Arts Consulting","description":"Conseil en strat\u00e9gie, innovation et ing\u00e9nierie culturelle","potentialAction":[{"@type":"SearchAction","target":{"@type":"EntryPoint","urlTemplate":"https:\/\/preprod.beauxarts-cie.com\/consulting\/?s={search_term_string}"},"query-input":"required name=search_term_string"}],"inLanguage":"fr-FR"},{"@type":"ImageObject","@id":"https:\/\/preprod.beauxarts-cie.com\/consulting\/projets\/maison-denfance-dantoine-de-saint-exupery\/#primaryimage","inLanguage":"fr-FR","url":"https:\/\/preprod.beauxarts-cie.com\/consulting\/wp-content\/uploads\/sites\/3\/2021\/11\/Saint-Exupery-c-Benoit-Prieur-wikimedia-Commons.jpg","contentUrl":"https:\/\/preprod.beauxarts-cie.com\/consulting\/wp-content\/uploads\/sites\/3\/2021\/11\/Saint-Exupery-c-Benoit-Prieur-wikimedia-Commons.jpg","width":1920,"height":1012},{"@type":"WebPage","@id":"https:\/\/preprod.beauxarts-cie.com\/consulting\/projets\/maison-denfance-dantoine-de-saint-exupery\/#webpage","url":"https:\/\/preprod.beauxarts-cie.com\/consulting\/projets\/maison-denfance-dantoine-de-saint-exupery\/","name":"Maison d\u2019enfance d\u2019Antoine de Saint-Exup\u00e9ry - Beaux Arts Consulting","isPartOf":{"@id":"https:\/\/preprod.beauxarts-cie.com\/consulting\/#website"},"primaryImageOfPage":{"@id":"https:\/\/preprod.beauxarts-cie.com\/consulting\/projets\/maison-denfance-dantoine-de-saint-exupery\/#primaryimage"},"datePublished":"2021-11-17T10:01:11+00:00","dateModified":"2021-11-17T10:08:03+00:00","breadcrumb":{"@id":"https:\/\/preprod.beauxarts-cie.com\/consulting\/projets\/maison-denfance-dantoine-de-saint-exupery\/#breadcrumb"},"inLanguage":"fr-FR","potentialAction":[{"@type":"ReadAction","target":["https:\/\/preprod.beauxarts-cie.com\/consulting\/projets\/maison-denfance-dantoine-de-saint-exupery\/"]}]},{"@type":"BreadcrumbList","@id":"https:\/\/preprod.beauxarts-cie.com\/consulting\/projets\/maison-denfance-dantoine-de-saint-exupery\/#breadcrumb","itemListElement":[{"@type":"ListItem","position":1,"name":"Projets","item":"https:\/\/preprod.beauxarts-cie.com\/consulting\/projets\/"},{"@type":"ListItem","position":2,"name":"Maison d\u2019enfance d\u2019Antoine de Saint-Exup\u00e9ry"}]}]}},"_links":{"self":[{"href":"https:\/\/preprod.beauxarts-cie.com\/consulting\/wp-json\/wp\/v2\/pages\/495"}],"collection":[{"href":"https:\/\/preprod.beauxarts-cie.com\/consulting\/wp-json\/wp\/v2\/pages"}],"about":[{"href":"https:\/\/preprod.beauxarts-cie.com\/consulting\/wp-json\/wp\/v2\/types\/page"}],"author":[{"embeddable":true,"href":"https:\/\/preprod.beauxarts-cie.com\/consulting\/wp-json\/wp\/v2\/users\/12"}],"replies":[{"embeddable":true,"href":"https:\/\/preprod.beauxarts-cie.com\/consulting\/wp-json\/wp\/v2\/comments?post=495"}],"version-history":[{"count":2,"href":"https:\/\/preprod.beauxarts-cie.com\/consulting\/wp-json\/wp\/v2\/pages\/495\/revisions"}],"predecessor-version":[{"id":498,"href":"https:\/\/preprod.beauxarts-cie.com\/consulting\/wp-json\/wp\/v2\/pages\/495\/revisions\/498"}],"up":[{"embeddable":true,"href":"https:\/\/preprod.beauxarts-cie.com\/consulting\/wp-json\/wp\/v2\/pages\/49"}],"wp:featuredmedia":[{"embeddable":true,"href":"https:\/\/preprod.beauxarts-cie.com\/consulting\/wp-json\/wp\/v2\/media\/496"}],"wp:attachment":[{"href":"https:\/\/preprod.beauxarts-cie.com\/consulting\/wp-json\/wp\/v2\/media?parent=495"}],"curies":[{"name":"wp","href":"https:\/\/api.w.org\/{rel}","templated":true}]}}