{"id":487,"date":"2021-11-17T10:51:41","date_gmt":"2021-11-17T09:51:41","guid":{"rendered":"https:\/\/preprod.beauxarts-cie.com\/consulting\/?page_id=487"},"modified":"2021-11-17T17:36:17","modified_gmt":"2021-11-17T16:36:17","slug":"accompagnement-du-conseil-des-ventes-volontaires-a-ledition-et-a-la-diffusion-du-bilan-economique-2020-sur-les-ventes-volontaires-de-meubles-aux-encheres-publiques","status":"publish","type":"page","link":"https:\/\/preprod.beauxarts-cie.com\/consulting\/projets\/accompagnement-du-conseil-des-ventes-volontaires-a-ledition-et-a-la-diffusion-du-bilan-economique-2020-sur-les-ventes-volontaires-de-meubles-aux-encheres-publiques\/","title":{"rendered":"Accompagnement du Conseil des Ventes Volontaires \u00e0 l\u2019\u00e9dition et \u00e0 la diffusion du bilan \u00e9conomique 2020 sur les ventes volontaires de meubles aux ench\u00e8res publiques"},"content":{"rendered":"\n<div class=\"wp-block-columns refId\">\n<div class=\"wp-block-column\">\n<p><\/p>\n\n\n\n<h2 class=\"has-text-align-left\">Client : Conseil des Ventes Volontaires<\/h2>\n\n\n\n<figure class=\"wp-block-gallery columns-0 is-cropped\"><ul class=\"blocks-gallery-grid\"><\/ul><\/figure>\n<\/div>\n\n\n\n<div class=\"wp-block-column\">\n<p>2021<br>\u00c9tude strat\u00e9gique, recherches de nouveaux publics, mod\u00e9lisation \u00e9conomique<\/p>\n<\/div>\n<\/div>\n\n\n\n<p>Accompagnement du Conseil des Ventes Volontaires \u00e0 l\u2019\u00e9dition et \u00e0 la diffusion du bilan \u00e9conomique 2020 sur les ventes volontaires de meubles aux ench\u00e8res publiques.<\/p>\n\n\n\n<p><strong>Le contexte :<\/strong><\/p>\n\n\n\n<p>Le Conseil des Ventes Volontaires (CVV) publie chaque ann\u00e9e un bilan \u00e9conomique des ventes aux ench\u00e8res publiques. Il a souhait\u00e9 lui donner en 2021 une nouvelle impulsion afin qu\u2019il puisse \u00eatre plus accessible tant pour le public, \u00e0 qui il doit offrir des cl\u00e9s de compr\u00e9hension du march\u00e9 de l\u2019art fran\u00e7ais et international et de leurs sp\u00e9cificit\u00e9s, que pour les maisons de ventes pour lesquelles il doit constituer un outil de r\u00e9f\u00e9rence, de prospective et de d\u00e9veloppement.<\/p>\n\n\n\n<p><strong>Travaux men\u00e9s :<\/strong><\/p>\n\n\n\n<ul><li>R\u00e9daction d\u2019analyses du march\u00e9 de l\u2019art au regard des donn\u00e9es chiffr\u00e9es fournies par le CVV et mise en perspective<\/li><li>R\u00e9alisation de \u00ab focus \u00bb consacr\u00e9s \u00e0 des th\u00e8mes sp\u00e9cifiques<\/li><li>\u00c9dition du rapport<\/li><li>\u00c9dition d\u2019une version en langue anglaise<\/li><li>Recherche et mise en place de nouvelles recettes (publicit\u00e9, sponsoring&#8230;) permettant d\u2019amortir une partie des co\u00fbts du rapport<\/li><li>R\u00e9alisation de la campagne de m\u00e9diatisation du rapport<\/li><\/ul>\n\n\n\n<p><\/p>\n","protected":false},"excerpt":{"rendered":"<p>Client : Conseil des Ventes Volontaires 2021\u00c9tude strat\u00e9gique, recherches de nouveaux publics, mod\u00e9lisation \u00e9conomique Accompagnement du Conseil des Ventes Volontaires \u00e0 l\u2019\u00e9dition et \u00e0 la diffusion du bilan \u00e9conomique 2020 sur les ventes volontaires de meubles aux ench\u00e8res publiques. Le contexte : Le Conseil des Ventes Volontaires (CVV) publie chaque ann\u00e9e un bilan \u00e9conomique des [&hellip;]<\/p>\n","protected":false},"author":12,"featured_media":484,"parent":49,"menu_order":0,"comment_status":"closed","ping_status":"closed","template":"tpl-page-child-reference.php","meta":[],"yoast_head":"<!-- This site is optimized with the Yoast SEO plugin v18.0 - https:\/\/yoast.com\/wordpress\/plugins\/seo\/ -->\n<meta name=\"robots\" content=\"index, follow, max-snippet:-1, max-image-preview:large, max-video-preview:-1\" \/>\n<link rel=\"canonical\" href=\"https:\/\/preprod.beauxarts-cie.com\/consulting\/projets\/accompagnement-du-conseil-des-ventes-volontaires-a-ledition-et-a-la-diffusion-du-bilan-economique-2020-sur-les-ventes-volontaires-de-meubles-aux-encheres-publiques\/\" \/>\n<meta property=\"og:locale\" content=\"fr_FR\" \/>\n<meta property=\"og:type\" content=\"article\" \/>\n<meta property=\"og:title\" content=\"Accompagnement du Conseil des Ventes Volontaires \u00e0 l\u2019\u00e9dition et \u00e0 la diffusion du bilan \u00e9conomique 2020 sur les ventes volontaires de meubles aux ench\u00e8res publiques - Beaux Arts Consulting\" \/>\n<meta property=\"og:description\" content=\"Client : Conseil des Ventes Volontaires 2021\u00c9tude strat\u00e9gique, recherches de nouveaux publics, mod\u00e9lisation \u00e9conomique Accompagnement du Conseil des Ventes Volontaires \u00e0 l\u2019\u00e9dition et \u00e0 la diffusion du bilan \u00e9conomique 2020 sur les ventes volontaires de meubles aux ench\u00e8res publiques. Le contexte : Le Conseil des Ventes Volontaires (CVV) publie chaque ann\u00e9e un bilan \u00e9conomique des [&hellip;]\" \/>\n<meta property=\"og:url\" content=\"https:\/\/preprod.beauxarts-cie.com\/consulting\/projets\/accompagnement-du-conseil-des-ventes-volontaires-a-ledition-et-a-la-diffusion-du-bilan-economique-2020-sur-les-ventes-volontaires-de-meubles-aux-encheres-publiques\/\" \/>\n<meta property=\"og:site_name\" content=\"Beaux Arts Consulting\" \/>\n<meta property=\"article:modified_time\" content=\"2021-11-17T16:36:17+00:00\" \/>\n<meta property=\"og:image\" content=\"https:\/\/preprod.beauxarts-cie.com\/consulting\/wp-content\/uploads\/sites\/3\/2021\/11\/Conseil-des-ventes.png\" \/>\n\t<meta property=\"og:image:width\" content=\"478\" \/>\n\t<meta property=\"og:image:height\" content=\"616\" \/>\n\t<meta property=\"og:image:type\" content=\"image\/png\" \/>\n<meta name=\"twitter:card\" content=\"summary_large_image\" \/>\n<meta name=\"twitter:label1\" content=\"Dur\u00e9e de lecture estim\u00e9e\" \/>\n\t<meta name=\"twitter:data1\" content=\"1 minute\" \/>\n<script type=\"application\/ld+json\" class=\"yoast-schema-graph\">{\"@context\":\"https:\/\/schema.org\",\"@graph\":[{\"@type\":\"WebSite\",\"@id\":\"https:\/\/preprod.beauxarts-cie.com\/consulting\/#website\",\"url\":\"https:\/\/preprod.beauxarts-cie.com\/consulting\/\",\"name\":\"Beaux Arts Consulting\",\"description\":\"Conseil en strat\u00e9gie, innovation et ing\u00e9nierie culturelle\",\"potentialAction\":[{\"@type\":\"SearchAction\",\"target\":{\"@type\":\"EntryPoint\",\"urlTemplate\":\"https:\/\/preprod.beauxarts-cie.com\/consulting\/?s={search_term_string}\"},\"query-input\":\"required name=search_term_string\"}],\"inLanguage\":\"fr-FR\"},{\"@type\":\"ImageObject\",\"@id\":\"https:\/\/preprod.beauxarts-cie.com\/consulting\/projets\/accompagnement-du-conseil-des-ventes-volontaires-a-ledition-et-a-la-diffusion-du-bilan-economique-2020-sur-les-ventes-volontaires-de-meubles-aux-encheres-publiques\/#primaryimage\",\"inLanguage\":\"fr-FR\",\"url\":\"https:\/\/preprod.beauxarts-cie.com\/consulting\/wp-content\/uploads\/sites\/3\/2021\/11\/Conseil-des-ventes.png\",\"contentUrl\":\"https:\/\/preprod.beauxarts-cie.com\/consulting\/wp-content\/uploads\/sites\/3\/2021\/11\/Conseil-des-ventes.png\",\"width\":478,\"height\":616},{\"@type\":\"WebPage\",\"@id\":\"https:\/\/preprod.beauxarts-cie.com\/consulting\/projets\/accompagnement-du-conseil-des-ventes-volontaires-a-ledition-et-a-la-diffusion-du-bilan-economique-2020-sur-les-ventes-volontaires-de-meubles-aux-encheres-publiques\/#webpage\",\"url\":\"https:\/\/preprod.beauxarts-cie.com\/consulting\/projets\/accompagnement-du-conseil-des-ventes-volontaires-a-ledition-et-a-la-diffusion-du-bilan-economique-2020-sur-les-ventes-volontaires-de-meubles-aux-encheres-publiques\/\",\"name\":\"Accompagnement du Conseil des Ventes Volontaires \u00e0 l\u2019\u00e9dition et \u00e0 la diffusion du bilan \u00e9conomique 2020 sur les ventes volontaires de meubles aux ench\u00e8res publiques - Beaux Arts Consulting\",\"isPartOf\":{\"@id\":\"https:\/\/preprod.beauxarts-cie.com\/consulting\/#website\"},\"primaryImageOfPage\":{\"@id\":\"https:\/\/preprod.beauxarts-cie.com\/consulting\/projets\/accompagnement-du-conseil-des-ventes-volontaires-a-ledition-et-a-la-diffusion-du-bilan-economique-2020-sur-les-ventes-volontaires-de-meubles-aux-encheres-publiques\/#primaryimage\"},\"datePublished\":\"2021-11-17T09:51:41+00:00\",\"dateModified\":\"2021-11-17T16:36:17+00:00\",\"breadcrumb\":{\"@id\":\"https:\/\/preprod.beauxarts-cie.com\/consulting\/projets\/accompagnement-du-conseil-des-ventes-volontaires-a-ledition-et-a-la-diffusion-du-bilan-economique-2020-sur-les-ventes-volontaires-de-meubles-aux-encheres-publiques\/#breadcrumb\"},\"inLanguage\":\"fr-FR\",\"potentialAction\":[{\"@type\":\"ReadAction\",\"target\":[\"https:\/\/preprod.beauxarts-cie.com\/consulting\/projets\/accompagnement-du-conseil-des-ventes-volontaires-a-ledition-et-a-la-diffusion-du-bilan-economique-2020-sur-les-ventes-volontaires-de-meubles-aux-encheres-publiques\/\"]}]},{\"@type\":\"BreadcrumbList\",\"@id\":\"https:\/\/preprod.beauxarts-cie.com\/consulting\/projets\/accompagnement-du-conseil-des-ventes-volontaires-a-ledition-et-a-la-diffusion-du-bilan-economique-2020-sur-les-ventes-volontaires-de-meubles-aux-encheres-publiques\/#breadcrumb\",\"itemListElement\":[{\"@type\":\"ListItem\",\"position\":1,\"name\":\"Projets\",\"item\":\"https:\/\/preprod.beauxarts-cie.com\/consulting\/projets\/\"},{\"@type\":\"ListItem\",\"position\":2,\"name\":\"Accompagnement du Conseil des Ventes Volontaires \u00e0 l\u2019\u00e9dition et \u00e0 la diffusion du bilan \u00e9conomique 2020 sur les ventes volontaires de meubles aux ench\u00e8res publiques\"}]}]}<\/script>\n<!-- \/ Yoast SEO plugin. -->","yoast_head_json":{"robots":{"index":"index","follow":"follow","max-snippet":"max-snippet:-1","max-image-preview":"max-image-preview:large","max-video-preview":"max-video-preview:-1"},"canonical":"https:\/\/preprod.beauxarts-cie.com\/consulting\/projets\/accompagnement-du-conseil-des-ventes-volontaires-a-ledition-et-a-la-diffusion-du-bilan-economique-2020-sur-les-ventes-volontaires-de-meubles-aux-encheres-publiques\/","og_locale":"fr_FR","og_type":"article","og_title":"Accompagnement du Conseil des Ventes Volontaires \u00e0 l\u2019\u00e9dition et \u00e0 la diffusion du bilan \u00e9conomique 2020 sur les ventes volontaires de meubles aux ench\u00e8res publiques - Beaux Arts Consulting","og_description":"Client : Conseil des Ventes Volontaires 2021\u00c9tude strat\u00e9gique, recherches de nouveaux publics, mod\u00e9lisation \u00e9conomique Accompagnement du Conseil des Ventes Volontaires \u00e0 l\u2019\u00e9dition et \u00e0 la diffusion du bilan \u00e9conomique 2020 sur les ventes volontaires de meubles aux ench\u00e8res publiques. Le contexte : Le Conseil des Ventes Volontaires (CVV) publie chaque ann\u00e9e un bilan \u00e9conomique des [&hellip;]","og_url":"https:\/\/preprod.beauxarts-cie.com\/consulting\/projets\/accompagnement-du-conseil-des-ventes-volontaires-a-ledition-et-a-la-diffusion-du-bilan-economique-2020-sur-les-ventes-volontaires-de-meubles-aux-encheres-publiques\/","og_site_name":"Beaux Arts Consulting","article_modified_time":"2021-11-17T16:36:17+00:00","og_image":[{"width":478,"height":616,"url":"https:\/\/preprod.beauxarts-cie.com\/consulting\/wp-content\/uploads\/sites\/3\/2021\/11\/Conseil-des-ventes.png","type":"image\/png"}],"twitter_card":"summary_large_image","twitter_misc":{"Dur\u00e9e de lecture estim\u00e9e":"1 minute"},"schema":{"@context":"https:\/\/schema.org","@graph":[{"@type":"WebSite","@id":"https:\/\/preprod.beauxarts-cie.com\/consulting\/#website","url":"https:\/\/preprod.beauxarts-cie.com\/consulting\/","name":"Beaux Arts Consulting","description":"Conseil en strat\u00e9gie, innovation et ing\u00e9nierie culturelle","potentialAction":[{"@type":"SearchAction","target":{"@type":"EntryPoint","urlTemplate":"https:\/\/preprod.beauxarts-cie.com\/consulting\/?s={search_term_string}"},"query-input":"required name=search_term_string"}],"inLanguage":"fr-FR"},{"@type":"ImageObject","@id":"https:\/\/preprod.beauxarts-cie.com\/consulting\/projets\/accompagnement-du-conseil-des-ventes-volontaires-a-ledition-et-a-la-diffusion-du-bilan-economique-2020-sur-les-ventes-volontaires-de-meubles-aux-encheres-publiques\/#primaryimage","inLanguage":"fr-FR","url":"https:\/\/preprod.beauxarts-cie.com\/consulting\/wp-content\/uploads\/sites\/3\/2021\/11\/Conseil-des-ventes.png","contentUrl":"https:\/\/preprod.beauxarts-cie.com\/consulting\/wp-content\/uploads\/sites\/3\/2021\/11\/Conseil-des-ventes.png","width":478,"height":616},{"@type":"WebPage","@id":"https:\/\/preprod.beauxarts-cie.com\/consulting\/projets\/accompagnement-du-conseil-des-ventes-volontaires-a-ledition-et-a-la-diffusion-du-bilan-economique-2020-sur-les-ventes-volontaires-de-meubles-aux-encheres-publiques\/#webpage","url":"https:\/\/preprod.beauxarts-cie.com\/consulting\/projets\/accompagnement-du-conseil-des-ventes-volontaires-a-ledition-et-a-la-diffusion-du-bilan-economique-2020-sur-les-ventes-volontaires-de-meubles-aux-encheres-publiques\/","name":"Accompagnement du Conseil des Ventes Volontaires \u00e0 l\u2019\u00e9dition et \u00e0 la diffusion du bilan \u00e9conomique 2020 sur les ventes volontaires de meubles aux ench\u00e8res publiques - Beaux Arts Consulting","isPartOf":{"@id":"https:\/\/preprod.beauxarts-cie.com\/consulting\/#website"},"primaryImageOfPage":{"@id":"https:\/\/preprod.beauxarts-cie.com\/consulting\/projets\/accompagnement-du-conseil-des-ventes-volontaires-a-ledition-et-a-la-diffusion-du-bilan-economique-2020-sur-les-ventes-volontaires-de-meubles-aux-encheres-publiques\/#primaryimage"},"datePublished":"2021-11-17T09:51:41+00:00","dateModified":"2021-11-17T16:36:17+00:00","breadcrumb":{"@id":"https:\/\/preprod.beauxarts-cie.com\/consulting\/projets\/accompagnement-du-conseil-des-ventes-volontaires-a-ledition-et-a-la-diffusion-du-bilan-economique-2020-sur-les-ventes-volontaires-de-meubles-aux-encheres-publiques\/#breadcrumb"},"inLanguage":"fr-FR","potentialAction":[{"@type":"ReadAction","target":["https:\/\/preprod.beauxarts-cie.com\/consulting\/projets\/accompagnement-du-conseil-des-ventes-volontaires-a-ledition-et-a-la-diffusion-du-bilan-economique-2020-sur-les-ventes-volontaires-de-meubles-aux-encheres-publiques\/"]}]},{"@type":"BreadcrumbList","@id":"https:\/\/preprod.beauxarts-cie.com\/consulting\/projets\/accompagnement-du-conseil-des-ventes-volontaires-a-ledition-et-a-la-diffusion-du-bilan-economique-2020-sur-les-ventes-volontaires-de-meubles-aux-encheres-publiques\/#breadcrumb","itemListElement":[{"@type":"ListItem","position":1,"name":"Projets","item":"https:\/\/preprod.beauxarts-cie.com\/consulting\/projets\/"},{"@type":"ListItem","position":2,"name":"Accompagnement du Conseil des Ventes Volontaires \u00e0 l\u2019\u00e9dition et \u00e0 la diffusion du bilan \u00e9conomique 2020 sur les ventes volontaires de meubles aux ench\u00e8res publiques"}]}]}},"_links":{"self":[{"href":"https:\/\/preprod.beauxarts-cie.com\/consulting\/wp-json\/wp\/v2\/pages\/487"}],"collection":[{"href":"https:\/\/preprod.beauxarts-cie.com\/consulting\/wp-json\/wp\/v2\/pages"}],"about":[{"href":"https:\/\/preprod.beauxarts-cie.com\/consulting\/wp-json\/wp\/v2\/types\/page"}],"author":[{"embeddable":true,"href":"https:\/\/preprod.beauxarts-cie.com\/consulting\/wp-json\/wp\/v2\/users\/12"}],"replies":[{"embeddable":true,"href":"https:\/\/preprod.beauxarts-cie.com\/consulting\/wp-json\/wp\/v2\/comments?post=487"}],"version-history":[{"count":6,"href":"https:\/\/preprod.beauxarts-cie.com\/consulting\/wp-json\/wp\/v2\/pages\/487\/revisions"}],"predecessor-version":[{"id":568,"href":"https:\/\/preprod.beauxarts-cie.com\/consulting\/wp-json\/wp\/v2\/pages\/487\/revisions\/568"}],"up":[{"embeddable":true,"href":"https:\/\/preprod.beauxarts-cie.com\/consulting\/wp-json\/wp\/v2\/pages\/49"}],"wp:featuredmedia":[{"embeddable":true,"href":"https:\/\/preprod.beauxarts-cie.com\/consulting\/wp-json\/wp\/v2\/media\/484"}],"wp:attachment":[{"href":"https:\/\/preprod.beauxarts-cie.com\/consulting\/wp-json\/wp\/v2\/media?parent=487"}],"curies":[{"name":"wp","href":"https:\/\/api.w.org\/{rel}","templated":true}]}}