{"id":474,"date":"2021-11-17T10:27:54","date_gmt":"2021-11-17T09:27:54","guid":{"rendered":"https:\/\/preprod.beauxarts-cie.com\/consulting\/?page_id=474"},"modified":"2021-11-17T17:50:02","modified_gmt":"2021-11-17T16:50:02","slug":"candidature-de-clermont-ferrand-au-titre-de-capitale-europeenne-de-la-culture","status":"publish","type":"page","link":"https:\/\/preprod.beauxarts-cie.com\/consulting\/projets\/candidature-de-clermont-ferrand-au-titre-de-capitale-europeenne-de-la-culture\/","title":{"rendered":"Candidature de Clermont-Ferrand au titre de capitale europ\u00e9enne de la culture"},"content":{"rendered":"\n<div class=\"wp-block-columns refId\">\n<div class=\"wp-block-column\">\n<h2 class=\"has-text-align-left\">Client : Clermont-Ferrand Massif central 2028<\/h2>\n<\/div>\n\n\n\n<div class=\"wp-block-column\">\n<p>2021, en cours <br>Positionnement strat\u00e9gique, mod\u00e9lisation \u00e9conomique<\/p>\n<\/div>\n<\/div>\n\n\n\n<p>R\u00e9alisation d\u2019une \u00e9tude pour identifier les meilleurs outils, process et dynamiques pour consolider et animer un r\u00e9seau d\u2019acteurs culturels, administratifs et \u00e9conomiques sur un vaste territoire et pr\u00e9figurer un outil am\u00e9liorant la m\u00e9diation culturelle aupr\u00e8s des publics des acteurs de ce r\u00e9seau.<\/p>\n\n\n\n<p><strong>Le contexte :<\/strong><\/p>\n\n\n\n<p>La direction de l\u2019association qui soutient la candidature de Clermont-Ferrand et du Massif central au titre de la capitale europ\u00e9enne de la culture a fait appel \u00e0 Beaux Arts Consulting pour cette \u00e9tude afin d\u2019obtenir un panorama des outils et services \u00e0 destination des r\u00e9seaux professionnels, un accompagnement sur leur d\u00e9ploiement op\u00e9rationnel, et b\u00e9n\u00e9ficier de l\u2019expertise de Beaux Arts sur la m\u00e9diation culturelle<\/p>\n\n\n\n<p><strong>Travaux men\u00e9s :<\/strong><\/p>\n\n\n\n<ul><li>R\u00e9alisation d\u2019un benchmark d\u2019organisations professionnelles promouvant des territoires et\/ou des savoir-faire<\/li><li>D\u00e9veloppement de sc\u00e9narios proposant plusieurs mix d\u2019outils et services et des budgets associ\u00e9s<\/li><li>Mod\u00e9lisation \u00e9conomique du sc\u00e9nario retenu et d\u00e9veloppement d\u2019une feuille de route op\u00e9rationnelle<\/li><li>Animation d\u2019ateliers avec les acteurs concern\u00e9s pour r\u00e9\u00e9valuer leurs besoins et ouvrir le chantier de la m\u00e9diation culturelle<\/li><li>R\u00e9daction de protocoles de formation \u00e0 la m\u00e9diation culturelle<\/li><\/ul>\n","protected":false},"excerpt":{"rendered":"<p>Client : Clermont-Ferrand Massif central 2028 2021, en cours Positionnement strat\u00e9gique, mod\u00e9lisation \u00e9conomique R\u00e9alisation d\u2019une \u00e9tude pour identifier les meilleurs outils, process et dynamiques pour consolider et animer un r\u00e9seau d\u2019acteurs culturels, administratifs et \u00e9conomiques sur un vaste territoire et pr\u00e9figurer un outil am\u00e9liorant la m\u00e9diation culturelle aupr\u00e8s des publics des acteurs de ce r\u00e9seau. [&hellip;]<\/p>\n","protected":false},"author":12,"featured_media":470,"parent":49,"menu_order":0,"comment_status":"closed","ping_status":"closed","template":"tpl-page-child-reference.php","meta":[],"yoast_head":"<!-- This site is optimized with the Yoast SEO plugin v18.0 - https:\/\/yoast.com\/wordpress\/plugins\/seo\/ -->\n<meta name=\"robots\" content=\"index, follow, max-snippet:-1, max-image-preview:large, max-video-preview:-1\" \/>\n<link rel=\"canonical\" href=\"https:\/\/preprod.beauxarts-cie.com\/consulting\/projets\/candidature-de-clermont-ferrand-au-titre-de-capitale-europeenne-de-la-culture\/\" \/>\n<meta property=\"og:locale\" content=\"fr_FR\" \/>\n<meta property=\"og:type\" content=\"article\" \/>\n<meta property=\"og:title\" content=\"Candidature de Clermont-Ferrand au titre de capitale europ\u00e9enne de la culture - Beaux Arts Consulting\" \/>\n<meta property=\"og:description\" content=\"Client : Clermont-Ferrand Massif central 2028 2021, en cours Positionnement strat\u00e9gique, mod\u00e9lisation \u00e9conomique R\u00e9alisation d\u2019une \u00e9tude pour identifier les meilleurs outils, process et dynamiques pour consolider et animer un r\u00e9seau d\u2019acteurs culturels, administratifs et \u00e9conomiques sur un vaste territoire et pr\u00e9figurer un outil am\u00e9liorant la m\u00e9diation culturelle aupr\u00e8s des publics des acteurs de ce r\u00e9seau. [&hellip;]\" \/>\n<meta property=\"og:url\" content=\"https:\/\/preprod.beauxarts-cie.com\/consulting\/projets\/candidature-de-clermont-ferrand-au-titre-de-capitale-europeenne-de-la-culture\/\" \/>\n<meta property=\"og:site_name\" content=\"Beaux Arts Consulting\" \/>\n<meta property=\"article:modified_time\" content=\"2021-11-17T16:50:02+00:00\" \/>\n<meta property=\"og:image\" content=\"https:\/\/preprod.beauxarts-cie.com\/consulting\/wp-content\/uploads\/sites\/3\/2021\/11\/Clermont-MassifCentral-2028.png-1.jpg\" \/>\n\t<meta property=\"og:image:width\" content=\"1600\" \/>\n\t<meta property=\"og:image:height\" content=\"900\" \/>\n\t<meta property=\"og:image:type\" content=\"image\/jpeg\" \/>\n<meta name=\"twitter:card\" content=\"summary_large_image\" \/>\n<meta name=\"twitter:label1\" content=\"Dur\u00e9e de lecture estim\u00e9e\" \/>\n\t<meta name=\"twitter:data1\" content=\"1 minute\" \/>\n<script type=\"application\/ld+json\" class=\"yoast-schema-graph\">{\"@context\":\"https:\/\/schema.org\",\"@graph\":[{\"@type\":\"WebSite\",\"@id\":\"https:\/\/preprod.beauxarts-cie.com\/consulting\/#website\",\"url\":\"https:\/\/preprod.beauxarts-cie.com\/consulting\/\",\"name\":\"Beaux Arts Consulting\",\"description\":\"Conseil en strat\u00e9gie, innovation et ing\u00e9nierie culturelle\",\"potentialAction\":[{\"@type\":\"SearchAction\",\"target\":{\"@type\":\"EntryPoint\",\"urlTemplate\":\"https:\/\/preprod.beauxarts-cie.com\/consulting\/?s={search_term_string}\"},\"query-input\":\"required name=search_term_string\"}],\"inLanguage\":\"fr-FR\"},{\"@type\":\"ImageObject\",\"@id\":\"https:\/\/preprod.beauxarts-cie.com\/consulting\/projets\/candidature-de-clermont-ferrand-au-titre-de-capitale-europeenne-de-la-culture\/#primaryimage\",\"inLanguage\":\"fr-FR\",\"url\":\"https:\/\/preprod.beauxarts-cie.com\/consulting\/wp-content\/uploads\/sites\/3\/2021\/11\/Clermont-MassifCentral-2028.png-1.jpg\",\"contentUrl\":\"https:\/\/preprod.beauxarts-cie.com\/consulting\/wp-content\/uploads\/sites\/3\/2021\/11\/Clermont-MassifCentral-2028.png-1.jpg\",\"width\":1600,\"height\":900},{\"@type\":\"WebPage\",\"@id\":\"https:\/\/preprod.beauxarts-cie.com\/consulting\/projets\/candidature-de-clermont-ferrand-au-titre-de-capitale-europeenne-de-la-culture\/#webpage\",\"url\":\"https:\/\/preprod.beauxarts-cie.com\/consulting\/projets\/candidature-de-clermont-ferrand-au-titre-de-capitale-europeenne-de-la-culture\/\",\"name\":\"Candidature de Clermont-Ferrand au titre de capitale europ\u00e9enne de la culture - Beaux Arts Consulting\",\"isPartOf\":{\"@id\":\"https:\/\/preprod.beauxarts-cie.com\/consulting\/#website\"},\"primaryImageOfPage\":{\"@id\":\"https:\/\/preprod.beauxarts-cie.com\/consulting\/projets\/candidature-de-clermont-ferrand-au-titre-de-capitale-europeenne-de-la-culture\/#primaryimage\"},\"datePublished\":\"2021-11-17T09:27:54+00:00\",\"dateModified\":\"2021-11-17T16:50:02+00:00\",\"breadcrumb\":{\"@id\":\"https:\/\/preprod.beauxarts-cie.com\/consulting\/projets\/candidature-de-clermont-ferrand-au-titre-de-capitale-europeenne-de-la-culture\/#breadcrumb\"},\"inLanguage\":\"fr-FR\",\"potentialAction\":[{\"@type\":\"ReadAction\",\"target\":[\"https:\/\/preprod.beauxarts-cie.com\/consulting\/projets\/candidature-de-clermont-ferrand-au-titre-de-capitale-europeenne-de-la-culture\/\"]}]},{\"@type\":\"BreadcrumbList\",\"@id\":\"https:\/\/preprod.beauxarts-cie.com\/consulting\/projets\/candidature-de-clermont-ferrand-au-titre-de-capitale-europeenne-de-la-culture\/#breadcrumb\",\"itemListElement\":[{\"@type\":\"ListItem\",\"position\":1,\"name\":\"Projets\",\"item\":\"https:\/\/preprod.beauxarts-cie.com\/consulting\/projets\/\"},{\"@type\":\"ListItem\",\"position\":2,\"name\":\"Candidature de Clermont-Ferrand au titre de capitale europ\u00e9enne de la culture\"}]}]}<\/script>\n<!-- \/ Yoast SEO plugin. -->","yoast_head_json":{"robots":{"index":"index","follow":"follow","max-snippet":"max-snippet:-1","max-image-preview":"max-image-preview:large","max-video-preview":"max-video-preview:-1"},"canonical":"https:\/\/preprod.beauxarts-cie.com\/consulting\/projets\/candidature-de-clermont-ferrand-au-titre-de-capitale-europeenne-de-la-culture\/","og_locale":"fr_FR","og_type":"article","og_title":"Candidature de Clermont-Ferrand au titre de capitale europ\u00e9enne de la culture - Beaux Arts Consulting","og_description":"Client : Clermont-Ferrand Massif central 2028 2021, en cours Positionnement strat\u00e9gique, mod\u00e9lisation \u00e9conomique R\u00e9alisation d\u2019une \u00e9tude pour identifier les meilleurs outils, process et dynamiques pour consolider et animer un r\u00e9seau d\u2019acteurs culturels, administratifs et \u00e9conomiques sur un vaste territoire et pr\u00e9figurer un outil am\u00e9liorant la m\u00e9diation culturelle aupr\u00e8s des publics des acteurs de ce r\u00e9seau. [&hellip;]","og_url":"https:\/\/preprod.beauxarts-cie.com\/consulting\/projets\/candidature-de-clermont-ferrand-au-titre-de-capitale-europeenne-de-la-culture\/","og_site_name":"Beaux Arts Consulting","article_modified_time":"2021-11-17T16:50:02+00:00","og_image":[{"width":1600,"height":900,"url":"https:\/\/preprod.beauxarts-cie.com\/consulting\/wp-content\/uploads\/sites\/3\/2021\/11\/Clermont-MassifCentral-2028.png-1.jpg","type":"image\/jpeg"}],"twitter_card":"summary_large_image","twitter_misc":{"Dur\u00e9e de lecture estim\u00e9e":"1 minute"},"schema":{"@context":"https:\/\/schema.org","@graph":[{"@type":"WebSite","@id":"https:\/\/preprod.beauxarts-cie.com\/consulting\/#website","url":"https:\/\/preprod.beauxarts-cie.com\/consulting\/","name":"Beaux Arts Consulting","description":"Conseil en strat\u00e9gie, innovation et ing\u00e9nierie culturelle","potentialAction":[{"@type":"SearchAction","target":{"@type":"EntryPoint","urlTemplate":"https:\/\/preprod.beauxarts-cie.com\/consulting\/?s={search_term_string}"},"query-input":"required name=search_term_string"}],"inLanguage":"fr-FR"},{"@type":"ImageObject","@id":"https:\/\/preprod.beauxarts-cie.com\/consulting\/projets\/candidature-de-clermont-ferrand-au-titre-de-capitale-europeenne-de-la-culture\/#primaryimage","inLanguage":"fr-FR","url":"https:\/\/preprod.beauxarts-cie.com\/consulting\/wp-content\/uploads\/sites\/3\/2021\/11\/Clermont-MassifCentral-2028.png-1.jpg","contentUrl":"https:\/\/preprod.beauxarts-cie.com\/consulting\/wp-content\/uploads\/sites\/3\/2021\/11\/Clermont-MassifCentral-2028.png-1.jpg","width":1600,"height":900},{"@type":"WebPage","@id":"https:\/\/preprod.beauxarts-cie.com\/consulting\/projets\/candidature-de-clermont-ferrand-au-titre-de-capitale-europeenne-de-la-culture\/#webpage","url":"https:\/\/preprod.beauxarts-cie.com\/consulting\/projets\/candidature-de-clermont-ferrand-au-titre-de-capitale-europeenne-de-la-culture\/","name":"Candidature de Clermont-Ferrand au titre de capitale europ\u00e9enne de la culture - Beaux Arts Consulting","isPartOf":{"@id":"https:\/\/preprod.beauxarts-cie.com\/consulting\/#website"},"primaryImageOfPage":{"@id":"https:\/\/preprod.beauxarts-cie.com\/consulting\/projets\/candidature-de-clermont-ferrand-au-titre-de-capitale-europeenne-de-la-culture\/#primaryimage"},"datePublished":"2021-11-17T09:27:54+00:00","dateModified":"2021-11-17T16:50:02+00:00","breadcrumb":{"@id":"https:\/\/preprod.beauxarts-cie.com\/consulting\/projets\/candidature-de-clermont-ferrand-au-titre-de-capitale-europeenne-de-la-culture\/#breadcrumb"},"inLanguage":"fr-FR","potentialAction":[{"@type":"ReadAction","target":["https:\/\/preprod.beauxarts-cie.com\/consulting\/projets\/candidature-de-clermont-ferrand-au-titre-de-capitale-europeenne-de-la-culture\/"]}]},{"@type":"BreadcrumbList","@id":"https:\/\/preprod.beauxarts-cie.com\/consulting\/projets\/candidature-de-clermont-ferrand-au-titre-de-capitale-europeenne-de-la-culture\/#breadcrumb","itemListElement":[{"@type":"ListItem","position":1,"name":"Projets","item":"https:\/\/preprod.beauxarts-cie.com\/consulting\/projets\/"},{"@type":"ListItem","position":2,"name":"Candidature de Clermont-Ferrand au titre de capitale europ\u00e9enne de la culture"}]}]}},"_links":{"self":[{"href":"https:\/\/preprod.beauxarts-cie.com\/consulting\/wp-json\/wp\/v2\/pages\/474"}],"collection":[{"href":"https:\/\/preprod.beauxarts-cie.com\/consulting\/wp-json\/wp\/v2\/pages"}],"about":[{"href":"https:\/\/preprod.beauxarts-cie.com\/consulting\/wp-json\/wp\/v2\/types\/page"}],"author":[{"embeddable":true,"href":"https:\/\/preprod.beauxarts-cie.com\/consulting\/wp-json\/wp\/v2\/users\/12"}],"replies":[{"embeddable":true,"href":"https:\/\/preprod.beauxarts-cie.com\/consulting\/wp-json\/wp\/v2\/comments?post=474"}],"version-history":[{"count":7,"href":"https:\/\/preprod.beauxarts-cie.com\/consulting\/wp-json\/wp\/v2\/pages\/474\/revisions"}],"predecessor-version":[{"id":565,"href":"https:\/\/preprod.beauxarts-cie.com\/consulting\/wp-json\/wp\/v2\/pages\/474\/revisions\/565"}],"up":[{"embeddable":true,"href":"https:\/\/preprod.beauxarts-cie.com\/consulting\/wp-json\/wp\/v2\/pages\/49"}],"wp:featuredmedia":[{"embeddable":true,"href":"https:\/\/preprod.beauxarts-cie.com\/consulting\/wp-json\/wp\/v2\/media\/470"}],"wp:attachment":[{"href":"https:\/\/preprod.beauxarts-cie.com\/consulting\/wp-json\/wp\/v2\/media?parent=474"}],"curies":[{"name":"wp","href":"https:\/\/api.w.org\/{rel}","templated":true}]}}