{"id":450,"date":"2021-11-16T19:15:03","date_gmt":"2021-11-16T18:15:03","guid":{"rendered":"https:\/\/preprod.beauxarts-cie.com\/consulting\/?page_id=450"},"modified":"2021-11-17T17:43:18","modified_gmt":"2021-11-17T16:43:18","slug":"reinventer-le-patrimoine","status":"publish","type":"page","link":"https:\/\/preprod.beauxarts-cie.com\/consulting\/projets\/reinventer-le-patrimoine\/","title":{"rendered":"R\u00e9inventer le patrimoine"},"content":{"rendered":"\n<div class=\"wp-block-columns refId\">\n<div class=\"wp-block-column\">\n<h2 class=\"has-text-align-left\">Client : Atout France<\/h2>\n<\/div>\n\n\n\n<div class=\"wp-block-column\">\n<p>2021 <br>Positionnement strat\u00e9gique, nouveaux publics<\/p>\n<\/div>\n<\/div>\n\n\n\n<p>Le Parc de Wesserling est l\u2019un des douze sites touristiques laur\u00e9ats du programme \u00ab\u00a0R\u00e9inventer le Patrimoine\u00a0\u00bb pour \u00eatre accompagn\u00e9 dans sa r\u00e9habilitation patrimoine autour des axes de la culture, des loisirs, de l\u2019h\u00f4tellerie et de la restauration.<\/p>\n\n\n\n<p><strong>Le contexte :<\/strong><\/p>\n\n\n\n<p>Cr\u00e9\u00e9 en 2019 par Atout France, en collaboration avec la Caisse des D\u00e9p\u00f4ts et Consignations, le dispositif \u00ab\u00a0R\u00e9inventer le patrimoine\u00a0\u00bb vise \u00e0 accompagner des lieux de patrimoine dans l\u2019\u00e9mergence de nouveaux mod\u00e8les \u00e9conomiques, usages et publics. Le groupement associant Beaux Arts Consulting et le\u00a0CENTQUATRE-PARIS a \u00e9t\u00e9 missionn\u00e9 pour accompagner le Parc de\u00a0Wesserling\u00a0dans\u00a0la formalisation du projet culturel, touristique et \u00e9v\u00e8nementiel du lieu.<\/p>\n\n\n\n<p>Ancienne&nbsp;Manufacture Royale&nbsp;du Haut-Rhin fond\u00e9e&nbsp;en 1762, l\u2019activit\u00e9 du site de&nbsp;Wesserling&nbsp;s\u2019arr\u00eate au d\u00e9but des ann\u00e9es 2000.&nbsp;Le Parc de&nbsp;Wesserling&nbsp;est alors reconverti progressivement en comprenant des fonctions de loisir-tourisme (\u00e9comus\u00e9e, jardins remarquables\u2026), d&rsquo;habitat, de commerce&nbsp;et&nbsp;d\u2019artisanat. Ce site de 42 hectares, int\u00e9gr\u00e9 dans un paysage rural,&nbsp;est aujourd\u2019hui un lieu de vie, de travail, de tourisme et de culture&nbsp;en qu\u00eate de renouveau.&nbsp;La d\u00e9finition du&nbsp;projet culturel et touristique de valorisation du site&nbsp;doit permettre&nbsp;de doter le site d\u2019une coh\u00e9rence d\u2019ensemble,&nbsp;de cr\u00e9er une unit\u00e9 et des liens entre les divers usages et composantes du Parc.<\/p>\n\n\n\n<p><strong>Travaux men\u00e9s :<\/strong><\/p>\n\n\n\n<ul><li>Co-construction du projet, d\u00e9finition du concept et \u00e9tude de pr\u00e9-programmation<\/li><li>Etudes marketing et de faisabilit\u00e9<\/li><li>D\u00e9finition d\u2019espaces temporaires exp\u00e9rimentaux<\/li><li>Actions de communication du programme R\u00e9inventer le Patrimoine\u00a0: conception du site web, r\u00e9alisation de la vid\u00e9o manifeste<\/li><\/ul>\n\n\n\n<hr class=\"wp-block-separator\" \/>\n","protected":false},"excerpt":{"rendered":"<p>Client : Atout France 2021 Positionnement strat\u00e9gique, nouveaux publics Le Parc de Wesserling est l\u2019un des douze sites touristiques laur\u00e9ats du programme \u00ab\u00a0R\u00e9inventer le Patrimoine\u00a0\u00bb pour \u00eatre accompagn\u00e9 dans sa r\u00e9habilitation patrimoine autour des axes de la culture, des loisirs, de l\u2019h\u00f4tellerie et de la restauration. Le contexte : Cr\u00e9\u00e9 en 2019 par Atout France, [&hellip;]<\/p>\n","protected":false},"author":1,"featured_media":436,"parent":49,"menu_order":0,"comment_status":"closed","ping_status":"closed","template":"tpl-page-child-reference.php","meta":[],"yoast_head":"<!-- This site is optimized with the Yoast SEO plugin v18.0 - https:\/\/yoast.com\/wordpress\/plugins\/seo\/ -->\n<meta name=\"robots\" content=\"index, follow, max-snippet:-1, max-image-preview:large, max-video-preview:-1\" \/>\n<link rel=\"canonical\" href=\"https:\/\/preprod.beauxarts-cie.com\/consulting\/projets\/reinventer-le-patrimoine\/\" \/>\n<meta property=\"og:locale\" content=\"fr_FR\" \/>\n<meta property=\"og:type\" content=\"article\" \/>\n<meta property=\"og:title\" content=\"R\u00e9inventer le patrimoine - Beaux Arts Consulting\" \/>\n<meta property=\"og:description\" content=\"Client : Atout France 2021 Positionnement strat\u00e9gique, nouveaux publics Le Parc de Wesserling est l\u2019un des douze sites touristiques laur\u00e9ats du programme \u00ab\u00a0R\u00e9inventer le Patrimoine\u00a0\u00bb pour \u00eatre accompagn\u00e9 dans sa r\u00e9habilitation patrimoine autour des axes de la culture, des loisirs, de l\u2019h\u00f4tellerie et de la restauration. Le contexte : Cr\u00e9\u00e9 en 2019 par Atout France, [&hellip;]\" \/>\n<meta property=\"og:url\" content=\"https:\/\/preprod.beauxarts-cie.com\/consulting\/projets\/reinventer-le-patrimoine\/\" \/>\n<meta property=\"og:site_name\" content=\"Beaux Arts Consulting\" \/>\n<meta property=\"article:modified_time\" content=\"2021-11-17T16:43:18+00:00\" \/>\n<meta property=\"og:image\" content=\"https:\/\/preprod.beauxarts-cie.com\/consulting\/wp-content\/uploads\/sites\/3\/2021\/11\/@Parc-de-Wesserling.jpg\" \/>\n\t<meta property=\"og:image:width\" content=\"1024\" \/>\n\t<meta property=\"og:image:height\" content=\"682\" \/>\n\t<meta property=\"og:image:type\" content=\"image\/jpeg\" \/>\n<meta name=\"twitter:card\" content=\"summary_large_image\" \/>\n<meta name=\"twitter:label1\" content=\"Dur\u00e9e de lecture estim\u00e9e\" \/>\n\t<meta name=\"twitter:data1\" content=\"2 minutes\" \/>\n<script type=\"application\/ld+json\" class=\"yoast-schema-graph\">{\"@context\":\"https:\/\/schema.org\",\"@graph\":[{\"@type\":\"WebSite\",\"@id\":\"https:\/\/preprod.beauxarts-cie.com\/consulting\/#website\",\"url\":\"https:\/\/preprod.beauxarts-cie.com\/consulting\/\",\"name\":\"Beaux Arts Consulting\",\"description\":\"Conseil en strat\u00e9gie, innovation et ing\u00e9nierie culturelle\",\"potentialAction\":[{\"@type\":\"SearchAction\",\"target\":{\"@type\":\"EntryPoint\",\"urlTemplate\":\"https:\/\/preprod.beauxarts-cie.com\/consulting\/?s={search_term_string}\"},\"query-input\":\"required name=search_term_string\"}],\"inLanguage\":\"fr-FR\"},{\"@type\":\"ImageObject\",\"@id\":\"https:\/\/preprod.beauxarts-cie.com\/consulting\/projets\/reinventer-le-patrimoine\/#primaryimage\",\"inLanguage\":\"fr-FR\",\"url\":\"https:\/\/preprod.beauxarts-cie.com\/consulting\/wp-content\/uploads\/sites\/3\/2021\/11\/@Parc-de-Wesserling.jpg\",\"contentUrl\":\"https:\/\/preprod.beauxarts-cie.com\/consulting\/wp-content\/uploads\/sites\/3\/2021\/11\/@Parc-de-Wesserling.jpg\",\"width\":1024,\"height\":682,\"caption\":\"DCIM100GOPROG0012527.\"},{\"@type\":\"WebPage\",\"@id\":\"https:\/\/preprod.beauxarts-cie.com\/consulting\/projets\/reinventer-le-patrimoine\/#webpage\",\"url\":\"https:\/\/preprod.beauxarts-cie.com\/consulting\/projets\/reinventer-le-patrimoine\/\",\"name\":\"R\u00e9inventer le patrimoine - Beaux Arts Consulting\",\"isPartOf\":{\"@id\":\"https:\/\/preprod.beauxarts-cie.com\/consulting\/#website\"},\"primaryImageOfPage\":{\"@id\":\"https:\/\/preprod.beauxarts-cie.com\/consulting\/projets\/reinventer-le-patrimoine\/#primaryimage\"},\"datePublished\":\"2021-11-16T18:15:03+00:00\",\"dateModified\":\"2021-11-17T16:43:18+00:00\",\"breadcrumb\":{\"@id\":\"https:\/\/preprod.beauxarts-cie.com\/consulting\/projets\/reinventer-le-patrimoine\/#breadcrumb\"},\"inLanguage\":\"fr-FR\",\"potentialAction\":[{\"@type\":\"ReadAction\",\"target\":[\"https:\/\/preprod.beauxarts-cie.com\/consulting\/projets\/reinventer-le-patrimoine\/\"]}]},{\"@type\":\"BreadcrumbList\",\"@id\":\"https:\/\/preprod.beauxarts-cie.com\/consulting\/projets\/reinventer-le-patrimoine\/#breadcrumb\",\"itemListElement\":[{\"@type\":\"ListItem\",\"position\":1,\"name\":\"Projets\",\"item\":\"https:\/\/preprod.beauxarts-cie.com\/consulting\/projets\/\"},{\"@type\":\"ListItem\",\"position\":2,\"name\":\"R\u00e9inventer le patrimoine\"}]}]}<\/script>\n<!-- \/ Yoast SEO plugin. -->","yoast_head_json":{"robots":{"index":"index","follow":"follow","max-snippet":"max-snippet:-1","max-image-preview":"max-image-preview:large","max-video-preview":"max-video-preview:-1"},"canonical":"https:\/\/preprod.beauxarts-cie.com\/consulting\/projets\/reinventer-le-patrimoine\/","og_locale":"fr_FR","og_type":"article","og_title":"R\u00e9inventer le patrimoine - Beaux Arts Consulting","og_description":"Client : Atout France 2021 Positionnement strat\u00e9gique, nouveaux publics Le Parc de Wesserling est l\u2019un des douze sites touristiques laur\u00e9ats du programme \u00ab\u00a0R\u00e9inventer le Patrimoine\u00a0\u00bb pour \u00eatre accompagn\u00e9 dans sa r\u00e9habilitation patrimoine autour des axes de la culture, des loisirs, de l\u2019h\u00f4tellerie et de la restauration. Le contexte : Cr\u00e9\u00e9 en 2019 par Atout France, [&hellip;]","og_url":"https:\/\/preprod.beauxarts-cie.com\/consulting\/projets\/reinventer-le-patrimoine\/","og_site_name":"Beaux Arts Consulting","article_modified_time":"2021-11-17T16:43:18+00:00","og_image":[{"width":1024,"height":682,"url":"https:\/\/preprod.beauxarts-cie.com\/consulting\/wp-content\/uploads\/sites\/3\/2021\/11\/@Parc-de-Wesserling.jpg","type":"image\/jpeg"}],"twitter_card":"summary_large_image","twitter_misc":{"Dur\u00e9e de lecture estim\u00e9e":"2 minutes"},"schema":{"@context":"https:\/\/schema.org","@graph":[{"@type":"WebSite","@id":"https:\/\/preprod.beauxarts-cie.com\/consulting\/#website","url":"https:\/\/preprod.beauxarts-cie.com\/consulting\/","name":"Beaux Arts Consulting","description":"Conseil en strat\u00e9gie, innovation et ing\u00e9nierie culturelle","potentialAction":[{"@type":"SearchAction","target":{"@type":"EntryPoint","urlTemplate":"https:\/\/preprod.beauxarts-cie.com\/consulting\/?s={search_term_string}"},"query-input":"required name=search_term_string"}],"inLanguage":"fr-FR"},{"@type":"ImageObject","@id":"https:\/\/preprod.beauxarts-cie.com\/consulting\/projets\/reinventer-le-patrimoine\/#primaryimage","inLanguage":"fr-FR","url":"https:\/\/preprod.beauxarts-cie.com\/consulting\/wp-content\/uploads\/sites\/3\/2021\/11\/@Parc-de-Wesserling.jpg","contentUrl":"https:\/\/preprod.beauxarts-cie.com\/consulting\/wp-content\/uploads\/sites\/3\/2021\/11\/@Parc-de-Wesserling.jpg","width":1024,"height":682,"caption":"DCIM100GOPROG0012527."},{"@type":"WebPage","@id":"https:\/\/preprod.beauxarts-cie.com\/consulting\/projets\/reinventer-le-patrimoine\/#webpage","url":"https:\/\/preprod.beauxarts-cie.com\/consulting\/projets\/reinventer-le-patrimoine\/","name":"R\u00e9inventer le patrimoine - Beaux Arts Consulting","isPartOf":{"@id":"https:\/\/preprod.beauxarts-cie.com\/consulting\/#website"},"primaryImageOfPage":{"@id":"https:\/\/preprod.beauxarts-cie.com\/consulting\/projets\/reinventer-le-patrimoine\/#primaryimage"},"datePublished":"2021-11-16T18:15:03+00:00","dateModified":"2021-11-17T16:43:18+00:00","breadcrumb":{"@id":"https:\/\/preprod.beauxarts-cie.com\/consulting\/projets\/reinventer-le-patrimoine\/#breadcrumb"},"inLanguage":"fr-FR","potentialAction":[{"@type":"ReadAction","target":["https:\/\/preprod.beauxarts-cie.com\/consulting\/projets\/reinventer-le-patrimoine\/"]}]},{"@type":"BreadcrumbList","@id":"https:\/\/preprod.beauxarts-cie.com\/consulting\/projets\/reinventer-le-patrimoine\/#breadcrumb","itemListElement":[{"@type":"ListItem","position":1,"name":"Projets","item":"https:\/\/preprod.beauxarts-cie.com\/consulting\/projets\/"},{"@type":"ListItem","position":2,"name":"R\u00e9inventer le patrimoine"}]}]}},"_links":{"self":[{"href":"https:\/\/preprod.beauxarts-cie.com\/consulting\/wp-json\/wp\/v2\/pages\/450"}],"collection":[{"href":"https:\/\/preprod.beauxarts-cie.com\/consulting\/wp-json\/wp\/v2\/pages"}],"about":[{"href":"https:\/\/preprod.beauxarts-cie.com\/consulting\/wp-json\/wp\/v2\/types\/page"}],"author":[{"embeddable":true,"href":"https:\/\/preprod.beauxarts-cie.com\/consulting\/wp-json\/wp\/v2\/users\/1"}],"replies":[{"embeddable":true,"href":"https:\/\/preprod.beauxarts-cie.com\/consulting\/wp-json\/wp\/v2\/comments?post=450"}],"version-history":[{"count":3,"href":"https:\/\/preprod.beauxarts-cie.com\/consulting\/wp-json\/wp\/v2\/pages\/450\/revisions"}],"predecessor-version":[{"id":574,"href":"https:\/\/preprod.beauxarts-cie.com\/consulting\/wp-json\/wp\/v2\/pages\/450\/revisions\/574"}],"up":[{"embeddable":true,"href":"https:\/\/preprod.beauxarts-cie.com\/consulting\/wp-json\/wp\/v2\/pages\/49"}],"wp:featuredmedia":[{"embeddable":true,"href":"https:\/\/preprod.beauxarts-cie.com\/consulting\/wp-json\/wp\/v2\/media\/436"}],"wp:attachment":[{"href":"https:\/\/preprod.beauxarts-cie.com\/consulting\/wp-json\/wp\/v2\/media?parent=450"}],"curies":[{"name":"wp","href":"https:\/\/api.w.org\/{rel}","templated":true}]}}