{"id":442,"date":"2021-11-16T19:10:58","date_gmt":"2021-11-16T18:10:58","guid":{"rendered":"https:\/\/preprod.beauxarts-cie.com\/consulting\/?page_id=442"},"modified":"2021-11-17T18:00:47","modified_gmt":"2021-11-17T17:00:47","slug":"cite-de-la-toile-de-jouy-en-josas","status":"publish","type":"page","link":"https:\/\/preprod.beauxarts-cie.com\/consulting\/projets\/cite-de-la-toile-de-jouy-en-josas\/","title":{"rendered":"Cit\u00e9 de la Toile de Jouy en Josas"},"content":{"rendered":"\n<div class=\"wp-block-columns refId\">\n<div class=\"wp-block-column\">\n<h2 class=\"has-text-align-left\">Client : Agglom\u00e9ration Versailles Grand Parc<\/h2>\n<\/div>\n\n\n\n<div class=\"wp-block-column\">\n<p>2021, en cours <br>Positionnement strat\u00e9gique, mod\u00e9lisation \u00e9conomique, nouveaux publics<\/p>\n<\/div>\n<\/div>\n\n\n\n<p>Accompagnement strat\u00e9gique dans la perspective de la d\u00e9finition du projet de cr\u00e9ation d&rsquo;une \u00ab\u00a0Cit\u00e9 de la Toile\u00a0\u00bb (Mus\u00e9e, Recherche, Manufacture)<\/p>\n\n\n\n<p><strong>Le contexte :<\/strong><\/p>\n\n\n\n<p>Le Mus\u00e9e de la Toile de Jouy, cr\u00e9\u00e9 en 1977, est situ\u00e9 \u00e0 Jouy-en-Josas, dans l\u2019agglom\u00e9ration versaillaise. D\u00e9positaire d\u2019un patrimoine exceptionnel li\u00e9 \u00e0 l\u2019histoire industrielle et commerciale de la Manufacture Oberkampf et de la toile imprim\u00e9e, ce Mus\u00e9e de France re\u00e7oit annuellement plus de 10 000 visiteurs. Aujourd\u2019hui, il souhaite repenser son projet culturel pour valoriser la technique s\u00e9culaire de la Toile de Jouy et devenir un lieu de r\u00e9f\u00e9rence gr\u00e2ce \u00e0 la cr\u00e9ation d\u2019une Cit\u00e9 de la Toile.&nbsp;<\/p>\n\n\n\n<p><strong>Travaux men\u00e9s :<\/strong><\/p>\n\n\n\n<ul><li>\u00c9tat des lieux et bilan de l\u2019existant<\/li><li>Benchmark d\u2019acteurs inspirants et analyse de la concurrence<\/li><li>D\u00e9finition de sc\u00e9narios de positionnement<\/li><li>Panorama des partenaires financiers \u00e0 mobiliser<\/li><li>Constitution, organisation et animation du Comit\u00e9 de pilotage<\/li><\/ul>\n\n\n\n<hr class=\"wp-block-separator\" \/>\n\n\n\n<p><a><\/a><\/p>\n\n\n\n<p><\/p>\n","protected":false},"excerpt":{"rendered":"<p>Client : Agglom\u00e9ration Versailles Grand Parc 2021, en cours Positionnement strat\u00e9gique, mod\u00e9lisation \u00e9conomique, nouveaux publics Accompagnement strat\u00e9gique dans la perspective de la d\u00e9finition du projet de cr\u00e9ation d&rsquo;une \u00ab\u00a0Cit\u00e9 de la Toile\u00a0\u00bb (Mus\u00e9e, Recherche, Manufacture) Le contexte : Le Mus\u00e9e de la Toile de Jouy, cr\u00e9\u00e9 en 1977, est situ\u00e9 \u00e0 Jouy-en-Josas, dans l\u2019agglom\u00e9ration versaillaise. [&hellip;]<\/p>\n","protected":false},"author":1,"featured_media":443,"parent":49,"menu_order":0,"comment_status":"closed","ping_status":"closed","template":"tpl-page-child-reference.php","meta":[],"yoast_head":"<!-- This site is optimized with the Yoast SEO plugin v18.0 - https:\/\/yoast.com\/wordpress\/plugins\/seo\/ -->\n<meta name=\"robots\" content=\"index, follow, max-snippet:-1, max-image-preview:large, max-video-preview:-1\" \/>\n<link rel=\"canonical\" href=\"https:\/\/preprod.beauxarts-cie.com\/consulting\/projets\/cite-de-la-toile-de-jouy-en-josas\/\" \/>\n<meta property=\"og:locale\" content=\"fr_FR\" \/>\n<meta property=\"og:type\" content=\"article\" \/>\n<meta property=\"og:title\" content=\"Cit\u00e9 de la Toile de Jouy en Josas - Beaux Arts Consulting\" \/>\n<meta property=\"og:description\" content=\"Client : Agglom\u00e9ration Versailles Grand Parc 2021, en cours Positionnement strat\u00e9gique, mod\u00e9lisation \u00e9conomique, nouveaux publics Accompagnement strat\u00e9gique dans la perspective de la d\u00e9finition du projet de cr\u00e9ation d&rsquo;une \u00ab\u00a0Cit\u00e9 de la Toile\u00a0\u00bb (Mus\u00e9e, Recherche, Manufacture) Le contexte : Le Mus\u00e9e de la Toile de Jouy, cr\u00e9\u00e9 en 1977, est situ\u00e9 \u00e0 Jouy-en-Josas, dans l\u2019agglom\u00e9ration versaillaise. [&hellip;]\" \/>\n<meta property=\"og:url\" content=\"https:\/\/preprod.beauxarts-cie.com\/consulting\/projets\/cite-de-la-toile-de-jouy-en-josas\/\" \/>\n<meta property=\"og:site_name\" content=\"Beaux Arts Consulting\" \/>\n<meta property=\"article:modified_time\" content=\"2021-11-17T17:00:47+00:00\" \/>\n<meta property=\"og:image\" content=\"https:\/\/preprod.beauxarts-cie.com\/consulting\/wp-content\/uploads\/sites\/3\/2021\/11\/Cite\u0301-de-la-Toile-Jouy.jpg\" \/>\n\t<meta property=\"og:image:width\" content=\"1024\" \/>\n\t<meta property=\"og:image:height\" content=\"682\" \/>\n\t<meta property=\"og:image:type\" content=\"image\/jpeg\" \/>\n<meta name=\"twitter:card\" content=\"summary_large_image\" \/>\n<meta name=\"twitter:label1\" content=\"Dur\u00e9e de lecture estim\u00e9e\" \/>\n\t<meta name=\"twitter:data1\" content=\"1 minute\" \/>\n<script type=\"application\/ld+json\" class=\"yoast-schema-graph\">{\"@context\":\"https:\/\/schema.org\",\"@graph\":[{\"@type\":\"WebSite\",\"@id\":\"https:\/\/preprod.beauxarts-cie.com\/consulting\/#website\",\"url\":\"https:\/\/preprod.beauxarts-cie.com\/consulting\/\",\"name\":\"Beaux Arts Consulting\",\"description\":\"Conseil en strat\u00e9gie, innovation et ing\u00e9nierie culturelle\",\"potentialAction\":[{\"@type\":\"SearchAction\",\"target\":{\"@type\":\"EntryPoint\",\"urlTemplate\":\"https:\/\/preprod.beauxarts-cie.com\/consulting\/?s={search_term_string}\"},\"query-input\":\"required name=search_term_string\"}],\"inLanguage\":\"fr-FR\"},{\"@type\":\"ImageObject\",\"@id\":\"https:\/\/preprod.beauxarts-cie.com\/consulting\/projets\/cite-de-la-toile-de-jouy-en-josas\/#primaryimage\",\"inLanguage\":\"fr-FR\",\"url\":\"https:\/\/preprod.beauxarts-cie.com\/consulting\/wp-content\/uploads\/sites\/3\/2021\/11\/Cite\u0301-de-la-Toile-Jouy.jpg\",\"contentUrl\":\"https:\/\/preprod.beauxarts-cie.com\/consulting\/wp-content\/uploads\/sites\/3\/2021\/11\/Cite\u0301-de-la-Toile-Jouy.jpg\",\"width\":1024,\"height\":682},{\"@type\":\"WebPage\",\"@id\":\"https:\/\/preprod.beauxarts-cie.com\/consulting\/projets\/cite-de-la-toile-de-jouy-en-josas\/#webpage\",\"url\":\"https:\/\/preprod.beauxarts-cie.com\/consulting\/projets\/cite-de-la-toile-de-jouy-en-josas\/\",\"name\":\"Cit\u00e9 de la Toile de Jouy en Josas - Beaux Arts Consulting\",\"isPartOf\":{\"@id\":\"https:\/\/preprod.beauxarts-cie.com\/consulting\/#website\"},\"primaryImageOfPage\":{\"@id\":\"https:\/\/preprod.beauxarts-cie.com\/consulting\/projets\/cite-de-la-toile-de-jouy-en-josas\/#primaryimage\"},\"datePublished\":\"2021-11-16T18:10:58+00:00\",\"dateModified\":\"2021-11-17T17:00:47+00:00\",\"breadcrumb\":{\"@id\":\"https:\/\/preprod.beauxarts-cie.com\/consulting\/projets\/cite-de-la-toile-de-jouy-en-josas\/#breadcrumb\"},\"inLanguage\":\"fr-FR\",\"potentialAction\":[{\"@type\":\"ReadAction\",\"target\":[\"https:\/\/preprod.beauxarts-cie.com\/consulting\/projets\/cite-de-la-toile-de-jouy-en-josas\/\"]}]},{\"@type\":\"BreadcrumbList\",\"@id\":\"https:\/\/preprod.beauxarts-cie.com\/consulting\/projets\/cite-de-la-toile-de-jouy-en-josas\/#breadcrumb\",\"itemListElement\":[{\"@type\":\"ListItem\",\"position\":1,\"name\":\"Projets\",\"item\":\"https:\/\/preprod.beauxarts-cie.com\/consulting\/projets\/\"},{\"@type\":\"ListItem\",\"position\":2,\"name\":\"Cit\u00e9 de la Toile de Jouy en Josas\"}]}]}<\/script>\n<!-- \/ Yoast SEO plugin. -->","yoast_head_json":{"robots":{"index":"index","follow":"follow","max-snippet":"max-snippet:-1","max-image-preview":"max-image-preview:large","max-video-preview":"max-video-preview:-1"},"canonical":"https:\/\/preprod.beauxarts-cie.com\/consulting\/projets\/cite-de-la-toile-de-jouy-en-josas\/","og_locale":"fr_FR","og_type":"article","og_title":"Cit\u00e9 de la Toile de Jouy en Josas - Beaux Arts Consulting","og_description":"Client : Agglom\u00e9ration Versailles Grand Parc 2021, en cours Positionnement strat\u00e9gique, mod\u00e9lisation \u00e9conomique, nouveaux publics Accompagnement strat\u00e9gique dans la perspective de la d\u00e9finition du projet de cr\u00e9ation d&rsquo;une \u00ab\u00a0Cit\u00e9 de la Toile\u00a0\u00bb (Mus\u00e9e, Recherche, Manufacture) Le contexte : Le Mus\u00e9e de la Toile de Jouy, cr\u00e9\u00e9 en 1977, est situ\u00e9 \u00e0 Jouy-en-Josas, dans l\u2019agglom\u00e9ration versaillaise. [&hellip;]","og_url":"https:\/\/preprod.beauxarts-cie.com\/consulting\/projets\/cite-de-la-toile-de-jouy-en-josas\/","og_site_name":"Beaux Arts Consulting","article_modified_time":"2021-11-17T17:00:47+00:00","og_image":[{"width":1024,"height":682,"url":"https:\/\/preprod.beauxarts-cie.com\/consulting\/wp-content\/uploads\/sites\/3\/2021\/11\/Cite\u0301-de-la-Toile-Jouy.jpg","type":"image\/jpeg"}],"twitter_card":"summary_large_image","twitter_misc":{"Dur\u00e9e de lecture estim\u00e9e":"1 minute"},"schema":{"@context":"https:\/\/schema.org","@graph":[{"@type":"WebSite","@id":"https:\/\/preprod.beauxarts-cie.com\/consulting\/#website","url":"https:\/\/preprod.beauxarts-cie.com\/consulting\/","name":"Beaux Arts Consulting","description":"Conseil en strat\u00e9gie, innovation et ing\u00e9nierie culturelle","potentialAction":[{"@type":"SearchAction","target":{"@type":"EntryPoint","urlTemplate":"https:\/\/preprod.beauxarts-cie.com\/consulting\/?s={search_term_string}"},"query-input":"required name=search_term_string"}],"inLanguage":"fr-FR"},{"@type":"ImageObject","@id":"https:\/\/preprod.beauxarts-cie.com\/consulting\/projets\/cite-de-la-toile-de-jouy-en-josas\/#primaryimage","inLanguage":"fr-FR","url":"https:\/\/preprod.beauxarts-cie.com\/consulting\/wp-content\/uploads\/sites\/3\/2021\/11\/Cite\u0301-de-la-Toile-Jouy.jpg","contentUrl":"https:\/\/preprod.beauxarts-cie.com\/consulting\/wp-content\/uploads\/sites\/3\/2021\/11\/Cite\u0301-de-la-Toile-Jouy.jpg","width":1024,"height":682},{"@type":"WebPage","@id":"https:\/\/preprod.beauxarts-cie.com\/consulting\/projets\/cite-de-la-toile-de-jouy-en-josas\/#webpage","url":"https:\/\/preprod.beauxarts-cie.com\/consulting\/projets\/cite-de-la-toile-de-jouy-en-josas\/","name":"Cit\u00e9 de la Toile de Jouy en Josas - Beaux Arts Consulting","isPartOf":{"@id":"https:\/\/preprod.beauxarts-cie.com\/consulting\/#website"},"primaryImageOfPage":{"@id":"https:\/\/preprod.beauxarts-cie.com\/consulting\/projets\/cite-de-la-toile-de-jouy-en-josas\/#primaryimage"},"datePublished":"2021-11-16T18:10:58+00:00","dateModified":"2021-11-17T17:00:47+00:00","breadcrumb":{"@id":"https:\/\/preprod.beauxarts-cie.com\/consulting\/projets\/cite-de-la-toile-de-jouy-en-josas\/#breadcrumb"},"inLanguage":"fr-FR","potentialAction":[{"@type":"ReadAction","target":["https:\/\/preprod.beauxarts-cie.com\/consulting\/projets\/cite-de-la-toile-de-jouy-en-josas\/"]}]},{"@type":"BreadcrumbList","@id":"https:\/\/preprod.beauxarts-cie.com\/consulting\/projets\/cite-de-la-toile-de-jouy-en-josas\/#breadcrumb","itemListElement":[{"@type":"ListItem","position":1,"name":"Projets","item":"https:\/\/preprod.beauxarts-cie.com\/consulting\/projets\/"},{"@type":"ListItem","position":2,"name":"Cit\u00e9 de la Toile de Jouy en Josas"}]}]}},"_links":{"self":[{"href":"https:\/\/preprod.beauxarts-cie.com\/consulting\/wp-json\/wp\/v2\/pages\/442"}],"collection":[{"href":"https:\/\/preprod.beauxarts-cie.com\/consulting\/wp-json\/wp\/v2\/pages"}],"about":[{"href":"https:\/\/preprod.beauxarts-cie.com\/consulting\/wp-json\/wp\/v2\/types\/page"}],"author":[{"embeddable":true,"href":"https:\/\/preprod.beauxarts-cie.com\/consulting\/wp-json\/wp\/v2\/users\/1"}],"replies":[{"embeddable":true,"href":"https:\/\/preprod.beauxarts-cie.com\/consulting\/wp-json\/wp\/v2\/comments?post=442"}],"version-history":[{"count":3,"href":"https:\/\/preprod.beauxarts-cie.com\/consulting\/wp-json\/wp\/v2\/pages\/442\/revisions"}],"predecessor-version":[{"id":589,"href":"https:\/\/preprod.beauxarts-cie.com\/consulting\/wp-json\/wp\/v2\/pages\/442\/revisions\/589"}],"up":[{"embeddable":true,"href":"https:\/\/preprod.beauxarts-cie.com\/consulting\/wp-json\/wp\/v2\/pages\/49"}],"wp:featuredmedia":[{"embeddable":true,"href":"https:\/\/preprod.beauxarts-cie.com\/consulting\/wp-json\/wp\/v2\/media\/443"}],"wp:attachment":[{"href":"https:\/\/preprod.beauxarts-cie.com\/consulting\/wp-json\/wp\/v2\/media?parent=442"}],"curies":[{"name":"wp","href":"https:\/\/api.w.org\/{rel}","templated":true}]}}