{"id":349,"date":"2021-11-12T15:56:47","date_gmt":"2021-11-12T14:56:47","guid":{"rendered":"https:\/\/preprod.beauxarts-cie.com\/consulting\/?page_id=349"},"modified":"2021-11-12T16:13:16","modified_gmt":"2021-11-12T15:13:16","slug":"offres","status":"publish","type":"page","link":"https:\/\/preprod.beauxarts-cie.com\/consulting\/offres\/","title":{"rendered":"Offres"},"content":{"rendered":"\n<div class=\"wp-container-1 wp-block-group\"><div class=\"wp-block-group__inner-container\">\n<div class=\"wp-block-columns\">\n<div class=\"wp-block-column is-vertically-aligned-center\" style=\"flex-basis:100px\">\n<div class=\"wp-block-image\"><figure class=\"aligncenter size-large\"><img src=\"https:\/\/preprod.beauxarts-cie.com\/consulting\/wp-content\/uploads\/sites\/3\/2021\/11\/ELABORER-UN-POSITIONNEMENT-STRATEGIQUE.svg\" alt=\"\" class=\"wp-image-359\"\/><\/figure><\/div>\n<\/div>\n\n\n\n<div class=\"wp-block-column\" style=\"flex-basis:66.66%\">\n<h3>\u00c9LABORER UN POSITIONNEMENT STRAT\u00c9GIQUE<\/h3>\n\n\n\n<p>R\u00e9alisation d\u2019un \u00e9tat des lieux, d\u00e9finition d\u2019un projet scientifique et culturel, co-conception avec les parties prenantes,&nbsp;\u2026<\/p>\n<\/div>\n<\/div>\n\n\n\n<div style=\"height:16px\" aria-hidden=\"true\" class=\"wp-block-spacer\"><\/div>\n\n\n\n<div class=\"wp-block-columns\">\n<div class=\"wp-block-column is-vertically-aligned-center\" style=\"flex-basis:100px\">\n<div class=\"wp-block-image\"><figure class=\"aligncenter size-large\"><img src=\"https:\/\/preprod.beauxarts-cie.com\/consulting\/wp-content\/uploads\/sites\/3\/2021\/11\/CONSTRUIRE-DES-MODE\u0300LES-E\u0301CONOMIQUES-DURABLES.svg\" alt=\"\" class=\"wp-image-357\"\/><\/figure><\/div>\n<\/div>\n\n\n\n<div class=\"wp-block-column\" style=\"flex-basis:66.66%\">\n<h3>CONSTRUIRE DES MOD\u00c8LES \u00c9CONOMIQUES DURABLES<\/h3>\n\n\n\n<p>Appui \u00e0 l\u2019identification de nouvelles ressources propres, audit de boutiques, recherche de fonds et de m\u00e9c\u00e8nes, cadrage juridique,&nbsp;\u2026<\/p>\n<\/div>\n<\/div>\n\n\n\n<div style=\"height:16px\" aria-hidden=\"true\" class=\"wp-block-spacer\"><\/div>\n\n\n\n<div class=\"wp-block-columns\">\n<div class=\"wp-block-column is-vertically-aligned-center\" style=\"flex-basis:100px\">\n<div class=\"wp-block-image\"><figure class=\"aligncenter size-large\"><img src=\"https:\/\/preprod.beauxarts-cie.com\/consulting\/wp-content\/uploads\/sites\/3\/2021\/11\/RECHERCHER-DE-NOUVEAUX.svg\" alt=\"\" class=\"wp-image-361\"\/><\/figure><\/div>\n<\/div>\n\n\n\n<div class=\"wp-block-column\" style=\"flex-basis:66.66%\">\n<h3>RECHERCHER DE NOUVEAUX PUBLICS<\/h3>\n\n\n\n<p>R\u00e9alisation d\u2019\u00e9tudes de publics, d\u00e9veloppement de dispositifs de m\u00e9diation, strat\u00e9gie num\u00e9rique, strat\u00e9gie de communication,&nbsp;\u2026<\/p>\n<\/div>\n<\/div>\n\n\n\n<div style=\"height:16px\" aria-hidden=\"true\" class=\"wp-block-spacer\"><\/div>\n\n\n\n<div class=\"wp-block-columns\">\n<div class=\"wp-block-column is-vertically-aligned-center\" style=\"flex-basis:100px\">\n<div class=\"wp-block-image\"><figure class=\"aligncenter size-large\"><img src=\"https:\/\/preprod.beauxarts-cie.com\/consulting\/wp-content\/uploads\/sites\/3\/2021\/11\/INTE\u0301GRER-LES-ENJEUX-DAVENIR.svg\" alt=\"\" class=\"wp-image-360\"\/><\/figure><\/div>\n<\/div>\n\n\n\n<div class=\"wp-block-column\" style=\"flex-basis:66.66%\">\n<h3>INT\u00c9GRER LES ENJEUX D\u2019AVENIR<\/h3>\n\n\n\n<p>Accompagnement des institutions culturelles et des entreprises dans l\u2019int\u00e9gration des enjeux d\u2019\u00e9galit\u00e9 femmes- hommes, de d\u00e9veloppement durable,&nbsp;\u2026<\/p>\n<\/div>\n<\/div>\n\n\n\n<div style=\"height:16px\" aria-hidden=\"true\" class=\"wp-block-spacer\"><\/div>\n\n\n\n<div class=\"wp-block-columns\">\n<div class=\"wp-block-column is-vertically-aligned-center\" style=\"flex-basis:100px\">\n<div class=\"wp-block-image\"><figure class=\"aligncenter size-large\"><img src=\"https:\/\/preprod.beauxarts-cie.com\/consulting\/wp-content\/uploads\/sites\/3\/2021\/11\/CONCEVOIR-ET-PROGRAMMER-DES-E\u0301VE\u0301NEMENTS-ARTISTIQUES.svg\" alt=\"\" class=\"wp-image-356\"\/><\/figure><\/div>\n<\/div>\n\n\n\n<div class=\"wp-block-column\" style=\"flex-basis:66.66%\">\n<h3>CONCEVOIR ET PROGRAMMER DES \u00c9V\u00c9NEMENTS ARTISTIQUES<\/h3>\n\n\n\n<p>Organisation d\u2019\u00e9v\u00e9nements pour les institutions culturelles et les entreprises, production d\u2019\u0153uvres,&nbsp;\u2026<\/p>\n<\/div>\n<\/div>\n\n\n\n<div style=\"height:16px\" aria-hidden=\"true\" class=\"wp-block-spacer\"><\/div>\n\n\n\n<div class=\"wp-block-columns\">\n<div class=\"wp-block-column is-vertically-aligned-center\" style=\"flex-basis:100px\">\n<div class=\"wp-block-image\"><figure class=\"aligncenter size-large\"><img src=\"https:\/\/preprod.beauxarts-cie.com\/consulting\/wp-content\/uploads\/sites\/3\/2021\/11\/DE\u0301VELOPPER-DES-PROJETS-INNOVANTS.svg\" alt=\"\" class=\"wp-image-358\"\/><\/figure><\/div>\n<\/div>\n\n\n\n<div class=\"wp-block-column\" style=\"flex-basis:66.66%\">\n<h3>D\u00c9VELOPPER DES PROJETS INNOVANTS<\/h3>\n\n\n\n<p>Accompagnement des institutions et startups culturelles dans leur transformation et dans leur transition num\u00e9rique,&nbsp;\u2026<\/p>\n<\/div>\n<\/div>\n\n\n\n<div style=\"height:16px\" aria-hidden=\"true\" class=\"wp-block-spacer\"><\/div>\n\n\n\n<div class=\"wp-block-columns\">\n<div class=\"wp-block-column is-vertically-aligned-center\" style=\"flex-basis:100px\">\n<div class=\"wp-block-image\"><figure class=\"aligncenter size-full\"><img loading=\"lazy\" width=\"242\" height=\"242\" src=\"https:\/\/preprod.beauxarts-cie.com\/consulting\/wp-content\/uploads\/sites\/3\/2021\/11\/Comprendre-les-tendances-de-demain.png\" alt=\"\" class=\"wp-image-355\" srcset=\"https:\/\/preprod.beauxarts-cie.com\/consulting\/wp-content\/uploads\/sites\/3\/2021\/11\/Comprendre-les-tendances-de-demain.png 242w, https:\/\/preprod.beauxarts-cie.com\/consulting\/wp-content\/uploads\/sites\/3\/2021\/11\/Comprendre-les-tendances-de-demain-150x150.png 150w\" sizes=\"(max-width: 242px) 100vw, 242px\" \/><\/figure><\/div>\n<\/div>\n\n\n\n<div class=\"wp-block-column\" style=\"flex-basis:66.66%\">\n<h3>COMPRENDRE LES TENDANCES D\u2019AUJOURD\u2019HUI ET DE DEMAIN<\/h3>\n\n\n\n<p>R\u00e9alisation d\u2019\u00e9tudes et publications d\u2019analyse sur l\u2019\u00e9tat des march\u00e9s culturels,&nbsp;\u2026<\/p>\n<\/div>\n<\/div>\n<\/div><\/div>\n","protected":false},"excerpt":{"rendered":"<p>\u00c9LABORER UN POSITIONNEMENT STRAT\u00c9GIQUE R\u00e9alisation d\u2019un \u00e9tat des lieux, d\u00e9finition d\u2019un projet scientifique et culturel, co-conception avec les parties prenantes,&nbsp;\u2026 CONSTRUIRE DES MOD\u00c8LES \u00c9CONOMIQUES DURABLES Appui \u00e0 l\u2019identification de nouvelles ressources propres, audit de boutiques, recherche de fonds et de m\u00e9c\u00e8nes, cadrage juridique,&nbsp;\u2026 RECHERCHER DE NOUVEAUX PUBLICS R\u00e9alisation d\u2019\u00e9tudes de publics, d\u00e9veloppement de dispositifs de [&hellip;]<\/p>\n","protected":false},"author":1,"featured_media":0,"parent":0,"menu_order":0,"comment_status":"closed","ping_status":"closed","template":"","meta":[],"yoast_head":"<!-- This site is optimized with the Yoast SEO plugin v18.0 - https:\/\/yoast.com\/wordpress\/plugins\/seo\/ -->\n<meta name=\"robots\" content=\"index, follow, max-snippet:-1, max-image-preview:large, max-video-preview:-1\" \/>\n<link rel=\"canonical\" href=\"https:\/\/preprod.beauxarts-cie.com\/consulting\/offres\/\" \/>\n<meta property=\"og:locale\" content=\"fr_FR\" \/>\n<meta property=\"og:type\" content=\"article\" \/>\n<meta property=\"og:title\" content=\"Offres - Beaux Arts Consulting\" \/>\n<meta property=\"og:description\" content=\"\u00c9LABORER UN POSITIONNEMENT STRAT\u00c9GIQUE R\u00e9alisation d\u2019un \u00e9tat des lieux, d\u00e9finition d\u2019un projet scientifique et culturel, co-conception avec les parties prenantes,&nbsp;\u2026 CONSTRUIRE DES MOD\u00c8LES \u00c9CONOMIQUES DURABLES Appui \u00e0 l\u2019identification de nouvelles ressources propres, audit de boutiques, recherche de fonds et de m\u00e9c\u00e8nes, cadrage juridique,&nbsp;\u2026 RECHERCHER DE NOUVEAUX PUBLICS R\u00e9alisation d\u2019\u00e9tudes de publics, d\u00e9veloppement de dispositifs de [&hellip;]\" \/>\n<meta property=\"og:url\" content=\"https:\/\/preprod.beauxarts-cie.com\/consulting\/offres\/\" \/>\n<meta property=\"og:site_name\" content=\"Beaux Arts Consulting\" \/>\n<meta property=\"article:modified_time\" content=\"2021-11-12T15:13:16+00:00\" \/>\n<meta property=\"og:image\" content=\"https:\/\/preprod.beauxarts-cie.com\/consulting\/wp-content\/uploads\/sites\/3\/2021\/11\/ELABORER-UN-POSITIONNEMENT-STRATEGIQUE.svg\" \/>\n<meta name=\"twitter:card\" content=\"summary_large_image\" \/>\n<meta name=\"twitter:label1\" content=\"Dur\u00e9e de lecture estim\u00e9e\" \/>\n\t<meta name=\"twitter:data1\" content=\"2 minutes\" \/>\n<script type=\"application\/ld+json\" class=\"yoast-schema-graph\">{\"@context\":\"https:\/\/schema.org\",\"@graph\":[{\"@type\":\"WebSite\",\"@id\":\"https:\/\/preprod.beauxarts-cie.com\/consulting\/#website\",\"url\":\"https:\/\/preprod.beauxarts-cie.com\/consulting\/\",\"name\":\"Beaux Arts Consulting\",\"description\":\"Conseil en strat\u00e9gie, innovation et ing\u00e9nierie culturelle\",\"potentialAction\":[{\"@type\":\"SearchAction\",\"target\":{\"@type\":\"EntryPoint\",\"urlTemplate\":\"https:\/\/preprod.beauxarts-cie.com\/consulting\/?s={search_term_string}\"},\"query-input\":\"required name=search_term_string\"}],\"inLanguage\":\"fr-FR\"},{\"@type\":\"ImageObject\",\"@id\":\"https:\/\/preprod.beauxarts-cie.com\/consulting\/offres\/#primaryimage\",\"inLanguage\":\"fr-FR\",\"url\":\"https:\/\/preprod.beauxarts-cie.com\/consulting\/wp-content\/uploads\/sites\/3\/2021\/11\/ELABORER-UN-POSITIONNEMENT-STRATEGIQUE.svg\",\"contentUrl\":\"https:\/\/preprod.beauxarts-cie.com\/consulting\/wp-content\/uploads\/sites\/3\/2021\/11\/ELABORER-UN-POSITIONNEMENT-STRATEGIQUE.svg\"},{\"@type\":\"WebPage\",\"@id\":\"https:\/\/preprod.beauxarts-cie.com\/consulting\/offres\/#webpage\",\"url\":\"https:\/\/preprod.beauxarts-cie.com\/consulting\/offres\/\",\"name\":\"Offres - Beaux Arts Consulting\",\"isPartOf\":{\"@id\":\"https:\/\/preprod.beauxarts-cie.com\/consulting\/#website\"},\"primaryImageOfPage\":{\"@id\":\"https:\/\/preprod.beauxarts-cie.com\/consulting\/offres\/#primaryimage\"},\"datePublished\":\"2021-11-12T14:56:47+00:00\",\"dateModified\":\"2021-11-12T15:13:16+00:00\",\"breadcrumb\":{\"@id\":\"https:\/\/preprod.beauxarts-cie.com\/consulting\/offres\/#breadcrumb\"},\"inLanguage\":\"fr-FR\",\"potentialAction\":[{\"@type\":\"ReadAction\",\"target\":[\"https:\/\/preprod.beauxarts-cie.com\/consulting\/offres\/\"]}]},{\"@type\":\"BreadcrumbList\",\"@id\":\"https:\/\/preprod.beauxarts-cie.com\/consulting\/offres\/#breadcrumb\",\"itemListElement\":[{\"@type\":\"ListItem\",\"position\":1,\"name\":\"Offres\"}]}]}<\/script>\n<!-- \/ Yoast SEO plugin. -->","yoast_head_json":{"robots":{"index":"index","follow":"follow","max-snippet":"max-snippet:-1","max-image-preview":"max-image-preview:large","max-video-preview":"max-video-preview:-1"},"canonical":"https:\/\/preprod.beauxarts-cie.com\/consulting\/offres\/","og_locale":"fr_FR","og_type":"article","og_title":"Offres - Beaux Arts Consulting","og_description":"\u00c9LABORER UN POSITIONNEMENT STRAT\u00c9GIQUE R\u00e9alisation d\u2019un \u00e9tat des lieux, d\u00e9finition d\u2019un projet scientifique et culturel, co-conception avec les parties prenantes,&nbsp;\u2026 CONSTRUIRE DES MOD\u00c8LES \u00c9CONOMIQUES DURABLES Appui \u00e0 l\u2019identification de nouvelles ressources propres, audit de boutiques, recherche de fonds et de m\u00e9c\u00e8nes, cadrage juridique,&nbsp;\u2026 RECHERCHER DE NOUVEAUX PUBLICS R\u00e9alisation d\u2019\u00e9tudes de publics, d\u00e9veloppement de dispositifs de [&hellip;]","og_url":"https:\/\/preprod.beauxarts-cie.com\/consulting\/offres\/","og_site_name":"Beaux Arts Consulting","article_modified_time":"2021-11-12T15:13:16+00:00","og_image":[{"url":"https:\/\/preprod.beauxarts-cie.com\/consulting\/wp-content\/uploads\/sites\/3\/2021\/11\/ELABORER-UN-POSITIONNEMENT-STRATEGIQUE.svg"}],"twitter_card":"summary_large_image","twitter_misc":{"Dur\u00e9e de lecture estim\u00e9e":"2 minutes"},"schema":{"@context":"https:\/\/schema.org","@graph":[{"@type":"WebSite","@id":"https:\/\/preprod.beauxarts-cie.com\/consulting\/#website","url":"https:\/\/preprod.beauxarts-cie.com\/consulting\/","name":"Beaux Arts Consulting","description":"Conseil en strat\u00e9gie, innovation et ing\u00e9nierie culturelle","potentialAction":[{"@type":"SearchAction","target":{"@type":"EntryPoint","urlTemplate":"https:\/\/preprod.beauxarts-cie.com\/consulting\/?s={search_term_string}"},"query-input":"required name=search_term_string"}],"inLanguage":"fr-FR"},{"@type":"ImageObject","@id":"https:\/\/preprod.beauxarts-cie.com\/consulting\/offres\/#primaryimage","inLanguage":"fr-FR","url":"https:\/\/preprod.beauxarts-cie.com\/consulting\/wp-content\/uploads\/sites\/3\/2021\/11\/ELABORER-UN-POSITIONNEMENT-STRATEGIQUE.svg","contentUrl":"https:\/\/preprod.beauxarts-cie.com\/consulting\/wp-content\/uploads\/sites\/3\/2021\/11\/ELABORER-UN-POSITIONNEMENT-STRATEGIQUE.svg"},{"@type":"WebPage","@id":"https:\/\/preprod.beauxarts-cie.com\/consulting\/offres\/#webpage","url":"https:\/\/preprod.beauxarts-cie.com\/consulting\/offres\/","name":"Offres - Beaux Arts Consulting","isPartOf":{"@id":"https:\/\/preprod.beauxarts-cie.com\/consulting\/#website"},"primaryImageOfPage":{"@id":"https:\/\/preprod.beauxarts-cie.com\/consulting\/offres\/#primaryimage"},"datePublished":"2021-11-12T14:56:47+00:00","dateModified":"2021-11-12T15:13:16+00:00","breadcrumb":{"@id":"https:\/\/preprod.beauxarts-cie.com\/consulting\/offres\/#breadcrumb"},"inLanguage":"fr-FR","potentialAction":[{"@type":"ReadAction","target":["https:\/\/preprod.beauxarts-cie.com\/consulting\/offres\/"]}]},{"@type":"BreadcrumbList","@id":"https:\/\/preprod.beauxarts-cie.com\/consulting\/offres\/#breadcrumb","itemListElement":[{"@type":"ListItem","position":1,"name":"Offres"}]}]}},"_links":{"self":[{"href":"https:\/\/preprod.beauxarts-cie.com\/consulting\/wp-json\/wp\/v2\/pages\/349"}],"collection":[{"href":"https:\/\/preprod.beauxarts-cie.com\/consulting\/wp-json\/wp\/v2\/pages"}],"about":[{"href":"https:\/\/preprod.beauxarts-cie.com\/consulting\/wp-json\/wp\/v2\/types\/page"}],"author":[{"embeddable":true,"href":"https:\/\/preprod.beauxarts-cie.com\/consulting\/wp-json\/wp\/v2\/users\/1"}],"replies":[{"embeddable":true,"href":"https:\/\/preprod.beauxarts-cie.com\/consulting\/wp-json\/wp\/v2\/comments?post=349"}],"version-history":[{"count":4,"href":"https:\/\/preprod.beauxarts-cie.com\/consulting\/wp-json\/wp\/v2\/pages\/349\/revisions"}],"predecessor-version":[{"id":366,"href":"https:\/\/preprod.beauxarts-cie.com\/consulting\/wp-json\/wp\/v2\/pages\/349\/revisions\/366"}],"wp:attachment":[{"href":"https:\/\/preprod.beauxarts-cie.com\/consulting\/wp-json\/wp\/v2\/media?parent=349"}],"curies":[{"name":"wp","href":"https:\/\/api.w.org\/{rel}","templated":true}]}}