{"id":231,"date":"2020-08-03T14:42:26","date_gmt":"2020-08-03T12:42:26","guid":{"rendered":"https:\/\/preprod.beauxarts-cie.com\/consulting\/?page_id=231"},"modified":"2021-11-17T17:56:42","modified_gmt":"2021-11-17T16:56:42","slug":"lagrave","status":"publish","type":"page","link":"https:\/\/preprod.beauxarts-cie.com\/consulting\/projets\/lagrave\/","title":{"rendered":"Etude pour la r\u00e9habilitation de l\u2019h\u00f4pital de La Grave en lieu culturel pluridisciplinaire"},"content":{"rendered":"\n<div class=\"wp-block-columns refId\">\n<div class=\"wp-block-column\">\n<h2 class=\"has-text-align-left\">Client : Ville de Toulouse<\/h2>\n<\/div>\n\n\n\n<div class=\"wp-block-column\">\n<p>2020 &#8211; 2021 <br>Cr\u00e9ation d\u2019un lieu culturel, programmation, mod\u00e8le \u00e9conomique, marketing &amp; communication<\/p>\n<\/div>\n<\/div>\n\n\n\n<p><strong>Le contexte :<\/strong><\/p>\n\n\n\n<p>La Ville de Toulouse souhaite convertir le site de La Grave, ancien h\u00f4pital du XVIIe si\u00e8cle au patrimoine historique et architectural embl\u00e9matique, en un lieu de vie d\u00e9di\u00e9 aux Industries culturelles et cr\u00e9atives (ICC) ouvert aux habitants. Cette future \u00ab\u202fCit\u00e9 des Arts\u202f\u00bb doit participer \u00e0 la transformation globale du quartier Saint Cyprien pour en faire une extension du c\u0153ur de ville.&nbsp;&nbsp;Beaux Arts&nbsp;Consulting, le CENTQUATRE-PARIS et l\u2019agence d\u2019architecture Encore Heureux ont \u00e9t\u00e9 missionn\u00e9s pour&nbsp;d\u00e9finir un projet culturel d\u2019ambition internationale, favorisant&nbsp;l\u2019appropriation du lieu par les habitants&nbsp;et permettant&nbsp;une multiplicit\u00e9 d\u2019usages et de contenus.&nbsp;<\/p>\n\n\n\n<p><strong>Travaux men\u00e9s :<\/strong><\/p>\n\n\n\n<ul><li>Analyse critique des premi\u00e8res orientations du projet et \u00e9tude de terrain&nbsp;<\/li><li>D\u00e9finition d\u2019une vision commune pour le projet autour de l\u2019hospitalit\u00e9, en r\u00e9f\u00e9rence \u00e0 l\u2019histoire du site de La Grave<\/li><li>Proposition d\u2019un projet culturel d\u00e9taill\u00e9 en confrontant les qualit\u00e9s spatiales et urbaines du site aux aspirations programmatiques port\u00e9es par la ville de Toulouse, afin de concevoir un projet \u00ab ancr\u00e9 \u00bb et un lieu de vie multi-usages<\/li><li>R\u00e9alisation d\u2019un mod\u00e8le \u00e9conomique en phase avec la programmation<\/li><li>D\u00e9finition de la strat\u00e9gie de communication<\/li><\/ul>\n","protected":false},"excerpt":{"rendered":"<p>Client : Ville de Toulouse 2020 &#8211; 2021 Cr\u00e9ation d\u2019un lieu culturel, programmation, mod\u00e8le \u00e9conomique, marketing &amp; communication Le contexte : La Ville de Toulouse souhaite convertir le site de La Grave, ancien h\u00f4pital du XVIIe si\u00e8cle au patrimoine historique et architectural embl\u00e9matique, en un lieu de vie d\u00e9di\u00e9 aux Industries culturelles et cr\u00e9atives (ICC) [&hellip;]<\/p>\n","protected":false},"author":2,"featured_media":183,"parent":49,"menu_order":0,"comment_status":"closed","ping_status":"closed","template":"tpl-page-child-reference.php","meta":[],"yoast_head":"<!-- This site is optimized with the Yoast SEO plugin v18.0 - https:\/\/yoast.com\/wordpress\/plugins\/seo\/ -->\n<meta name=\"robots\" content=\"index, follow, max-snippet:-1, max-image-preview:large, max-video-preview:-1\" \/>\n<link rel=\"canonical\" href=\"https:\/\/preprod.beauxarts-cie.com\/consulting\/projets\/lagrave\/\" \/>\n<meta property=\"og:locale\" content=\"fr_FR\" \/>\n<meta property=\"og:type\" content=\"article\" \/>\n<meta property=\"og:title\" content=\"Etude pour la r\u00e9habilitation de l\u2019h\u00f4pital de La Grave en lieu culturel pluridisciplinaire - Beaux Arts Consulting\" \/>\n<meta property=\"og:description\" content=\"Client : Ville de Toulouse 2020 &#8211; 2021 Cr\u00e9ation d\u2019un lieu culturel, programmation, mod\u00e8le \u00e9conomique, marketing &amp; communication Le contexte : La Ville de Toulouse souhaite convertir le site de La Grave, ancien h\u00f4pital du XVIIe si\u00e8cle au patrimoine historique et architectural embl\u00e9matique, en un lieu de vie d\u00e9di\u00e9 aux Industries culturelles et cr\u00e9atives (ICC) [&hellip;]\" \/>\n<meta property=\"og:url\" content=\"https:\/\/preprod.beauxarts-cie.com\/consulting\/projets\/lagrave\/\" \/>\n<meta property=\"og:site_name\" content=\"Beaux Arts Consulting\" \/>\n<meta property=\"article:modified_time\" content=\"2021-11-17T16:56:42+00:00\" \/>\n<meta property=\"og:image\" content=\"https:\/\/preprod.beauxarts-cie.com\/consulting\/wp-content\/uploads\/sites\/3\/2020\/07\/Garonne-et-La-Grave.jpeg\" \/>\n\t<meta property=\"og:image:width\" content=\"780\" \/>\n\t<meta property=\"og:image:height\" content=\"560\" \/>\n\t<meta property=\"og:image:type\" content=\"image\/jpeg\" \/>\n<meta name=\"twitter:card\" content=\"summary_large_image\" \/>\n<meta name=\"twitter:label1\" content=\"Dur\u00e9e de lecture estim\u00e9e\" \/>\n\t<meta name=\"twitter:data1\" content=\"1 minute\" \/>\n<script type=\"application\/ld+json\" class=\"yoast-schema-graph\">{\"@context\":\"https:\/\/schema.org\",\"@graph\":[{\"@type\":\"WebSite\",\"@id\":\"https:\/\/preprod.beauxarts-cie.com\/consulting\/#website\",\"url\":\"https:\/\/preprod.beauxarts-cie.com\/consulting\/\",\"name\":\"Beaux Arts Consulting\",\"description\":\"Conseil en strat\u00e9gie, innovation et ing\u00e9nierie culturelle\",\"potentialAction\":[{\"@type\":\"SearchAction\",\"target\":{\"@type\":\"EntryPoint\",\"urlTemplate\":\"https:\/\/preprod.beauxarts-cie.com\/consulting\/?s={search_term_string}\"},\"query-input\":\"required name=search_term_string\"}],\"inLanguage\":\"fr-FR\"},{\"@type\":\"ImageObject\",\"@id\":\"https:\/\/preprod.beauxarts-cie.com\/consulting\/projets\/lagrave\/#primaryimage\",\"inLanguage\":\"fr-FR\",\"url\":\"https:\/\/preprod.beauxarts-cie.com\/consulting\/wp-content\/uploads\/sites\/3\/2020\/07\/Garonne-et-La-Grave.jpeg\",\"contentUrl\":\"https:\/\/preprod.beauxarts-cie.com\/consulting\/wp-content\/uploads\/sites\/3\/2020\/07\/Garonne-et-La-Grave.jpeg\",\"width\":780,\"height\":560},{\"@type\":\"WebPage\",\"@id\":\"https:\/\/preprod.beauxarts-cie.com\/consulting\/projets\/lagrave\/#webpage\",\"url\":\"https:\/\/preprod.beauxarts-cie.com\/consulting\/projets\/lagrave\/\",\"name\":\"Etude pour la r\u00e9habilitation de l\u2019h\u00f4pital de La Grave en lieu culturel pluridisciplinaire - Beaux Arts Consulting\",\"isPartOf\":{\"@id\":\"https:\/\/preprod.beauxarts-cie.com\/consulting\/#website\"},\"primaryImageOfPage\":{\"@id\":\"https:\/\/preprod.beauxarts-cie.com\/consulting\/projets\/lagrave\/#primaryimage\"},\"datePublished\":\"2020-08-03T12:42:26+00:00\",\"dateModified\":\"2021-11-17T16:56:42+00:00\",\"breadcrumb\":{\"@id\":\"https:\/\/preprod.beauxarts-cie.com\/consulting\/projets\/lagrave\/#breadcrumb\"},\"inLanguage\":\"fr-FR\",\"potentialAction\":[{\"@type\":\"ReadAction\",\"target\":[\"https:\/\/preprod.beauxarts-cie.com\/consulting\/projets\/lagrave\/\"]}]},{\"@type\":\"BreadcrumbList\",\"@id\":\"https:\/\/preprod.beauxarts-cie.com\/consulting\/projets\/lagrave\/#breadcrumb\",\"itemListElement\":[{\"@type\":\"ListItem\",\"position\":1,\"name\":\"Projets\",\"item\":\"https:\/\/preprod.beauxarts-cie.com\/consulting\/projets\/\"},{\"@type\":\"ListItem\",\"position\":2,\"name\":\"Etude pour la r\u00e9habilitation de l\u2019h\u00f4pital de La Grave en lieu culturel pluridisciplinaire\"}]}]}<\/script>\n<!-- \/ Yoast SEO plugin. -->","yoast_head_json":{"robots":{"index":"index","follow":"follow","max-snippet":"max-snippet:-1","max-image-preview":"max-image-preview:large","max-video-preview":"max-video-preview:-1"},"canonical":"https:\/\/preprod.beauxarts-cie.com\/consulting\/projets\/lagrave\/","og_locale":"fr_FR","og_type":"article","og_title":"Etude pour la r\u00e9habilitation de l\u2019h\u00f4pital de La Grave en lieu culturel pluridisciplinaire - Beaux Arts Consulting","og_description":"Client : Ville de Toulouse 2020 &#8211; 2021 Cr\u00e9ation d\u2019un lieu culturel, programmation, mod\u00e8le \u00e9conomique, marketing &amp; communication Le contexte : La Ville de Toulouse souhaite convertir le site de La Grave, ancien h\u00f4pital du XVIIe si\u00e8cle au patrimoine historique et architectural embl\u00e9matique, en un lieu de vie d\u00e9di\u00e9 aux Industries culturelles et cr\u00e9atives (ICC) [&hellip;]","og_url":"https:\/\/preprod.beauxarts-cie.com\/consulting\/projets\/lagrave\/","og_site_name":"Beaux Arts Consulting","article_modified_time":"2021-11-17T16:56:42+00:00","og_image":[{"width":780,"height":560,"url":"https:\/\/preprod.beauxarts-cie.com\/consulting\/wp-content\/uploads\/sites\/3\/2020\/07\/Garonne-et-La-Grave.jpeg","type":"image\/jpeg"}],"twitter_card":"summary_large_image","twitter_misc":{"Dur\u00e9e de lecture estim\u00e9e":"1 minute"},"schema":{"@context":"https:\/\/schema.org","@graph":[{"@type":"WebSite","@id":"https:\/\/preprod.beauxarts-cie.com\/consulting\/#website","url":"https:\/\/preprod.beauxarts-cie.com\/consulting\/","name":"Beaux Arts Consulting","description":"Conseil en strat\u00e9gie, innovation et ing\u00e9nierie culturelle","potentialAction":[{"@type":"SearchAction","target":{"@type":"EntryPoint","urlTemplate":"https:\/\/preprod.beauxarts-cie.com\/consulting\/?s={search_term_string}"},"query-input":"required name=search_term_string"}],"inLanguage":"fr-FR"},{"@type":"ImageObject","@id":"https:\/\/preprod.beauxarts-cie.com\/consulting\/projets\/lagrave\/#primaryimage","inLanguage":"fr-FR","url":"https:\/\/preprod.beauxarts-cie.com\/consulting\/wp-content\/uploads\/sites\/3\/2020\/07\/Garonne-et-La-Grave.jpeg","contentUrl":"https:\/\/preprod.beauxarts-cie.com\/consulting\/wp-content\/uploads\/sites\/3\/2020\/07\/Garonne-et-La-Grave.jpeg","width":780,"height":560},{"@type":"WebPage","@id":"https:\/\/preprod.beauxarts-cie.com\/consulting\/projets\/lagrave\/#webpage","url":"https:\/\/preprod.beauxarts-cie.com\/consulting\/projets\/lagrave\/","name":"Etude pour la r\u00e9habilitation de l\u2019h\u00f4pital de La Grave en lieu culturel pluridisciplinaire - Beaux Arts Consulting","isPartOf":{"@id":"https:\/\/preprod.beauxarts-cie.com\/consulting\/#website"},"primaryImageOfPage":{"@id":"https:\/\/preprod.beauxarts-cie.com\/consulting\/projets\/lagrave\/#primaryimage"},"datePublished":"2020-08-03T12:42:26+00:00","dateModified":"2021-11-17T16:56:42+00:00","breadcrumb":{"@id":"https:\/\/preprod.beauxarts-cie.com\/consulting\/projets\/lagrave\/#breadcrumb"},"inLanguage":"fr-FR","potentialAction":[{"@type":"ReadAction","target":["https:\/\/preprod.beauxarts-cie.com\/consulting\/projets\/lagrave\/"]}]},{"@type":"BreadcrumbList","@id":"https:\/\/preprod.beauxarts-cie.com\/consulting\/projets\/lagrave\/#breadcrumb","itemListElement":[{"@type":"ListItem","position":1,"name":"Projets","item":"https:\/\/preprod.beauxarts-cie.com\/consulting\/projets\/"},{"@type":"ListItem","position":2,"name":"Etude pour la r\u00e9habilitation de l\u2019h\u00f4pital de La Grave en lieu culturel pluridisciplinaire"}]}]}},"_links":{"self":[{"href":"https:\/\/preprod.beauxarts-cie.com\/consulting\/wp-json\/wp\/v2\/pages\/231"}],"collection":[{"href":"https:\/\/preprod.beauxarts-cie.com\/consulting\/wp-json\/wp\/v2\/pages"}],"about":[{"href":"https:\/\/preprod.beauxarts-cie.com\/consulting\/wp-json\/wp\/v2\/types\/page"}],"author":[{"embeddable":true,"href":"https:\/\/preprod.beauxarts-cie.com\/consulting\/wp-json\/wp\/v2\/users\/2"}],"replies":[{"embeddable":true,"href":"https:\/\/preprod.beauxarts-cie.com\/consulting\/wp-json\/wp\/v2\/comments?post=231"}],"version-history":[{"count":3,"href":"https:\/\/preprod.beauxarts-cie.com\/consulting\/wp-json\/wp\/v2\/pages\/231\/revisions"}],"predecessor-version":[{"id":439,"href":"https:\/\/preprod.beauxarts-cie.com\/consulting\/wp-json\/wp\/v2\/pages\/231\/revisions\/439"}],"up":[{"embeddable":true,"href":"https:\/\/preprod.beauxarts-cie.com\/consulting\/wp-json\/wp\/v2\/pages\/49"}],"wp:featuredmedia":[{"embeddable":true,"href":"https:\/\/preprod.beauxarts-cie.com\/consulting\/wp-json\/wp\/v2\/media\/183"}],"wp:attachment":[{"href":"https:\/\/preprod.beauxarts-cie.com\/consulting\/wp-json\/wp\/v2\/media?parent=231"}],"curies":[{"name":"wp","href":"https:\/\/api.w.org\/{rel}","templated":true}]}}