{"id":20,"date":"2020-04-06T10:13:18","date_gmt":"2020-04-06T08:13:18","guid":{"rendered":"https:\/\/preprod.preprod.beauxarts-cie.com\/consulting\/?page_id=18"},"modified":"2021-11-18T15:24:38","modified_gmt":"2021-11-18T14:24:38","slug":"actualites","status":"publish","type":"page","link":"https:\/\/preprod.beauxarts-cie.com\/consulting\/actualites\/","title":{"rendered":"Actualit\u00e9s"},"content":{"rendered":"\n<div class=\"wp-block-columns publication\">\n<div class=\"wp-block-column\">\n<figure class=\"wp-block-image size-large\"><img loading=\"lazy\" width=\"1024\" height=\"523\" src=\"https:\/\/preprod.beauxarts-cie.com\/consulting\/wp-content\/uploads\/sites\/3\/2021\/11\/Capture-decran-2021-11-18-151006-1024x523.png\" alt=\"\" class=\"wp-image-666\" srcset=\"https:\/\/preprod.beauxarts-cie.com\/consulting\/wp-content\/uploads\/sites\/3\/2021\/11\/Capture-decran-2021-11-18-151006-1024x523.png 1024w, https:\/\/preprod.beauxarts-cie.com\/consulting\/wp-content\/uploads\/sites\/3\/2021\/11\/Capture-decran-2021-11-18-151006-300x153.png 300w, https:\/\/preprod.beauxarts-cie.com\/consulting\/wp-content\/uploads\/sites\/3\/2021\/11\/Capture-decran-2021-11-18-151006-768x392.png 768w, https:\/\/preprod.beauxarts-cie.com\/consulting\/wp-content\/uploads\/sites\/3\/2021\/11\/Capture-decran-2021-11-18-151006.png 1146w\" sizes=\"(max-width: 1024px) 100vw, 1024px\" \/><\/figure>\n\n\n\n<div class=\"wp-block-columns content\">\n<div class=\"wp-block-column\" style=\"flex-basis:70%\">\n<p><a href=\"https:\/\/preprod.beauxarts-cie.com\/consulting\/wp-content\/uploads\/sites\/3\/2021\/11\/Beaux-Arts-Consulting-et-le-CENTQUATRE-PARIS-allient-leurs-forces-pour-lancer-une-offre-dingenierie-culturelle-commune.pdf\">Beaux Arts Consulting &amp; CENTQUATRE-PARIS<\/a><\/p>\n\n\n\n<p><a href=\"https:\/\/preprod.beauxarts-cie.com\/consulting\/wp-content\/uploads\/sites\/3\/2021\/11\/Beaux-Arts-Consulting-et-le-CENTQUATRE-PARIS-allient-leurs-forces-pour-lancer-une-offre-dingenierie-culturelle-commune.pdf\">Communiqu\u00e9 de Presse : lancement d&rsquo;une offre d&rsquo;ing\u00e9nierie culturelle commune<\/a><\/p>\n<\/div>\n\n\n\n<div class=\"wp-block-column containerDownload\" style=\"flex-basis:10%\">\n<figure class=\"wp-block-image size-large is-resized publiDownload\"><a href=\"https:\/\/preprod.beauxarts-cie.com\/consulting\/wp-content\/uploads\/sites\/3\/2021\/11\/Beaux-Arts-Consulting-et-le-CENTQUATRE-PARIS-allient-leurs-forces-pour-lancer-une-offre-dingenierie-culturelle-commune.pdf\" target=\"_blank\" rel=\"noopener noreferrer\"><img loading=\"lazy\" src=\"https:\/\/preprod.beauxarts-cie.com\/wp-content\/uploads\/2020\/04\/download.svg\" alt=\"T\u00e9l\u00e9charger\" class=\"wp-image-93\" width=\"22\" height=\"22\" \/><\/a><\/figure>\n<\/div>\n<\/div>\n<\/div>\n\n\n\n<div class=\"wp-block-column\">\n<figure class=\"wp-block-image size-full\"><a href=\"https:\/\/vimeo.com\/manage\/videos\/645995335\"><img loading=\"lazy\" width=\"630\" height=\"405\" src=\"https:\/\/preprod.beauxarts-cie.com\/consulting\/wp-content\/uploads\/sites\/3\/2021\/11\/MUSEVA.png\" alt=\"\" class=\"wp-image-596\" srcset=\"https:\/\/preprod.beauxarts-cie.com\/consulting\/wp-content\/uploads\/sites\/3\/2021\/11\/MUSEVA.png 630w, https:\/\/preprod.beauxarts-cie.com\/consulting\/wp-content\/uploads\/sites\/3\/2021\/11\/MUSEVA-300x193.png 300w\" sizes=\"(max-width: 630px) 100vw, 630px\" \/><\/a><\/figure>\n\n\n\n<div class=\"wp-block-columns content\">\n<div class=\"wp-block-column\" style=\"flex-basis:70%\">\n<p><a href=\"https:\/\/www.museva.fr\/conference-museva\/\">S<\/a><a href=\"https:\/\/vimeo.com\/manage\/videos\/645995335\">alon Museva 2021<\/a><\/p>\n\n\n\n<p><a href=\"https:\/\/vimeo.com\/manage\/videos\/645995335\"> <strong>Les privatisations : quelle place au sein des institutions culturelles ? <\/strong> <\/a><\/p>\n<\/div>\n<\/div>\n<\/div>\n<\/div>\n\n\n\n<div class=\"wp-block-columns publication\">\n<div class=\"wp-block-column\">\n<figure class=\"wp-block-image size-full\"><img loading=\"lazy\" width=\"862\" height=\"325\" src=\"https:\/\/preprod.beauxarts-cie.com\/consulting\/wp-content\/uploads\/sites\/3\/2021\/11\/Capture-decran-2021-11-18-145404-3.png\" alt=\"\" class=\"wp-image-672\" srcset=\"https:\/\/preprod.beauxarts-cie.com\/consulting\/wp-content\/uploads\/sites\/3\/2021\/11\/Capture-decran-2021-11-18-145404-3.png 862w, https:\/\/preprod.beauxarts-cie.com\/consulting\/wp-content\/uploads\/sites\/3\/2021\/11\/Capture-decran-2021-11-18-145404-3-300x113.png 300w, https:\/\/preprod.beauxarts-cie.com\/consulting\/wp-content\/uploads\/sites\/3\/2021\/11\/Capture-decran-2021-11-18-145404-3-768x290.png 768w\" sizes=\"(max-width: 862px) 100vw, 862px\" \/><\/figure>\n\n\n\n<div class=\"wp-block-columns content\">\n<div class=\"wp-block-column\" style=\"flex-basis:70%\">\n<p>Heritech Forum 2021 <\/p>\n\n\n\n<p> <strong>Dialogue Territoires &#8211; Etat autour de la valorisation num\u00e9rique des patrimoines<\/strong><br><\/p>\n<\/div>\n<\/div>\n<\/div>\n\n\n\n<div class=\"wp-block-column\">\n<figure class=\"wp-block-gallery columns-1 is-cropped\"><ul class=\"blocks-gallery-grid\"><li class=\"blocks-gallery-item\"><figure><img loading=\"lazy\" width=\"786\" height=\"412\" src=\"https:\/\/preprod.beauxarts-cie.com\/consulting\/wp-content\/uploads\/sites\/3\/2021\/11\/Capture-decran-2021-11-18-145600.png\" alt=\"\" data-id=\"655\" data-full-url=\"https:\/\/preprod.beauxarts-cie.com\/consulting\/wp-content\/uploads\/sites\/3\/2021\/11\/Capture-decran-2021-11-18-145600.png\" data-link=\"https:\/\/preprod.beauxarts-cie.com\/consulting\/actualites\/capture-decran-2021-11-18-145600\/\" class=\"wp-image-655\" srcset=\"https:\/\/preprod.beauxarts-cie.com\/consulting\/wp-content\/uploads\/sites\/3\/2021\/11\/Capture-decran-2021-11-18-145600.png 786w, https:\/\/preprod.beauxarts-cie.com\/consulting\/wp-content\/uploads\/sites\/3\/2021\/11\/Capture-decran-2021-11-18-145600-300x157.png 300w, https:\/\/preprod.beauxarts-cie.com\/consulting\/wp-content\/uploads\/sites\/3\/2021\/11\/Capture-decran-2021-11-18-145600-768x403.png 768w\" sizes=\"(max-width: 786px) 100vw, 786px\" \/><\/figure><\/li><\/ul><\/figure>\n\n\n\n<div class=\"wp-block-columns content\">\n<div class=\"wp-block-column\" style=\"flex-basis:70%\">\n<p><a href=\"https:\/\/www.youtube.com\/watch?v=-skbjHX6g_Y\">ICOM France<\/a><\/p>\n\n\n\n<p><strong><a href=\"https:\/\/www.youtube.com\/watch?v=-skbjHX6g_Y\">\u00ab&nbsp;Faire \u00e9quipe&nbsp;\u00bb, journ\u00e9e de d\u00e9bats professionnels d&rsquo;ICOM France au mus\u00e9e national du Sport \u00e0 Nice<\/a><\/strong><\/p>\n<\/div>\n\n\n\n<div class=\"wp-block-column containerDownload\" style=\"flex-basis:10%\"><\/div>\n<\/div>\n<\/div>\n<\/div>\n\n\n\n<div class=\"wp-block-columns publication\">\n<div class=\"wp-block-column\">\n<figure class=\"wp-block-gallery columns-1 is-cropped\"><ul class=\"blocks-gallery-grid\"><li class=\"blocks-gallery-item\"><figure><img loading=\"lazy\" width=\"969\" height=\"448\" src=\"https:\/\/preprod.beauxarts-cie.com\/consulting\/wp-content\/uploads\/sites\/3\/2021\/11\/Capture-decran-2021-11-18-150726.png\" alt=\"\" data-id=\"662\" data-full-url=\"https:\/\/preprod.beauxarts-cie.com\/consulting\/wp-content\/uploads\/sites\/3\/2021\/11\/Capture-decran-2021-11-18-150726.png\" data-link=\"https:\/\/preprod.beauxarts-cie.com\/consulting\/actualites\/capture-decran-2021-11-18-150726\/\" class=\"wp-image-662\" srcset=\"https:\/\/preprod.beauxarts-cie.com\/consulting\/wp-content\/uploads\/sites\/3\/2021\/11\/Capture-decran-2021-11-18-150726.png 969w, https:\/\/preprod.beauxarts-cie.com\/consulting\/wp-content\/uploads\/sites\/3\/2021\/11\/Capture-decran-2021-11-18-150726-300x139.png 300w, https:\/\/preprod.beauxarts-cie.com\/consulting\/wp-content\/uploads\/sites\/3\/2021\/11\/Capture-decran-2021-11-18-150726-768x355.png 768w\" sizes=\"(max-width: 969px) 100vw, 969px\" \/><\/figure><\/li><\/ul><\/figure>\n\n\n\n<div class=\"wp-block-columns content\">\n<div class=\"wp-block-column\" style=\"flex-basis:70%\">\n<p><a href=\"https:\/\/www.sitem.fr\/start-up-contest\/\">SITEM<\/a><\/p>\n\n\n\n<p><a href=\"https:\/\/www.sitem.fr\/start-up-contest\/\"> <strong>Start-u<\/strong><\/a><strong><a href=\"https:\/\/www.sitem.fr\/start-up-contest\/\">p Contest <\/a><\/strong><br><\/p>\n<\/div>\n<\/div>\n<\/div>\n\n\n\n<div class=\"wp-block-column\">\n<figure class=\"wp-block-image size-full\"><a href=\"https:\/\/www.strategies.fr\/actualites\/medias\/4061193W\/-beaux-arts-se-construit-autour-de-son-pole-media-.html\" target=\"_blank\" rel=\"noopener\"><img loading=\"lazy\" width=\"750\" height=\"400\" src=\"https:\/\/preprod.beauxarts-cie.com\/consulting\/wp-content\/uploads\/sites\/3\/2021\/11\/Strategies.jpg\" alt=\"\" class=\"wp-image-600\" srcset=\"https:\/\/preprod.beauxarts-cie.com\/consulting\/wp-content\/uploads\/sites\/3\/2021\/11\/Strategies.jpg 750w, https:\/\/preprod.beauxarts-cie.com\/consulting\/wp-content\/uploads\/sites\/3\/2021\/11\/Strategies-300x160.jpg 300w\" sizes=\"(max-width: 750px) 100vw, 750px\" \/><\/a><\/figure>\n\n\n\n<div class=\"wp-block-columns content\">\n<div class=\"wp-block-column\" style=\"flex-basis:70%\">\n<p><a href=\"https:\/\/www.strategies.fr\/actualites\/medias\/4061193W\/-beaux-arts-se-construit-autour-de-son-pole-media-.html\" target=\"_blank\" rel=\"noreferrer noopener\">Strat\u00e9gie<\/a><\/p>\n\n\n\n<p><strong><a href=\"https:\/\/www.strategies.fr\/actualites\/medias\/4061193W\/-beaux-arts-se-construit-autour-de-son-pole-media-.html\" target=\"_blank\" rel=\"noreferrer noopener\">Beaux Arts se construit autour de son p\u00f4le m\u00e9dia<\/a><\/strong><\/p>\n<\/div>\n<\/div>\n<\/div>\n<\/div>\n\n\n\n<div class=\"wp-block-columns publication\">\n<div class=\"wp-block-column\">\n<figure class=\"wp-block-image size-full\"><img loading=\"lazy\" width=\"751\" height=\"433\" src=\"https:\/\/preprod.beauxarts-cie.com\/consulting\/wp-content\/uploads\/sites\/3\/2021\/11\/Capture-decran-2021-11-18-150823.png\" alt=\"\" class=\"wp-image-663\" srcset=\"https:\/\/preprod.beauxarts-cie.com\/consulting\/wp-content\/uploads\/sites\/3\/2021\/11\/Capture-decran-2021-11-18-150823.png 751w, https:\/\/preprod.beauxarts-cie.com\/consulting\/wp-content\/uploads\/sites\/3\/2021\/11\/Capture-decran-2021-11-18-150823-300x173.png 300w\" sizes=\"(max-width: 751px) 100vw, 751px\" \/><\/figure>\n\n\n\n<div class=\"wp-block-columns content\">\n<div class=\"wp-block-column\" style=\"flex-basis:70%\">\n<p><a href=\"https:\/\/www.influencia.net\/solenne-blanc-beaux-arts-construit-offre-complete-pour-acteurs-culture\/\" target=\"_blank\" rel=\"noreferrer noopener\">Influencia<\/a><\/p>\n\n\n\n<p><a href=\"https:\/\/www.influencia.net\/solenne-blanc-beaux-arts-construit-offre-complete-pour-acteurs-culture\/\" target=\"_blank\" rel=\"noreferrer noopener\"> <strong>Beaux Arts construit une offre compl\u00e8te pour les acteurs de la culture <\/strong><\/a><br><\/p>\n<\/div>\n<\/div>\n<\/div>\n\n\n\n<div class=\"wp-block-column\">\n<figure class=\"wp-block-image size-large\"><img src=\"https:\/\/preprod.beauxarts-cie.com\/wp-content\/uploads\/2020\/04\/Homepage_2.-Actu-Art-Market-Day.png\" alt=\"\" class=\"wp-image-382\" \/><\/figure>\n\n\n\n<div class=\"wp-block-columns content\">\n<div class=\"wp-block-column\" style=\"flex-basis:70%\">\n<p>Synth\u00e8se de la 2<sup>\u00e8me<\/sup> \u00e9dition du Art Market Day<\/p>\n\n\n\n<p><\/p>\n<\/div>\n\n\n\n<div class=\"wp-block-column containerDownload\" style=\"flex-basis:10%\">\n<figure class=\"wp-block-image size-large publiDownload\"><a href=\"https:\/\/preprod.beauxarts-cie.com\/wp-content\/uploads\/2020\/04\/Publications_1.Art-Market-Day.pdf\" target=\"_blank\" rel=\"noopener noreferrer\"><img src=\"https:\/\/preprod.beauxarts-cie.com\/wp-content\/uploads\/2020\/04\/download.svg\" alt=\"T\u00e9l\u00e9charger\" class=\"wp-image-93\" \/><\/a><\/figure>\n<\/div>\n<\/div>\n<\/div>\n<\/div>\n\n\n\n<div class=\"wp-block-columns publication\">\n<div class=\"wp-block-column\">\n<figure class=\"wp-block-image size-large\"><img src=\"https:\/\/preprod.beauxarts-cie.com\/wp-content\/uploads\/2020\/04\/Publications_2.-Rapport-GDC-e1585900540494.jpg\" alt=\"\" class=\"wp-image-455\" \/><\/figure>\n\n\n\n<div class=\"wp-block-columns content\">\n<div class=\"wp-block-column\" style=\"flex-basis:70%\">\n<p>Le Grand D\u00e9bat de la Culture :<br> rapport et propositions phares<\/p>\n<\/div>\n\n\n\n<div class=\"wp-block-column containerDownload\" style=\"flex-basis:10%\">\n<figure class=\"wp-block-image size-large publiDownload\"><a href=\"https:\/\/preprod.beauxarts-cie.com\/wp-content\/uploads\/2020\/04\/Synthe\u0300se-et-rapport-GDC.pdf\" target=\"_blank\" rel=\"noopener noreferrer\"><img src=\"https:\/\/preprod.beauxarts-cie.com\/wp-content\/uploads\/2020\/04\/download.svg\" alt=\"T\u00e9l\u00e9charger\" class=\"wp-image-93\" \/><\/a><\/figure>\n<\/div>\n<\/div>\n<\/div>\n\n\n\n<div class=\"wp-block-column\">\n<div class=\"wp-block-columns content\">\n<div class=\"wp-block-column\" style=\"flex-basis:70%\">\n<p><\/p>\n<\/div>\n\n\n\n<div class=\"wp-block-column containerDownload\" style=\"flex-basis:10%\"><\/div>\n<\/div>\n<\/div>\n<\/div>\n","protected":false},"excerpt":{"rendered":"<p>Beaux Arts Consulting &amp; CENTQUATRE-PARIS Communiqu\u00e9 de Presse : lancement d&rsquo;une offre d&rsquo;ing\u00e9nierie culturelle commune Salon Museva 2021 Les privatisations : quelle place au sein des institutions culturelles ? Heritech Forum 2021 Dialogue Territoires &#8211; Etat autour de la valorisation num\u00e9rique des patrimoines ICOM France \u00ab&nbsp;Faire \u00e9quipe&nbsp;\u00bb, journ\u00e9e de d\u00e9bats professionnels d&rsquo;ICOM France au mus\u00e9e [&hellip;]<\/p>\n","protected":false},"author":12,"featured_media":0,"parent":0,"menu_order":0,"comment_status":"closed","ping_status":"closed","template":"","meta":[],"yoast_head":"<!-- This site is optimized with the Yoast SEO plugin v18.0 - https:\/\/yoast.com\/wordpress\/plugins\/seo\/ -->\n<meta name=\"robots\" content=\"index, follow, max-snippet:-1, max-image-preview:large, max-video-preview:-1\" \/>\n<link rel=\"canonical\" href=\"https:\/\/preprod.beauxarts-cie.com\/consulting\/actualites\/\" \/>\n<meta property=\"og:locale\" content=\"fr_FR\" \/>\n<meta property=\"og:type\" content=\"article\" \/>\n<meta property=\"og:title\" content=\"Actualit\u00e9s - Beaux Arts Consulting\" \/>\n<meta property=\"og:description\" content=\"Beaux Arts Consulting &amp; CENTQUATRE-PARIS Communiqu\u00e9 de Presse : lancement d&rsquo;une offre d&rsquo;ing\u00e9nierie culturelle commune Salon Museva 2021 Les privatisations : quelle place au sein des institutions culturelles ? Heritech Forum 2021 Dialogue Territoires &#8211; Etat autour de la valorisation num\u00e9rique des patrimoines ICOM France \u00ab&nbsp;Faire \u00e9quipe&nbsp;\u00bb, journ\u00e9e de d\u00e9bats professionnels d&rsquo;ICOM France au mus\u00e9e [&hellip;]\" \/>\n<meta property=\"og:url\" content=\"https:\/\/preprod.beauxarts-cie.com\/consulting\/actualites\/\" \/>\n<meta property=\"og:site_name\" content=\"Beaux Arts Consulting\" \/>\n<meta property=\"article:modified_time\" content=\"2021-11-18T14:24:38+00:00\" \/>\n<meta property=\"og:image\" content=\"https:\/\/preprod.beauxarts-cie.com\/consulting\/wp-content\/uploads\/sites\/3\/2021\/11\/Capture-decran-2021-11-18-151006-1024x523.png\" \/>\n<meta name=\"twitter:card\" content=\"summary_large_image\" \/>\n<meta name=\"twitter:label1\" content=\"Dur\u00e9e de lecture estim\u00e9e\" \/>\n\t<meta name=\"twitter:data1\" content=\"3 minutes\" \/>\n<script type=\"application\/ld+json\" class=\"yoast-schema-graph\">{\"@context\":\"https:\/\/schema.org\",\"@graph\":[{\"@type\":\"WebSite\",\"@id\":\"https:\/\/preprod.beauxarts-cie.com\/consulting\/#website\",\"url\":\"https:\/\/preprod.beauxarts-cie.com\/consulting\/\",\"name\":\"Beaux Arts Consulting\",\"description\":\"Conseil en strat\u00e9gie, innovation et ing\u00e9nierie culturelle\",\"potentialAction\":[{\"@type\":\"SearchAction\",\"target\":{\"@type\":\"EntryPoint\",\"urlTemplate\":\"https:\/\/preprod.beauxarts-cie.com\/consulting\/?s={search_term_string}\"},\"query-input\":\"required name=search_term_string\"}],\"inLanguage\":\"fr-FR\"},{\"@type\":\"ImageObject\",\"@id\":\"https:\/\/preprod.beauxarts-cie.com\/consulting\/actualites\/#primaryimage\",\"inLanguage\":\"fr-FR\",\"url\":\"https:\/\/preprod.beauxarts-cie.com\/consulting\/wp-content\/uploads\/sites\/3\/2021\/11\/Capture-decran-2021-11-18-151006.png\",\"contentUrl\":\"https:\/\/preprod.beauxarts-cie.com\/consulting\/wp-content\/uploads\/sites\/3\/2021\/11\/Capture-decran-2021-11-18-151006.png\",\"width\":1146,\"height\":585},{\"@type\":\"WebPage\",\"@id\":\"https:\/\/preprod.beauxarts-cie.com\/consulting\/actualites\/#webpage\",\"url\":\"https:\/\/preprod.beauxarts-cie.com\/consulting\/actualites\/\",\"name\":\"Actualit\u00e9s - Beaux Arts Consulting\",\"isPartOf\":{\"@id\":\"https:\/\/preprod.beauxarts-cie.com\/consulting\/#website\"},\"primaryImageOfPage\":{\"@id\":\"https:\/\/preprod.beauxarts-cie.com\/consulting\/actualites\/#primaryimage\"},\"datePublished\":\"2020-04-06T08:13:18+00:00\",\"dateModified\":\"2021-11-18T14:24:38+00:00\",\"breadcrumb\":{\"@id\":\"https:\/\/preprod.beauxarts-cie.com\/consulting\/actualites\/#breadcrumb\"},\"inLanguage\":\"fr-FR\",\"potentialAction\":[{\"@type\":\"ReadAction\",\"target\":[\"https:\/\/preprod.beauxarts-cie.com\/consulting\/actualites\/\"]}]},{\"@type\":\"BreadcrumbList\",\"@id\":\"https:\/\/preprod.beauxarts-cie.com\/consulting\/actualites\/#breadcrumb\",\"itemListElement\":[{\"@type\":\"ListItem\",\"position\":1,\"name\":\"Actualit\u00e9s\"}]}]}<\/script>\n<!-- \/ Yoast SEO plugin. -->","yoast_head_json":{"robots":{"index":"index","follow":"follow","max-snippet":"max-snippet:-1","max-image-preview":"max-image-preview:large","max-video-preview":"max-video-preview:-1"},"canonical":"https:\/\/preprod.beauxarts-cie.com\/consulting\/actualites\/","og_locale":"fr_FR","og_type":"article","og_title":"Actualit\u00e9s - Beaux Arts Consulting","og_description":"Beaux Arts Consulting &amp; CENTQUATRE-PARIS Communiqu\u00e9 de Presse : lancement d&rsquo;une offre d&rsquo;ing\u00e9nierie culturelle commune Salon Museva 2021 Les privatisations : quelle place au sein des institutions culturelles ? Heritech Forum 2021 Dialogue Territoires &#8211; Etat autour de la valorisation num\u00e9rique des patrimoines ICOM France \u00ab&nbsp;Faire \u00e9quipe&nbsp;\u00bb, journ\u00e9e de d\u00e9bats professionnels d&rsquo;ICOM France au mus\u00e9e [&hellip;]","og_url":"https:\/\/preprod.beauxarts-cie.com\/consulting\/actualites\/","og_site_name":"Beaux Arts Consulting","article_modified_time":"2021-11-18T14:24:38+00:00","og_image":[{"url":"https:\/\/preprod.beauxarts-cie.com\/consulting\/wp-content\/uploads\/sites\/3\/2021\/11\/Capture-decran-2021-11-18-151006-1024x523.png"}],"twitter_card":"summary_large_image","twitter_misc":{"Dur\u00e9e de lecture estim\u00e9e":"3 minutes"},"schema":{"@context":"https:\/\/schema.org","@graph":[{"@type":"WebSite","@id":"https:\/\/preprod.beauxarts-cie.com\/consulting\/#website","url":"https:\/\/preprod.beauxarts-cie.com\/consulting\/","name":"Beaux Arts Consulting","description":"Conseil en strat\u00e9gie, innovation et ing\u00e9nierie culturelle","potentialAction":[{"@type":"SearchAction","target":{"@type":"EntryPoint","urlTemplate":"https:\/\/preprod.beauxarts-cie.com\/consulting\/?s={search_term_string}"},"query-input":"required name=search_term_string"}],"inLanguage":"fr-FR"},{"@type":"ImageObject","@id":"https:\/\/preprod.beauxarts-cie.com\/consulting\/actualites\/#primaryimage","inLanguage":"fr-FR","url":"https:\/\/preprod.beauxarts-cie.com\/consulting\/wp-content\/uploads\/sites\/3\/2021\/11\/Capture-decran-2021-11-18-151006.png","contentUrl":"https:\/\/preprod.beauxarts-cie.com\/consulting\/wp-content\/uploads\/sites\/3\/2021\/11\/Capture-decran-2021-11-18-151006.png","width":1146,"height":585},{"@type":"WebPage","@id":"https:\/\/preprod.beauxarts-cie.com\/consulting\/actualites\/#webpage","url":"https:\/\/preprod.beauxarts-cie.com\/consulting\/actualites\/","name":"Actualit\u00e9s - Beaux Arts Consulting","isPartOf":{"@id":"https:\/\/preprod.beauxarts-cie.com\/consulting\/#website"},"primaryImageOfPage":{"@id":"https:\/\/preprod.beauxarts-cie.com\/consulting\/actualites\/#primaryimage"},"datePublished":"2020-04-06T08:13:18+00:00","dateModified":"2021-11-18T14:24:38+00:00","breadcrumb":{"@id":"https:\/\/preprod.beauxarts-cie.com\/consulting\/actualites\/#breadcrumb"},"inLanguage":"fr-FR","potentialAction":[{"@type":"ReadAction","target":["https:\/\/preprod.beauxarts-cie.com\/consulting\/actualites\/"]}]},{"@type":"BreadcrumbList","@id":"https:\/\/preprod.beauxarts-cie.com\/consulting\/actualites\/#breadcrumb","itemListElement":[{"@type":"ListItem","position":1,"name":"Actualit\u00e9s"}]}]}},"_links":{"self":[{"href":"https:\/\/preprod.beauxarts-cie.com\/consulting\/wp-json\/wp\/v2\/pages\/20"}],"collection":[{"href":"https:\/\/preprod.beauxarts-cie.com\/consulting\/wp-json\/wp\/v2\/pages"}],"about":[{"href":"https:\/\/preprod.beauxarts-cie.com\/consulting\/wp-json\/wp\/v2\/types\/page"}],"author":[{"embeddable":true,"href":"https:\/\/preprod.beauxarts-cie.com\/consulting\/wp-json\/wp\/v2\/users\/12"}],"replies":[{"embeddable":true,"href":"https:\/\/preprod.beauxarts-cie.com\/consulting\/wp-json\/wp\/v2\/comments?post=20"}],"version-history":[{"count":19,"href":"https:\/\/preprod.beauxarts-cie.com\/consulting\/wp-json\/wp\/v2\/pages\/20\/revisions"}],"predecessor-version":[{"id":675,"href":"https:\/\/preprod.beauxarts-cie.com\/consulting\/wp-json\/wp\/v2\/pages\/20\/revisions\/675"}],"wp:attachment":[{"href":"https:\/\/preprod.beauxarts-cie.com\/consulting\/wp-json\/wp\/v2\/media?parent=20"}],"curies":[{"name":"wp","href":"https:\/\/api.w.org\/{rel}","templated":true}]}}