{"id":19,"date":"2020-04-06T10:11:52","date_gmt":"2020-04-06T08:11:52","guid":{"rendered":"https:\/\/preprod.preprod.beauxarts-cie.com\/consulting\/?page_id=14"},"modified":"2020-08-04T15:17:11","modified_gmt":"2020-08-04T13:17:11","slug":"contact","status":"publish","type":"page","link":"https:\/\/preprod.beauxarts-cie.com\/consulting\/contact\/","title":{"rendered":"Contact"},"content":{"rendered":"\n<div class=\"wp-container-1 wp-block-group\"><div class=\"wp-block-group__inner-container\">\n<div class=\"wp-block-cover\" style=\"background-image:url(https:\/\/preprod.beauxarts-cie.com\/consulting\/wp-content\/uploads\/sites\/3\/2020\/04\/Meero-photo-88427470-003.jpg);background-position:50% 97%;min-height:335px\"><div class=\"wp-block-cover__inner-container\">\n<p class=\"has-text-align-center has-large-font-size\"><\/p>\n<\/div><\/div>\n\n\n\n<div class=\"wp-block-columns contact-content\">\n<div class=\"wp-block-column\">\n<h3>ADRESSE<\/h3>\n\n\n\n<p>9 boulevard de la Madeleine<br>75&nbsp;001 Paris<\/p>\n\n\n\n<div style=\"height:32px\" aria-hidden=\"true\" class=\"wp-block-spacer\"><\/div>\n\n\n\n<h3>CONTACT<\/h3>\n\n\n\n<p><a href=\"mailto:consulting@beauxarts.com\">consulting@beauxarts.com<\/a><\/p>\n\n\n\n<p>Accueil t\u00e9l\u00e9phonique<br><a href=\"tel:0187899101\">01 87 89 91 01<\/a><\/p>\n<\/div>\n\n\n\n<div class=\"wp-block-column form\">\n<h3 class=\"has-text-align-center\">NOUS \u00c9CRIRE <\/h3>\n\n\n\n<noscript class=\"ninja-forms-noscript-message\">\n\tRemarque\u00a0: JavaScript est requis pour ce contenu.<\/noscript>\n<div id=\"nf-form-2-cont\" class=\"nf-form-cont\" aria-live=\"polite\" aria-labelledby=\"nf-form-title-2\" aria-describedby=\"nf-form-errors-2\" role=\"form\">\n\n    <div class=\"nf-loading-spinner\"><\/div>\n\n<\/div>\n        <!-- That data is being printed as a workaround to page builders reordering the order of the scripts loaded-->\n        <script>var formDisplay=1;var nfForms=nfForms||[];var form=[];form.id='2';form.settings={\"objectType\":\"Form Setting\",\"editActive\":\"1\",\"title\":\"Nous \\u00e9crire\",\"created_at\":\"2020-04-23 06:54:47\",\"form_title\":\"Nous \\u00e9crire\",\"default_label_pos\":\"above\",\"show_title\":\"0\",\"clear_complete\":\"1\",\"hide_complete\":\"1\",\"logged_in\":\"0\",\"wrapper_class\":\"\",\"element_class\":\"\",\"key\":\"\",\"add_submit\":\"1\",\"currency\":\"\",\"unique_field_error\":\"Un formulaire avec cette valeur a d\\u00e9j\\u00e0 \\u00e9t\\u00e9 envoy\\u00e9.\",\"not_logged_in_msg\":\"\",\"sub_limit_msg\":\"Le formulaire a atteint sa limite d\\u2019entr\\u00e9es.\",\"calculations\":[],\"container_styles_show_advanced_css\":\"0\",\"title_styles_show_advanced_css\":\"0\",\"row_styles_show_advanced_css\":\"0\",\"row-odd_styles_show_advanced_css\":\"0\",\"success-msg_styles_show_advanced_css\":\"0\",\"error_msg_styles_show_advanced_css\":\"0\",\"formContentData\":[{\"order\":1,\"cells\":[{\"order\":0,\"fields\":[\"lastname_1587042973421\"],\"width\":\"50\"},{\"order\":1,\"fields\":[\"firstname_1587042973989\"],\"width\":\"50\"}]},{\"order\":3,\"cells\":[{\"order\":0,\"fields\":[\"adresse_email_1587043038052\"],\"width\":\"50\"},{\"order\":1,\"fields\":[\"telephone_1587043025868\"],\"width\":\"50\"}]},{\"order\":5,\"cells\":[{\"order\":0,\"fields\":[\"entreprise_1587043006480\"],\"width\":\"100\"}]},{\"order\":6,\"cells\":[{\"order\":0,\"fields\":[\"message_1587043012909\"],\"width\":\"100\"}]},{\"order\":9999,\"cells\":[{\"order\":0,\"fields\":[\"envoyer_1587043247588\"],\"width\":\"100\"}]}],\"changeEmailErrorMsg\":\"Veuillez saisir une adresse de messagerie valide. Ex\\u00a0: jean.dupont@gmail.com\",\"changeDateErrorMsg\":\"Veuillez saisir une date valide\\u00a0!\",\"confirmFieldErrorMsg\":\"Ces champs doivent correspondre\\u00a0!\",\"fieldNumberNumMinError\":\"Erreur de nombre min.\",\"fieldNumberNumMaxError\":\"Erreur de nombre max.\",\"fieldNumberIncrementBy\":\"Veuillez incr\\u00e9menter par \",\"formErrorsCorrectErrors\":\"Veuillez corriger les erreurs avant d\\u2019envoyer ce formulaire.\",\"validateRequiredField\":\"Ce champ est obligatoire.\",\"honeypotHoneypotError\":\"Erreur Honeypot\",\"fieldsMarkedRequired\":\"Les champs marqu\\u00e9s d\\u2019un <span class=\\\"ninja-forms-req-symbol\\\">*<\\\/span> sont obligatoires\",\"drawerDisabled\":\"\",\"allow_public_link\":0,\"embed_form\":\"\",\"ninjaForms\":\"Ninja Forms\",\"fieldTextareaRTEInsertLink\":\"Ins\\u00e9rer un lien\",\"fieldTextareaRTEInsertMedia\":\"Ins\\u00e9rer un m\\u00e9dia\",\"fieldTextareaRTESelectAFile\":\"S\\u00e9lectionnez un fichier\",\"formHoneypot\":\"Si vous \\u00eates un \\u00eatre humain et que vous voyez ce champ, veuillez le laisser vide.\",\"fileUploadOldCodeFileUploadInProgress\":\"T\\u00e9l\\u00e9versement du fichier en cours.\",\"fileUploadOldCodeFileUpload\":\"T\\u00c9L\\u00c9VERSEMENT DE FICHIER\",\"currencySymbol\":false,\"thousands_sep\":\"\\u00a0\",\"decimal_point\":\",\",\"siteLocale\":\"fr_FR\",\"dateFormat\":\"m\\\/d\\\/Y\",\"startOfWeek\":\"1\",\"of\":\"sur\",\"previousMonth\":\"Mois pr\\u00e9c\\u00e9dent\",\"nextMonth\":\"Mois suivant\",\"months\":[\"Janvier\",\"F\\u00e9vrier\",\"Mars\",\"Avril\",\"Mai\",\"Juin\",\"Juillet\",\"Ao\\u00fbt\",\"Septembre\",\"Octobre\",\"Novembre\",\"D\\u00e9cembre\"],\"monthsShort\":[\"Jan\",\"F\\u00e9v\",\"Mar\",\"Avr\",\"Mai\",\"Juin\",\"Juil\",\"Ao\\u00fb\",\"Sep\",\"Oct\",\"Nov\",\"D\\u00e9c\"],\"weekdays\":[\"Dimanche\",\"Lundi\",\"Mardi\",\"Mercredi\",\"Jeudi\",\"Vendredi\",\"Samedi\"],\"weekdaysShort\":[\"Dim\",\"Lun\",\"Mar\",\"Mer\",\"Jeu\",\"Ven\",\"Sam\"],\"weekdaysMin\":[\"Di\",\"Lu\",\"Ma\",\"Me\",\"Je\",\"Ve\",\"Sa\"],\"recaptchaConsentMissing\":\"reCaptcha validation couldn&#039;t load.\",\"recaptchaMissingCookie\":\"reCaptcha v3 validation couldn&#039;t load the cookie needed to submit the form.\",\"recaptchaConsentEvent\":\"Accept reCaptcha cookies before sending the form.\",\"currency_symbol\":\"\",\"beforeForm\":\"\",\"beforeFields\":\"\",\"afterFields\":\"\",\"afterForm\":\"\"};form.fields=[{\"objectType\":\"Field\",\"objectDomain\":\"fields\",\"editActive\":false,\"order\":1,\"type\":\"lastname\",\"label\":\"Nom\",\"key\":\"lastname_1587042973421\",\"label_pos\":\"hidden\",\"required\":1,\"default\":\"\",\"placeholder\":\"Nom\",\"container_class\":\"\",\"element_class\":\"\",\"admin_label\":\"\",\"help_text\":\"\",\"custom_name_attribute\":\"lname\",\"personally_identifiable\":1,\"wrap_styles_border\":\"\",\"wrap_styles_width\":\"\",\"wrap_styles_margin\":\"\",\"wrap_styles_padding\":\"\",\"wrap_styles_float\":\"\",\"wrap_styles_show_advanced_css\":0,\"label_styles_border\":\"\",\"label_styles_width\":\"\",\"label_styles_font-size\":\"\",\"label_styles_margin\":\"\",\"label_styles_padding\":\"\",\"label_styles_float\":\"\",\"label_styles_show_advanced_css\":0,\"element_styles_border\":\"\",\"element_styles_width\":\"\",\"element_styles_font-size\":\"\",\"element_styles_margin\":\"\",\"element_styles_padding\":\"\",\"element_styles_float\":\"\",\"element_styles_show_advanced_css\":0,\"cellcid\":\"c3288\",\"value\":\"\",\"drawerDisabled\":\"\",\"field_label\":\"Nom\",\"field_key\":\"lastname_1587042973421\",\"id\":5,\"beforeField\":\"\",\"afterField\":\"\",\"parentType\":\"lastname\",\"element_templates\":[\"lastname\",\"input\"],\"old_classname\":\"\",\"wrap_template\":\"wrap\"},{\"objectType\":\"Field\",\"objectDomain\":\"fields\",\"editActive\":false,\"order\":2,\"type\":\"firstname\",\"label\":\"Pr\\u00e9nom\",\"key\":\"firstname_1587042973989\",\"label_pos\":\"hidden\",\"required\":1,\"default\":\"\",\"placeholder\":\"Pr\\u00e9nom\",\"container_class\":\"\",\"element_class\":\"\",\"admin_label\":\"\",\"help_text\":\"\",\"custom_name_attribute\":\"fname\",\"personally_identifiable\":1,\"wrap_styles_border\":\"\",\"wrap_styles_width\":\"\",\"wrap_styles_margin\":\"\",\"wrap_styles_padding\":\"\",\"wrap_styles_float\":\"\",\"wrap_styles_show_advanced_css\":0,\"label_styles_border\":\"\",\"label_styles_width\":\"\",\"label_styles_font-size\":\"\",\"label_styles_margin\":\"\",\"label_styles_padding\":\"\",\"label_styles_float\":\"\",\"label_styles_show_advanced_css\":0,\"element_styles_border\":\"\",\"element_styles_width\":\"\",\"element_styles_font-size\":\"\",\"element_styles_margin\":\"\",\"element_styles_padding\":\"\",\"element_styles_float\":\"\",\"element_styles_show_advanced_css\":0,\"cellcid\":\"c3291\",\"value\":\"\",\"field_label\":\"Pr\\u00e9nom\",\"field_key\":\"firstname_1587042973989\",\"id\":6,\"beforeField\":\"\",\"afterField\":\"\",\"parentType\":\"firstname\",\"element_templates\":[\"firstname\",\"input\"],\"old_classname\":\"\",\"wrap_template\":\"wrap\"},{\"objectType\":\"Field\",\"objectDomain\":\"fields\",\"editActive\":false,\"order\":3,\"type\":\"email\",\"label\":\"Adresse email\",\"key\":\"adresse_email_1587043038052\",\"label_pos\":\"hidden\",\"required\":1,\"default\":\"\",\"placeholder\":\"Adresse email\",\"container_class\":\"\",\"element_class\":\"\",\"admin_label\":\"\",\"help_text\":\"\",\"custom_name_attribute\":\"email\",\"personally_identifiable\":1,\"wrap_styles_border\":\"\",\"wrap_styles_width\":\"\",\"wrap_styles_margin\":\"\",\"wrap_styles_padding\":\"\",\"wrap_styles_float\":\"\",\"wrap_styles_show_advanced_css\":0,\"label_styles_border\":\"\",\"label_styles_width\":\"\",\"label_styles_font-size\":\"\",\"label_styles_margin\":\"\",\"label_styles_padding\":\"\",\"label_styles_float\":\"\",\"label_styles_show_advanced_css\":0,\"element_styles_border\":\"\",\"element_styles_width\":\"\",\"element_styles_font-size\":\"\",\"element_styles_margin\":\"\",\"element_styles_padding\":\"\",\"element_styles_float\":\"\",\"element_styles_show_advanced_css\":0,\"cellcid\":\"c3294\",\"value\":\"\",\"field_label\":\"Adresse email\",\"field_key\":\"adresse_email_1587043038052\",\"id\":7,\"beforeField\":\"\",\"afterField\":\"\",\"parentType\":\"email\",\"element_templates\":[\"email\",\"input\"],\"old_classname\":\"\",\"wrap_template\":\"wrap\"},{\"objectType\":\"Field\",\"objectDomain\":\"fields\",\"editActive\":false,\"order\":4,\"type\":\"phone\",\"label\":\"T\\u00e9l\\u00e9phone\",\"key\":\"telephone_1587043025868\",\"label_pos\":\"hidden\",\"required\":0,\"default\":\"\",\"placeholder\":\"T\\u00e9l\\u00e9phone\",\"container_class\":\"\",\"element_class\":\"\",\"input_limit\":\"\",\"input_limit_type\":\"characters\",\"input_limit_msg\":\"Caract\\u00e8re(s) restant(s)\",\"manual_key\":\"\",\"admin_label\":\"\",\"help_text\":\"\",\"mask\":\"\",\"custom_mask\":\"\",\"custom_name_attribute\":\"phone\",\"personally_identifiable\":1,\"wrap_styles_border\":\"\",\"wrap_styles_width\":\"\",\"wrap_styles_margin\":\"\",\"wrap_styles_padding\":\"\",\"wrap_styles_float\":\"\",\"wrap_styles_show_advanced_css\":0,\"label_styles_border\":\"\",\"label_styles_width\":\"\",\"label_styles_font-size\":\"\",\"label_styles_margin\":\"\",\"label_styles_padding\":\"\",\"label_styles_float\":\"\",\"label_styles_show_advanced_css\":0,\"element_styles_border\":\"\",\"element_styles_width\":\"\",\"element_styles_font-size\":\"\",\"element_styles_margin\":\"\",\"element_styles_padding\":\"\",\"element_styles_float\":\"\",\"element_styles_show_advanced_css\":0,\"cellcid\":\"c3296\",\"value\":\"\",\"field_label\":\"T\\u00e9l\\u00e9phone\",\"field_key\":\"telephone_1587043025868\",\"id\":8,\"beforeField\":\"\",\"afterField\":\"\",\"parentType\":\"textbox\",\"element_templates\":[\"tel\",\"textbox\",\"input\"],\"old_classname\":\"\",\"wrap_template\":\"wrap\"},{\"objectType\":\"Field\",\"objectDomain\":\"fields\",\"editActive\":false,\"order\":5,\"type\":\"textbox\",\"label\":\"Entreprise\",\"key\":\"entreprise_1587043006480\",\"label_pos\":\"hidden\",\"required\":1,\"default\":\"\",\"placeholder\":\"Entreprise\",\"container_class\":\"\",\"element_class\":\"\",\"input_limit\":\"\",\"input_limit_type\":\"characters\",\"input_limit_msg\":\"Caract\\u00e8re(s) restant(s)\",\"manual_key\":\"\",\"admin_label\":\"\",\"help_text\":\"\",\"mask\":\"\",\"custom_mask\":\"\",\"custom_name_attribute\":\"\",\"personally_identifiable\":\"\",\"wrap_styles_border\":\"\",\"wrap_styles_width\":\"\",\"wrap_styles_margin\":\"\",\"wrap_styles_padding\":\"\",\"wrap_styles_float\":\"\",\"wrap_styles_show_advanced_css\":0,\"label_styles_border\":\"\",\"label_styles_width\":\"\",\"label_styles_font-size\":\"\",\"label_styles_margin\":\"\",\"label_styles_padding\":\"\",\"label_styles_float\":\"\",\"label_styles_show_advanced_css\":0,\"element_styles_border\":\"\",\"element_styles_width\":\"\",\"element_styles_font-size\":\"\",\"element_styles_margin\":\"\",\"element_styles_padding\":\"\",\"element_styles_float\":\"\",\"element_styles_show_advanced_css\":0,\"cellcid\":\"c3299\",\"value\":\"\",\"field_label\":\"Entreprise\",\"field_key\":\"entreprise_1587043006480\",\"id\":9,\"beforeField\":\"\",\"afterField\":\"\",\"parentType\":\"textbox\",\"element_templates\":[\"textbox\",\"input\"],\"old_classname\":\"\",\"wrap_template\":\"wrap\"},{\"objectType\":\"Field\",\"objectDomain\":\"fields\",\"editActive\":false,\"order\":6,\"type\":\"textarea\",\"label\":\"Message\",\"key\":\"message_1587043012909\",\"label_pos\":\"hidden\",\"required\":1,\"default\":\"\",\"placeholder\":\"Message\",\"container_class\":\"\",\"element_class\":\"\",\"input_limit\":\"\",\"input_limit_type\":\"characters\",\"input_limit_msg\":\"Caract\\u00e8re(s) restant(s)\",\"manual_key\":\"\",\"admin_label\":\"\",\"help_text\":\"\",\"textarea_rte\":\"\",\"disable_rte_mobile\":\"\",\"textarea_media\":\"\",\"wrap_styles_border\":\"\",\"wrap_styles_width\":\"\",\"wrap_styles_margin\":\"\",\"wrap_styles_padding\":\"\",\"wrap_styles_float\":\"\",\"wrap_styles_show_advanced_css\":0,\"label_styles_border\":\"\",\"label_styles_width\":\"\",\"label_styles_font-size\":\"\",\"label_styles_margin\":\"\",\"label_styles_padding\":\"\",\"label_styles_float\":\"\",\"label_styles_show_advanced_css\":0,\"element_styles_border\":\"\",\"element_styles_width\":\"\",\"element_styles_font-size\":\"\",\"element_styles_margin\":\"\",\"element_styles_padding\":\"\",\"element_styles_float\":\"\",\"element_styles_show_advanced_css\":0,\"cellcid\":\"c3302\",\"value\":\"\",\"field_label\":\"Message\",\"field_key\":\"message_1587043012909\",\"id\":10,\"beforeField\":\"\",\"afterField\":\"\",\"parentType\":\"textarea\",\"element_templates\":[\"textarea\",\"input\"],\"old_classname\":\"\",\"wrap_template\":\"wrap\"},{\"objectType\":\"Field\",\"objectDomain\":\"fields\",\"editActive\":false,\"order\":9999,\"type\":\"submit\",\"label\":\"Envoyer\",\"processing_label\":\"Processing\",\"container_class\":\"\",\"element_class\":\"\",\"key\":\"envoyer_1587043247588\",\"wrap_styles_show_advanced_css\":0,\"element_styles_show_advanced_css\":0,\"submit_element_hover_styles_show_advanced_css\":0,\"cellcid\":\"c3305\",\"wrap_styles_border\":\"\",\"wrap_styles_width\":\"\",\"wrap_styles_margin\":\"\",\"wrap_styles_padding\":\"\",\"wrap_styles_float\":\"\",\"element_styles_border\":\"\",\"element_styles_width\":\"\",\"element_styles_font-size\":\"\",\"element_styles_margin\":\"\",\"element_styles_padding\":\"\",\"element_styles_float\":\"\",\"submit_element_hover_styles_border\":\"\",\"submit_element_hover_styles_width\":\"\",\"submit_element_hover_styles_font-size\":\"\",\"submit_element_hover_styles_margin\":\"\",\"submit_element_hover_styles_padding\":\"\",\"submit_element_hover_styles_float\":\"\",\"drawerDisabled\":\"\",\"field_label\":\"Envoyer\",\"field_key\":\"envoyer_1587043247588\",\"id\":11,\"beforeField\":\"\",\"afterField\":\"\",\"value\":\"\",\"label_pos\":\"above\",\"parentType\":\"textbox\",\"element_templates\":[\"submit\",\"button\",\"input\"],\"old_classname\":\"\",\"wrap_template\":\"wrap-no-label\"}];nfForms.push(form);<\/script>\n                <script id=\"nf-tmpl-cell\" type=\"text\/template\">\n            <nf-fields><\/nf-fields>\n        <\/script>\n\n        <script id=\"nf-tmpl-row\" type=\"text\/template\">\n            <nf-cells><\/nf-cells>\n        <\/script>\n\n        \n<\/div>\n<\/div>\n<\/div><\/div>\n\n\n\n<p><\/p>\n","protected":false},"excerpt":{"rendered":"<p>ADRESSE 9 boulevard de la Madeleine75&nbsp;001 Paris CONTACT consulting@beauxarts.com Accueil t\u00e9l\u00e9phonique01 87 89 91 01 NOUS \u00c9CRIRE<\/p>\n","protected":false},"author":1,"featured_media":0,"parent":0,"menu_order":0,"comment_status":"closed","ping_status":"closed","template":"tpl-page-contact.php","meta":[],"yoast_head":"<!-- This site is optimized with the Yoast SEO plugin v18.0 - https:\/\/yoast.com\/wordpress\/plugins\/seo\/ -->\n<meta name=\"robots\" content=\"index, follow, max-snippet:-1, max-image-preview:large, max-video-preview:-1\" \/>\n<link rel=\"canonical\" href=\"https:\/\/preprod.beauxarts-cie.com\/consulting\/contact\/\" \/>\n<meta property=\"og:locale\" content=\"fr_FR\" \/>\n<meta property=\"og:type\" content=\"article\" \/>\n<meta property=\"og:title\" content=\"Contact - Beaux Arts Consulting\" \/>\n<meta property=\"og:description\" content=\"ADRESSE 9 boulevard de la Madeleine75&nbsp;001 Paris CONTACT consulting@beauxarts.com Accueil t\u00e9l\u00e9phonique01 87 89 91 01 NOUS \u00c9CRIRE\" \/>\n<meta property=\"og:url\" content=\"https:\/\/preprod.beauxarts-cie.com\/consulting\/contact\/\" \/>\n<meta property=\"og:site_name\" content=\"Beaux Arts Consulting\" \/>\n<meta property=\"article:modified_time\" content=\"2020-08-04T13:17:11+00:00\" \/>\n<meta name=\"twitter:card\" content=\"summary_large_image\" \/>\n<script type=\"application\/ld+json\" class=\"yoast-schema-graph\">{\"@context\":\"https:\/\/schema.org\",\"@graph\":[{\"@type\":\"WebSite\",\"@id\":\"https:\/\/preprod.beauxarts-cie.com\/consulting\/#website\",\"url\":\"https:\/\/preprod.beauxarts-cie.com\/consulting\/\",\"name\":\"Beaux Arts Consulting\",\"description\":\"Conseil en strat\u00e9gie, innovation et ing\u00e9nierie culturelle\",\"potentialAction\":[{\"@type\":\"SearchAction\",\"target\":{\"@type\":\"EntryPoint\",\"urlTemplate\":\"https:\/\/preprod.beauxarts-cie.com\/consulting\/?s={search_term_string}\"},\"query-input\":\"required name=search_term_string\"}],\"inLanguage\":\"fr-FR\"},{\"@type\":\"WebPage\",\"@id\":\"https:\/\/preprod.beauxarts-cie.com\/consulting\/contact\/#webpage\",\"url\":\"https:\/\/preprod.beauxarts-cie.com\/consulting\/contact\/\",\"name\":\"Contact - Beaux Arts Consulting\",\"isPartOf\":{\"@id\":\"https:\/\/preprod.beauxarts-cie.com\/consulting\/#website\"},\"datePublished\":\"2020-04-06T08:11:52+00:00\",\"dateModified\":\"2020-08-04T13:17:11+00:00\",\"breadcrumb\":{\"@id\":\"https:\/\/preprod.beauxarts-cie.com\/consulting\/contact\/#breadcrumb\"},\"inLanguage\":\"fr-FR\",\"potentialAction\":[{\"@type\":\"ReadAction\",\"target\":[\"https:\/\/preprod.beauxarts-cie.com\/consulting\/contact\/\"]}]},{\"@type\":\"BreadcrumbList\",\"@id\":\"https:\/\/preprod.beauxarts-cie.com\/consulting\/contact\/#breadcrumb\",\"itemListElement\":[{\"@type\":\"ListItem\",\"position\":1,\"name\":\"Contact\"}]}]}<\/script>\n<!-- \/ Yoast SEO plugin. -->","yoast_head_json":{"robots":{"index":"index","follow":"follow","max-snippet":"max-snippet:-1","max-image-preview":"max-image-preview:large","max-video-preview":"max-video-preview:-1"},"canonical":"https:\/\/preprod.beauxarts-cie.com\/consulting\/contact\/","og_locale":"fr_FR","og_type":"article","og_title":"Contact - Beaux Arts Consulting","og_description":"ADRESSE 9 boulevard de la Madeleine75&nbsp;001 Paris CONTACT consulting@beauxarts.com Accueil t\u00e9l\u00e9phonique01 87 89 91 01 NOUS \u00c9CRIRE","og_url":"https:\/\/preprod.beauxarts-cie.com\/consulting\/contact\/","og_site_name":"Beaux Arts Consulting","article_modified_time":"2020-08-04T13:17:11+00:00","twitter_card":"summary_large_image","schema":{"@context":"https:\/\/schema.org","@graph":[{"@type":"WebSite","@id":"https:\/\/preprod.beauxarts-cie.com\/consulting\/#website","url":"https:\/\/preprod.beauxarts-cie.com\/consulting\/","name":"Beaux Arts Consulting","description":"Conseil en strat\u00e9gie, innovation et ing\u00e9nierie culturelle","potentialAction":[{"@type":"SearchAction","target":{"@type":"EntryPoint","urlTemplate":"https:\/\/preprod.beauxarts-cie.com\/consulting\/?s={search_term_string}"},"query-input":"required name=search_term_string"}],"inLanguage":"fr-FR"},{"@type":"WebPage","@id":"https:\/\/preprod.beauxarts-cie.com\/consulting\/contact\/#webpage","url":"https:\/\/preprod.beauxarts-cie.com\/consulting\/contact\/","name":"Contact - Beaux Arts Consulting","isPartOf":{"@id":"https:\/\/preprod.beauxarts-cie.com\/consulting\/#website"},"datePublished":"2020-04-06T08:11:52+00:00","dateModified":"2020-08-04T13:17:11+00:00","breadcrumb":{"@id":"https:\/\/preprod.beauxarts-cie.com\/consulting\/contact\/#breadcrumb"},"inLanguage":"fr-FR","potentialAction":[{"@type":"ReadAction","target":["https:\/\/preprod.beauxarts-cie.com\/consulting\/contact\/"]}]},{"@type":"BreadcrumbList","@id":"https:\/\/preprod.beauxarts-cie.com\/consulting\/contact\/#breadcrumb","itemListElement":[{"@type":"ListItem","position":1,"name":"Contact"}]}]}},"_links":{"self":[{"href":"https:\/\/preprod.beauxarts-cie.com\/consulting\/wp-json\/wp\/v2\/pages\/19"}],"collection":[{"href":"https:\/\/preprod.beauxarts-cie.com\/consulting\/wp-json\/wp\/v2\/pages"}],"about":[{"href":"https:\/\/preprod.beauxarts-cie.com\/consulting\/wp-json\/wp\/v2\/types\/page"}],"author":[{"embeddable":true,"href":"https:\/\/preprod.beauxarts-cie.com\/consulting\/wp-json\/wp\/v2\/users\/1"}],"replies":[{"embeddable":true,"href":"https:\/\/preprod.beauxarts-cie.com\/consulting\/wp-json\/wp\/v2\/comments?post=19"}],"version-history":[{"count":4,"href":"https:\/\/preprod.beauxarts-cie.com\/consulting\/wp-json\/wp\/v2\/pages\/19\/revisions"}],"predecessor-version":[{"id":265,"href":"https:\/\/preprod.beauxarts-cie.com\/consulting\/wp-json\/wp\/v2\/pages\/19\/revisions\/265"}],"wp:attachment":[{"href":"https:\/\/preprod.beauxarts-cie.com\/consulting\/wp-json\/wp\/v2\/media?parent=19"}],"curies":[{"name":"wp","href":"https:\/\/api.w.org\/{rel}","templated":true}]}}